{"id":43109,"date":"2026-03-26T13:23:24","date_gmt":"2026-03-26T18:23:24","guid":{"rendered":"https:\/\/dif.qroo.gob.mx\/?page_id=43109"},"modified":"2026-03-31T14:32:55","modified_gmt":"2026-03-31T19:32:55","slug":"catalogo-de-tramites-y-servicios-con-costos-y-requisitos-del-sistema-para-el-desarrollo-integral-de-la-familia-del-estado-de-quintana-roo","status":"publish","type":"page","link":"https:\/\/dif.qroo.gob.mx\/index.php\/catalogo-de-tramites-y-servicios-con-costos-y-requisitos-del-sistema-para-el-desarrollo-integral-de-la-familia-del-estado-de-quintana-roo\/","title":{"rendered":"Cat\u00e1logo de Tr\u00e1mites y servicios con costos y requisitos del Sistema para el Desarrollo Integral de la Familia del Estado de Quintana Roo"},"content":{"rendered":"\n<p>Derivado de la Publicaci\u00f3n del<strong> Decreto de creaci\u00f3n de la Agencia de Transformaci\u00f3n Digital del Estado de Quintana Roo (ATD)<\/strong> en el Peri\u00f3dico Oficial del Estado de Quintana Roo el 26 de noviembre de 2025, los Servicios de la Instituci\u00f3n se encuentran en <strong>espera los nuevos lineamientos<\/strong> y accesos al sistema para la captura y actualizaci\u00f3n de los servicios.<\/p>\n\n\n\n<p><\/p>\n","protected":false},"excerpt":{"rendered":"<p>Derivado de la Publicaci\u00f3n del Decreto de creaci\u00f3n de la Agencia de Transformaci\u00f3n Digital del Estado de Quintana Roo (ATD) en el Peri\u00f3dico Oficial del Estado de Quintana Roo el 26 de noviembre de 2025, los Servicios de la Instituci\u00f3n se encuentran en espera los nuevos lineamientos y accesos al sistema para la captura y &#8230; <a title=\"Cat\u00e1logo de Tr\u00e1mites y servicios con costos y requisitos del Sistema para el Desarrollo Integral de la Familia del Estado de Quintana Roo\" class=\"read-more\" href=\"https:\/\/dif.qroo.gob.mx\/index.php\/catalogo-de-tramites-y-servicios-con-costos-y-requisitos-del-sistema-para-el-desarrollo-integral-de-la-familia-del-estado-de-quintana-roo\/\" aria-label=\"Leer m\u00e1s sobre Cat\u00e1logo de Tr\u00e1mites y servicios con costos y requisitos del Sistema para el Desarrollo Integral de la Familia del Estado de Quintana Roo\">Leer m\u00e1s<\/a><\/p>\n","protected":false},"author":4,"featured_media":0,"parent":0,"menu_order":0,"comment_status":"closed","ping_status":"closed","template":"","meta":{"footnotes":""},"class_list":["post-43109","page","type-page","status-publish"],"yoast_head":"<!-- This site is optimized with the Yoast SEO plugin v27.5 - https:\/\/yoast.com\/product\/yoast-seo-wordpress\/ -->\n<title>Cat\u00e1logo de Tr\u00e1mites y servicios con costos y requisitos del Sistema para el Desarrollo Integral de la Familia del Estado de Quintana Roo - Sistema para el Desarrollo Integral de la Familia del Estado de Quintana Roo<\/title>\n<meta name=\"robots\" content=\"index, follow, max-snippet:-1, max-image-preview:large, max-video-preview:-1\" \/>\n<link rel=\"canonical\" href=\"https:\/\/dif.qroo.gob.mx\/index.php\/catalogo-de-tramites-y-servicios-con-costos-y-requisitos-del-sistema-para-el-desarrollo-integral-de-la-familia-del-estado-de-quintana-roo\/\" \/>\n<meta property=\"og:locale\" content=\"es_MX\" \/>\n<meta property=\"og:type\" content=\"article\" \/>\n<meta property=\"og:title\" content=\"Cat\u00e1logo de Tr\u00e1mites y servicios con costos y requisitos del Sistema para el Desarrollo Integral de la Familia del Estado de Quintana Roo - Sistema para el Desarrollo Integral de la Familia del Estado de Quintana Roo\" \/>\n<meta property=\"og:description\" content=\"Derivado de la Publicaci\u00f3n del Decreto de creaci\u00f3n de la Agencia de Transformaci\u00f3n Digital del Estado de Quintana Roo (ATD) en el Peri\u00f3dico Oficial del Estado de Quintana Roo el 26 de noviembre de 2025, los Servicios de la Instituci\u00f3n se encuentran en espera los nuevos lineamientos y accesos al sistema para la captura y ... Leer m\u00e1s\" \/>\n<meta property=\"og:url\" content=\"https:\/\/dif.qroo.gob.mx\/index.php\/catalogo-de-tramites-y-servicios-con-costos-y-requisitos-del-sistema-para-el-desarrollo-integral-de-la-familia-del-estado-de-quintana-roo\/\" \/>\n<meta property=\"og:site_name\" content=\"Sistema para el Desarrollo Integral de la Familia del Estado de Quintana Roo\" \/>\n<meta property=\"article:modified_time\" content=\"2026-03-31T19:32:55+00:00\" \/>\n<meta name=\"twitter:card\" content=\"summary_large_image\" \/>\n<meta name=\"twitter:label1\" content=\"Tiempo de lectura\" \/>\n\t<meta name=\"twitter:data1\" content=\"1 minuto\" \/>\n<script type=\"application\/ld+json\" class=\"yoast-schema-graph\">{\"@context\":\"https:\\\/\\\/schema.org\",\"@graph\":[{\"@type\":\"WebPage\",\"@id\":\"https:\\\/\\\/dif.qroo.gob.mx\\\/index.php\\\/catalogo-de-tramites-y-servicios-con-costos-y-requisitos-del-sistema-para-el-desarrollo-integral-de-la-familia-del-estado-de-quintana-roo\\\/\",\"url\":\"https:\\\/\\\/dif.qroo.gob.mx\\\/index.php\\\/catalogo-de-tramites-y-servicios-con-costos-y-requisitos-del-sistema-para-el-desarrollo-integral-de-la-familia-del-estado-de-quintana-roo\\\/\",\"name\":\"Cat\u00e1logo de Tr\u00e1mites y servicios con costos y requisitos del Sistema para el Desarrollo Integral de la Familia del Estado de Quintana Roo - Sistema para el Desarrollo Integral de la Familia del Estado de Quintana Roo\",\"isPartOf\":{\"@id\":\"https:\\\/\\\/dif.qroo.gob.mx\\\/#website\"},\"datePublished\":\"2026-03-26T18:23:24+00:00\",\"dateModified\":\"2026-03-31T19:32:55+00:00\",\"breadcrumb\":{\"@id\":\"https:\\\/\\\/dif.qroo.gob.mx\\\/index.php\\\/catalogo-de-tramites-y-servicios-con-costos-y-requisitos-del-sistema-para-el-desarrollo-integral-de-la-familia-del-estado-de-quintana-roo\\\/#breadcrumb\"},\"inLanguage\":\"es\",\"potentialAction\":[{\"@type\":\"ReadAction\",\"target\":[\"https:\\\/\\\/dif.qroo.gob.mx\\\/index.php\\\/catalogo-de-tramites-y-servicios-con-costos-y-requisitos-del-sistema-para-el-desarrollo-integral-de-la-familia-del-estado-de-quintana-roo\\\/\"]}]},{\"@type\":\"BreadcrumbList\",\"@id\":\"https:\\\/\\\/dif.qroo.gob.mx\\\/index.php\\\/catalogo-de-tramites-y-servicios-con-costos-y-requisitos-del-sistema-para-el-desarrollo-integral-de-la-familia-del-estado-de-quintana-roo\\\/#breadcrumb\",\"itemListElement\":[{\"@type\":\"ListItem\",\"position\":1,\"name\":\"Inicio\",\"item\":\"https:\\\/\\\/dif.qroo.gob.mx\\\/\"},{\"@type\":\"ListItem\",\"position\":2,\"name\":\"Cat\u00e1logo de Tr\u00e1mites y servicios con costos y requisitos del Sistema para el Desarrollo Integral de la Familia del Estado de Quintana Roo\"}]},{\"@type\":\"WebSite\",\"@id\":\"https:\\\/\\\/dif.qroo.gob.mx\\\/#website\",\"url\":\"https:\\\/\\\/dif.qroo.gob.mx\\\/\",\"name\":\"Sistema para el Desarrollo Integral de la Familia del Estado de Quintana Roo\",\"description\":\"DIF Quintana Roo\",\"publisher\":{\"@id\":\"https:\\\/\\\/dif.qroo.gob.mx\\\/#organization\"},\"potentialAction\":[{\"@type\":\"SearchAction\",\"target\":{\"@type\":\"EntryPoint\",\"urlTemplate\":\"https:\\\/\\\/dif.qroo.gob.mx\\\/?s={search_term_string}\"},\"query-input\":{\"@type\":\"PropertyValueSpecification\",\"valueRequired\":true,\"valueName\":\"search_term_string\"}}],\"inLanguage\":\"es\"},{\"@type\":\"Organization\",\"@id\":\"https:\\\/\\\/dif.qroo.gob.mx\\\/#organization\",\"name\":\"Sistema para el Desarrollo Integral de la Familia del Estado de Quintana Roo\",\"url\":\"https:\\\/\\\/dif.qroo.gob.mx\\\/\",\"logo\":{\"@type\":\"ImageObject\",\"inLanguage\":\"es\",\"@id\":\"https:\\\/\\\/dif.qroo.gob.mx\\\/#\\\/schema\\\/logo\\\/image\\\/\",\"url\":\"https:\\\/\\\/dif.qroo.gob.mx\\\/wp-content\\\/uploads\\\/2024\\\/08\\\/cropped-logo_alargado_peque.png\",\"contentUrl\":\"https:\\\/\\\/dif.qroo.gob.mx\\\/wp-content\\\/uploads\\\/2024\\\/08\\\/cropped-logo_alargado_peque.png\",\"width\":480,\"height\":248,\"caption\":\"Sistema para el Desarrollo Integral de la Familia del Estado de Quintana Roo\"},\"image\":{\"@id\":\"https:\\\/\\\/dif.qroo.gob.mx\\\/#\\\/schema\\\/logo\\\/image\\\/\"}}]}<\/script>\n<!-- \/ Yoast SEO plugin. -->","yoast_head_json":{"title":"Cat\u00e1logo de Tr\u00e1mites y servicios con costos y requisitos del Sistema para el Desarrollo Integral de la Familia del Estado de Quintana Roo - Sistema para el Desarrollo Integral de la Familia del Estado de Quintana Roo","robots":{"index":"index","follow":"follow","max-snippet":"max-snippet:-1","max-image-preview":"max-image-preview:large","max-video-preview":"max-video-preview:-1"},"canonical":"https:\/\/dif.qroo.gob.mx\/index.php\/catalogo-de-tramites-y-servicios-con-costos-y-requisitos-del-sistema-para-el-desarrollo-integral-de-la-familia-del-estado-de-quintana-roo\/","og_locale":"es_MX","og_type":"article","og_title":"Cat\u00e1logo de Tr\u00e1mites y servicios con costos y requisitos del Sistema para el Desarrollo Integral de la Familia del Estado de Quintana Roo - Sistema para el Desarrollo Integral de la Familia del Estado de Quintana Roo","og_description":"Derivado de la Publicaci\u00f3n del Decreto de creaci\u00f3n de la Agencia de Transformaci\u00f3n Digital del Estado de Quintana Roo (ATD) en el Peri\u00f3dico Oficial del Estado de Quintana Roo el 26 de noviembre de 2025, los Servicios de la Instituci\u00f3n se encuentran en espera los nuevos lineamientos y accesos al sistema para la captura y ... Leer m\u00e1s","og_url":"https:\/\/dif.qroo.gob.mx\/index.php\/catalogo-de-tramites-y-servicios-con-costos-y-requisitos-del-sistema-para-el-desarrollo-integral-de-la-familia-del-estado-de-quintana-roo\/","og_site_name":"Sistema para el Desarrollo Integral de la Familia del Estado de Quintana Roo","article_modified_time":"2026-03-31T19:32:55+00:00","twitter_card":"summary_large_image","twitter_misc":{"Tiempo de lectura":"1 minuto"},"schema":{"@context":"https:\/\/schema.org","@graph":[{"@type":"WebPage","@id":"https:\/\/dif.qroo.gob.mx\/index.php\/catalogo-de-tramites-y-servicios-con-costos-y-requisitos-del-sistema-para-el-desarrollo-integral-de-la-familia-del-estado-de-quintana-roo\/","url":"https:\/\/dif.qroo.gob.mx\/index.php\/catalogo-de-tramites-y-servicios-con-costos-y-requisitos-del-sistema-para-el-desarrollo-integral-de-la-familia-del-estado-de-quintana-roo\/","name":"Cat\u00e1logo de Tr\u00e1mites y servicios con costos y requisitos del Sistema para el Desarrollo Integral de la Familia del Estado de Quintana Roo - Sistema para el Desarrollo Integral de la Familia del Estado de Quintana Roo","isPartOf":{"@id":"https:\/\/dif.qroo.gob.mx\/#website"},"datePublished":"2026-03-26T18:23:24+00:00","dateModified":"2026-03-31T19:32:55+00:00","breadcrumb":{"@id":"https:\/\/dif.qroo.gob.mx\/index.php\/catalogo-de-tramites-y-servicios-con-costos-y-requisitos-del-sistema-para-el-desarrollo-integral-de-la-familia-del-estado-de-quintana-roo\/#breadcrumb"},"inLanguage":"es","potentialAction":[{"@type":"ReadAction","target":["https:\/\/dif.qroo.gob.mx\/index.php\/catalogo-de-tramites-y-servicios-con-costos-y-requisitos-del-sistema-para-el-desarrollo-integral-de-la-familia-del-estado-de-quintana-roo\/"]}]},{"@type":"BreadcrumbList","@id":"https:\/\/dif.qroo.gob.mx\/index.php\/catalogo-de-tramites-y-servicios-con-costos-y-requisitos-del-sistema-para-el-desarrollo-integral-de-la-familia-del-estado-de-quintana-roo\/#breadcrumb","itemListElement":[{"@type":"ListItem","position":1,"name":"Inicio","item":"https:\/\/dif.qroo.gob.mx\/"},{"@type":"ListItem","position":2,"name":"Cat\u00e1logo de Tr\u00e1mites y servicios con costos y requisitos del Sistema para el Desarrollo Integral de la Familia del Estado de Quintana Roo"}]},{"@type":"WebSite","@id":"https:\/\/dif.qroo.gob.mx\/#website","url":"https:\/\/dif.qroo.gob.mx\/","name":"Sistema para el Desarrollo Integral de la Familia del Estado de Quintana Roo","description":"DIF Quintana Roo","publisher":{"@id":"https:\/\/dif.qroo.gob.mx\/#organization"},"potentialAction":[{"@type":"SearchAction","target":{"@type":"EntryPoint","urlTemplate":"https:\/\/dif.qroo.gob.mx\/?s={search_term_string}"},"query-input":{"@type":"PropertyValueSpecification","valueRequired":true,"valueName":"search_term_string"}}],"inLanguage":"es"},{"@type":"Organization","@id":"https:\/\/dif.qroo.gob.mx\/#organization","name":"Sistema para el Desarrollo Integral de la Familia del Estado de Quintana Roo","url":"https:\/\/dif.qroo.gob.mx\/","logo":{"@type":"ImageObject","inLanguage":"es","@id":"https:\/\/dif.qroo.gob.mx\/#\/schema\/logo\/image\/","url":"https:\/\/dif.qroo.gob.mx\/wp-content\/uploads\/2024\/08\/cropped-logo_alargado_peque.png","contentUrl":"https:\/\/dif.qroo.gob.mx\/wp-content\/uploads\/2024\/08\/cropped-logo_alargado_peque.png","width":480,"height":248,"caption":"Sistema para el Desarrollo Integral de la Familia del Estado de Quintana Roo"},"image":{"@id":"https:\/\/dif.qroo.gob.mx\/#\/schema\/logo\/image\/"}}]}},"_links":{"self":[{"href":"https:\/\/dif.qroo.gob.mx\/index.php\/wp-json\/wp\/v2\/pages\/43109","targetHints":{"allow":["GET"]}}],"collection":[{"href":"https:\/\/dif.qroo.gob.mx\/index.php\/wp-json\/wp\/v2\/pages"}],"about":[{"href":"https:\/\/dif.qroo.gob.mx\/index.php\/wp-json\/wp\/v2\/types\/page"}],"author":[{"embeddable":true,"href":"https:\/\/dif.qroo.gob.mx\/index.php\/wp-json\/wp\/v2\/users\/4"}],"replies":[{"embeddable":true,"href":"https:\/\/dif.qroo.gob.mx\/index.php\/wp-json\/wp\/v2\/comments?post=43109"}],"version-history":[{"count":5,"href":"https:\/\/dif.qroo.gob.mx\/index.php\/wp-json\/wp\/v2\/pages\/43109\/revisions"}],"predecessor-version":[{"id":43255,"href":"https:\/\/dif.qroo.gob.mx\/index.php\/wp-json\/wp\/v2\/pages\/43109\/revisions\/43255"}],"wp:attachment":[{"href":"https:\/\/dif.qroo.gob.mx\/index.php\/wp-json\/wp\/v2\/media?parent=43109"}],"curies":[{"name":"wp","href":"https:\/\/api.w.org\/{rel}","templated":true}]}}