{"id":42480,"date":"2026-03-19T13:51:51","date_gmt":"2026-03-19T18:51:51","guid":{"rendered":"https:\/\/dif.qroo.gob.mx\/?page_id=42480"},"modified":"2026-03-19T14:01:31","modified_gmt":"2026-03-19T19:01:31","slug":"cedula-de-cualificacion-global-de-la-matriz-de-indicadores-para-resultados-de-los-programas-presupuestarios-2025","status":"publish","type":"page","link":"https:\/\/dif.qroo.gob.mx\/index.php\/cedula-de-cualificacion-global-de-la-matriz-de-indicadores-para-resultados-de-los-programas-presupuestarios-2025\/","title":{"rendered":"C\u00c9DULA DE CUALIFICACI\u00d3N GLOBAL DE LA MATRIZ DE INDICADORES PARA RESULTADOS DE LOS PROGRAMAS PRESUPUESTARIOS &#8211; 2025"},"content":{"rendered":"\t\t<div data-elementor-type=\"wp-page\" data-elementor-id=\"42480\" class=\"elementor elementor-42480\">\n\t\t\t\t<div class=\"elementor-element elementor-element-3ffe566 e-flex e-con-boxed e-con e-parent\" data-id=\"3ffe566\" data-element_type=\"container\" data-e-type=\"container\">\n\t\t\t\t\t<div class=\"e-con-inner\">\n\t\t\t\t<div class=\"elementor-element elementor-element-3c4c4d4 elementor-widget elementor-widget-text-editor\" data-id=\"3c4c4d4\" data-element_type=\"widget\" data-e-type=\"widget\" data-widget_type=\"text-editor.default\">\n\t\t\t\t<div class=\"elementor-widget-container\">\n\t\t\t\t\t\t\t\t\t<div class=\"contenedor\"><table style=\"width: 100%;\"><tbody><tr style=\"mso-height-source: userset; height: 36.0pt;\"><td class=\"xl80\" style=\"height: 36pt; width: 209.217%; text-align: center;\" colspan=\"9\" width=\"3081\" height=\"48\"><strong>SISTEMA DE INTEGRACI\u00d3N PROGRAM\u00c1TICA Y PRESUPUESTAL (SIPPRES)<\/strong><\/td><\/tr><tr style=\"height: 26.25pt;\"><td class=\"xl80\" style=\"height: 26.25pt; text-align: center; width: 209.217%;\" colspan=\"9\" height=\"35\"><strong>01 &#8211; C\u00c9DULA DE CUALIFICACI\u00d3N GLOBAL DE LA MATRIZ DE INDICADORES PARA RESULTADOS DE LOS PROGRAMAS PRESUPUESTARIOS<\/strong><\/td><\/tr><tr style=\"mso-height-source: userset; height: 51.0pt;\"><td class=\"xl76\" style=\"text-align: center; width: 68.3783%;\" colspan=\"3\" width=\"1365\" height=\"68\"><strong>PROGRAMA PRESUPUESTARIO<\/strong><\/td><td style=\"text-align: center; width: 41.2896%;\" colspan=\"2\" width=\"892\"><strong>NOTIFICACI\u00d3N<\/strong> <strong>DE INFORMACI\u00d3N PROGRAM\u00c1TICA 2025<\/strong><\/td><\/tr><tr style=\"mso-height-source: userset; height: 53.25pt;\"><td class=\"xl76\" style=\"height: 53.25pt; width: 4.97738%; text-align: center;\" width=\"239\" height=\"71\"><strong>FOLIO<\/strong><\/td><td class=\"xl77\" style=\"width: 63.4009%; text-align: center;\" colspan=\"2\" width=\"1126\"><strong>NOMBRE<\/strong><\/td><td class=\"xl78\" style=\"border-top: none; width: 11.3122%; text-align: center;\" width=\"404\"><strong>CALIFICACI\u00d3N FINAL GLOBAL<\/strong><\/td><td class=\"xl77\" style=\"border-top: none; border-left: none; width: 29.9774%; text-align: center;\" width=\"488\"><strong>OFICIO<\/strong><\/td><\/tr><tr style=\"mso-height-source: userset; height: 64.5pt;\"><td class=\"xl81\" style=\"height: 64.5pt; border-top: none; width: 4.97738%; text-align: center;\" width=\"239\" height=\"86\">E036<\/td><td class=\"xl94\" style=\"width: 63.4009%; text-align: left;\" colspan=\"2\" width=\"1126\">Servicios a Grupos de Atenci\u00f3n Prioritaria<span style=\"mso-spacerun: yes;\">\u00a0<\/span><\/td><td class=\"xl80\" style=\"border-top: none; width: 11.3122%; text-align: center;\" width=\"404\">95.36<\/td><td class=\"xl98\" style=\"text-align: left; width: 29.9774%;\" rowspan=\"3\" width=\"488\"><a href=\"https:\/\/dif.qroo.gob.mx\/wp-content\/uploads\/2026\/03\/SEFIPLAN-SSPHCP-DPPP-DISP-200924-072-IX-2024.pdf\" target=\"_blank\" rel=\"noopener\">SEFIPLAN\/SSPHCP\/DPPP\/DISP\/200924-072\/IX\/2024<\/a><\/td><\/tr><tr style=\"mso-height-source: userset; height: 71.25pt;\"><td class=\"xl81\" style=\"height: 71.25pt; border-top: none; width: 4.97738%; text-align: center;\" width=\"239\" height=\"95\">S009<\/td><td class=\"xl94\" style=\"width: 63.4009%; text-align: left;\" colspan=\"2\" width=\"1126\">Programa de Entrega de Ayudas Sociales a Grupos de Atenci\u00f3n Prioritaria<\/td><td class=\"xl80\" style=\"border-top: none; width: 11.3122%; text-align: center;\" width=\"404\">93.31<\/td><\/tr><tr style=\"mso-height-source: userset; height: 73.5pt;\"><td class=\"xl81\" style=\"height: 73.5pt; border-top: none; width: 4.97738%; text-align: left;\" width=\"239\" height=\"98\">S032<\/td><td class=\"xl94\" style=\"width: 63.4009%; text-align: left;\" colspan=\"2\" width=\"1126\">Programa de\u00a0 Estrateg\u00eda Integral de Asistencia Social, Alimentaci\u00f3n y Desarrollo Comunitario (EIASADC) de Quintana Roo<\/td><td class=\"xl80\" style=\"border-top: none; width: 11.3122%; text-align: center;\" width=\"404\">95<\/td><\/tr><!-- FIN--><\/tbody><\/table><\/div>\t\t\t\t\t\t\t\t<\/div>\n\t\t\t\t<\/div>\n\t\t\t\t\t<\/div>\n\t\t\t\t<\/div>\n\t\t\t\t<\/div>\n\t\t","protected":false},"excerpt":{"rendered":"<p>SISTEMA DE INTEGRACI\u00d3N PROGRAM\u00c1TICA Y PRESUPUESTAL (SIPPRES) 01 &#8211; C\u00c9DULA DE CUALIFICACI\u00d3N GLOBAL DE LA MATRIZ DE INDICADORES PARA RESULTADOS DE LOS PROGRAMAS PRESUPUESTARIOS PROGRAMA PRESUPUESTARIO NOTIFICACI\u00d3N DE INFORMACI\u00d3N PROGRAM\u00c1TICA 2025 FOLIO NOMBRE CALIFICACI\u00d3N FINAL GLOBAL OFICIO E036 Servicios a Grupos de Atenci\u00f3n Prioritaria\u00a0 95.36 SEFIPLAN\/SSPHCP\/DPPP\/DISP\/200924-072\/IX\/2024 S009 Programa de Entrega de Ayudas Sociales a Grupos &#8230; <a title=\"C\u00c9DULA DE CUALIFICACI\u00d3N GLOBAL DE LA MATRIZ DE INDICADORES PARA RESULTADOS DE LOS PROGRAMAS PRESUPUESTARIOS &#8211; 2025\" class=\"read-more\" href=\"https:\/\/dif.qroo.gob.mx\/index.php\/cedula-de-cualificacion-global-de-la-matriz-de-indicadores-para-resultados-de-los-programas-presupuestarios-2025\/\" aria-label=\"Leer m\u00e1s sobre C\u00c9DULA DE CUALIFICACI\u00d3N GLOBAL DE LA MATRIZ DE INDICADORES PARA RESULTADOS DE LOS PROGRAMAS PRESUPUESTARIOS &#8211; 2025\">Leer m\u00e1s<\/a><\/p>\n","protected":false},"author":7,"featured_media":0,"parent":0,"menu_order":0,"comment_status":"closed","ping_status":"closed","template":"","meta":{"footnotes":""},"class_list":["post-42480","page","type-page","status-publish"],"yoast_head":"<!-- This site is optimized with the Yoast SEO plugin v27.5 - https:\/\/yoast.com\/product\/yoast-seo-wordpress\/ -->\n<title>C\u00c9DULA DE CUALIFICACI\u00d3N GLOBAL DE LA MATRIZ DE INDICADORES PARA RESULTADOS DE LOS PROGRAMAS PRESUPUESTARIOS - 2025 - Sistema para el Desarrollo Integral de la Familia del Estado de Quintana Roo<\/title>\n<meta name=\"robots\" content=\"index, follow, max-snippet:-1, max-image-preview:large, max-video-preview:-1\" \/>\n<link rel=\"canonical\" href=\"https:\/\/dif.qroo.gob.mx\/index.php\/cedula-de-cualificacion-global-de-la-matriz-de-indicadores-para-resultados-de-los-programas-presupuestarios-2025\/\" \/>\n<meta property=\"og:locale\" content=\"es_MX\" \/>\n<meta property=\"og:type\" content=\"article\" \/>\n<meta property=\"og:title\" content=\"C\u00c9DULA DE CUALIFICACI\u00d3N GLOBAL DE LA MATRIZ DE INDICADORES PARA RESULTADOS DE LOS PROGRAMAS PRESUPUESTARIOS - 2025 - Sistema para el Desarrollo Integral de la Familia del Estado de Quintana Roo\" \/>\n<meta property=\"og:description\" content=\"SISTEMA DE INTEGRACI\u00d3N PROGRAM\u00c1TICA Y PRESUPUESTAL (SIPPRES) 01 &#8211; C\u00c9DULA DE CUALIFICACI\u00d3N GLOBAL DE LA MATRIZ DE INDICADORES PARA RESULTADOS DE LOS PROGRAMAS PRESUPUESTARIOS PROGRAMA PRESUPUESTARIO NOTIFICACI\u00d3N DE INFORMACI\u00d3N PROGRAM\u00c1TICA 2025 FOLIO NOMBRE CALIFICACI\u00d3N FINAL GLOBAL OFICIO E036 Servicios a Grupos de Atenci\u00f3n Prioritaria\u00a0 95.36 SEFIPLAN\/SSPHCP\/DPPP\/DISP\/200924-072\/IX\/2024 S009 Programa de Entrega de Ayudas Sociales a Grupos ... Leer m\u00e1s\" \/>\n<meta property=\"og:url\" content=\"https:\/\/dif.qroo.gob.mx\/index.php\/cedula-de-cualificacion-global-de-la-matriz-de-indicadores-para-resultados-de-los-programas-presupuestarios-2025\/\" \/>\n<meta property=\"og:site_name\" content=\"Sistema para el Desarrollo Integral de la Familia del Estado de Quintana Roo\" \/>\n<meta property=\"article:modified_time\" content=\"2026-03-19T19:01:31+00:00\" \/>\n<meta name=\"twitter:card\" content=\"summary_large_image\" \/>\n<meta name=\"twitter:label1\" content=\"Tiempo de lectura\" \/>\n\t<meta name=\"twitter:data1\" content=\"1 minuto\" \/>\n<script type=\"application\/ld+json\" class=\"yoast-schema-graph\">{\"@context\":\"https:\\\/\\\/schema.org\",\"@graph\":[{\"@type\":\"WebPage\",\"@id\":\"https:\\\/\\\/dif.qroo.gob.mx\\\/index.php\\\/cedula-de-cualificacion-global-de-la-matriz-de-indicadores-para-resultados-de-los-programas-presupuestarios-2025\\\/\",\"url\":\"https:\\\/\\\/dif.qroo.gob.mx\\\/index.php\\\/cedula-de-cualificacion-global-de-la-matriz-de-indicadores-para-resultados-de-los-programas-presupuestarios-2025\\\/\",\"name\":\"C\u00c9DULA DE CUALIFICACI\u00d3N GLOBAL DE LA MATRIZ DE INDICADORES PARA RESULTADOS DE LOS PROGRAMAS PRESUPUESTARIOS - 2025 - Sistema para el Desarrollo Integral de la Familia del Estado de Quintana Roo\",\"isPartOf\":{\"@id\":\"https:\\\/\\\/dif.qroo.gob.mx\\\/#website\"},\"datePublished\":\"2026-03-19T18:51:51+00:00\",\"dateModified\":\"2026-03-19T19:01:31+00:00\",\"breadcrumb\":{\"@id\":\"https:\\\/\\\/dif.qroo.gob.mx\\\/index.php\\\/cedula-de-cualificacion-global-de-la-matriz-de-indicadores-para-resultados-de-los-programas-presupuestarios-2025\\\/#breadcrumb\"},\"inLanguage\":\"es\",\"potentialAction\":[{\"@type\":\"ReadAction\",\"target\":[\"https:\\\/\\\/dif.qroo.gob.mx\\\/index.php\\\/cedula-de-cualificacion-global-de-la-matriz-de-indicadores-para-resultados-de-los-programas-presupuestarios-2025\\\/\"]}]},{\"@type\":\"BreadcrumbList\",\"@id\":\"https:\\\/\\\/dif.qroo.gob.mx\\\/index.php\\\/cedula-de-cualificacion-global-de-la-matriz-de-indicadores-para-resultados-de-los-programas-presupuestarios-2025\\\/#breadcrumb\",\"itemListElement\":[{\"@type\":\"ListItem\",\"position\":1,\"name\":\"Inicio\",\"item\":\"https:\\\/\\\/dif.qroo.gob.mx\\\/\"},{\"@type\":\"ListItem\",\"position\":2,\"name\":\"C\u00c9DULA DE CUALIFICACI\u00d3N GLOBAL DE LA MATRIZ DE INDICADORES PARA RESULTADOS DE LOS PROGRAMAS PRESUPUESTARIOS &#8211; 2025\"}]},{\"@type\":\"WebSite\",\"@id\":\"https:\\\/\\\/dif.qroo.gob.mx\\\/#website\",\"url\":\"https:\\\/\\\/dif.qroo.gob.mx\\\/\",\"name\":\"Sistema para el Desarrollo Integral de la Familia del Estado de Quintana Roo\",\"description\":\"DIF Quintana Roo\",\"publisher\":{\"@id\":\"https:\\\/\\\/dif.qroo.gob.mx\\\/#organization\"},\"potentialAction\":[{\"@type\":\"SearchAction\",\"target\":{\"@type\":\"EntryPoint\",\"urlTemplate\":\"https:\\\/\\\/dif.qroo.gob.mx\\\/?s={search_term_string}\"},\"query-input\":{\"@type\":\"PropertyValueSpecification\",\"valueRequired\":true,\"valueName\":\"search_term_string\"}}],\"inLanguage\":\"es\"},{\"@type\":\"Organization\",\"@id\":\"https:\\\/\\\/dif.qroo.gob.mx\\\/#organization\",\"name\":\"Sistema para el Desarrollo Integral de la Familia del Estado de Quintana Roo\",\"url\":\"https:\\\/\\\/dif.qroo.gob.mx\\\/\",\"logo\":{\"@type\":\"ImageObject\",\"inLanguage\":\"es\",\"@id\":\"https:\\\/\\\/dif.qroo.gob.mx\\\/#\\\/schema\\\/logo\\\/image\\\/\",\"url\":\"https:\\\/\\\/dif.qroo.gob.mx\\\/wp-content\\\/uploads\\\/2024\\\/08\\\/cropped-logo_alargado_peque.png\",\"contentUrl\":\"https:\\\/\\\/dif.qroo.gob.mx\\\/wp-content\\\/uploads\\\/2024\\\/08\\\/cropped-logo_alargado_peque.png\",\"width\":480,\"height\":248,\"caption\":\"Sistema para el Desarrollo Integral de la Familia del Estado de Quintana Roo\"},\"image\":{\"@id\":\"https:\\\/\\\/dif.qroo.gob.mx\\\/#\\\/schema\\\/logo\\\/image\\\/\"}}]}<\/script>\n<!-- \/ Yoast SEO plugin. -->","yoast_head_json":{"title":"C\u00c9DULA DE CUALIFICACI\u00d3N GLOBAL DE LA MATRIZ DE INDICADORES PARA RESULTADOS DE LOS PROGRAMAS PRESUPUESTARIOS - 2025 - Sistema para el Desarrollo Integral de la Familia del Estado de Quintana Roo","robots":{"index":"index","follow":"follow","max-snippet":"max-snippet:-1","max-image-preview":"max-image-preview:large","max-video-preview":"max-video-preview:-1"},"canonical":"https:\/\/dif.qroo.gob.mx\/index.php\/cedula-de-cualificacion-global-de-la-matriz-de-indicadores-para-resultados-de-los-programas-presupuestarios-2025\/","og_locale":"es_MX","og_type":"article","og_title":"C\u00c9DULA DE CUALIFICACI\u00d3N GLOBAL DE LA MATRIZ DE INDICADORES PARA RESULTADOS DE LOS PROGRAMAS PRESUPUESTARIOS - 2025 - Sistema para el Desarrollo Integral de la Familia del Estado de Quintana Roo","og_description":"SISTEMA DE INTEGRACI\u00d3N PROGRAM\u00c1TICA Y PRESUPUESTAL (SIPPRES) 01 &#8211; C\u00c9DULA DE CUALIFICACI\u00d3N GLOBAL DE LA MATRIZ DE INDICADORES PARA RESULTADOS DE LOS PROGRAMAS PRESUPUESTARIOS PROGRAMA PRESUPUESTARIO NOTIFICACI\u00d3N DE INFORMACI\u00d3N PROGRAM\u00c1TICA 2025 FOLIO NOMBRE CALIFICACI\u00d3N FINAL GLOBAL OFICIO E036 Servicios a Grupos de Atenci\u00f3n Prioritaria\u00a0 95.36 SEFIPLAN\/SSPHCP\/DPPP\/DISP\/200924-072\/IX\/2024 S009 Programa de Entrega de Ayudas Sociales a Grupos ... Leer m\u00e1s","og_url":"https:\/\/dif.qroo.gob.mx\/index.php\/cedula-de-cualificacion-global-de-la-matriz-de-indicadores-para-resultados-de-los-programas-presupuestarios-2025\/","og_site_name":"Sistema para el Desarrollo Integral de la Familia del Estado de Quintana Roo","article_modified_time":"2026-03-19T19:01:31+00:00","twitter_card":"summary_large_image","twitter_misc":{"Tiempo de lectura":"1 minuto"},"schema":{"@context":"https:\/\/schema.org","@graph":[{"@type":"WebPage","@id":"https:\/\/dif.qroo.gob.mx\/index.php\/cedula-de-cualificacion-global-de-la-matriz-de-indicadores-para-resultados-de-los-programas-presupuestarios-2025\/","url":"https:\/\/dif.qroo.gob.mx\/index.php\/cedula-de-cualificacion-global-de-la-matriz-de-indicadores-para-resultados-de-los-programas-presupuestarios-2025\/","name":"C\u00c9DULA DE CUALIFICACI\u00d3N GLOBAL DE LA MATRIZ DE INDICADORES PARA RESULTADOS DE LOS PROGRAMAS PRESUPUESTARIOS - 2025 - Sistema para el Desarrollo Integral de la Familia del Estado de Quintana Roo","isPartOf":{"@id":"https:\/\/dif.qroo.gob.mx\/#website"},"datePublished":"2026-03-19T18:51:51+00:00","dateModified":"2026-03-19T19:01:31+00:00","breadcrumb":{"@id":"https:\/\/dif.qroo.gob.mx\/index.php\/cedula-de-cualificacion-global-de-la-matriz-de-indicadores-para-resultados-de-los-programas-presupuestarios-2025\/#breadcrumb"},"inLanguage":"es","potentialAction":[{"@type":"ReadAction","target":["https:\/\/dif.qroo.gob.mx\/index.php\/cedula-de-cualificacion-global-de-la-matriz-de-indicadores-para-resultados-de-los-programas-presupuestarios-2025\/"]}]},{"@type":"BreadcrumbList","@id":"https:\/\/dif.qroo.gob.mx\/index.php\/cedula-de-cualificacion-global-de-la-matriz-de-indicadores-para-resultados-de-los-programas-presupuestarios-2025\/#breadcrumb","itemListElement":[{"@type":"ListItem","position":1,"name":"Inicio","item":"https:\/\/dif.qroo.gob.mx\/"},{"@type":"ListItem","position":2,"name":"C\u00c9DULA DE CUALIFICACI\u00d3N GLOBAL DE LA MATRIZ DE INDICADORES PARA RESULTADOS DE LOS PROGRAMAS PRESUPUESTARIOS &#8211; 2025"}]},{"@type":"WebSite","@id":"https:\/\/dif.qroo.gob.mx\/#website","url":"https:\/\/dif.qroo.gob.mx\/","name":"Sistema para el Desarrollo Integral de la Familia del Estado de Quintana Roo","description":"DIF Quintana Roo","publisher":{"@id":"https:\/\/dif.qroo.gob.mx\/#organization"},"potentialAction":[{"@type":"SearchAction","target":{"@type":"EntryPoint","urlTemplate":"https:\/\/dif.qroo.gob.mx\/?s={search_term_string}"},"query-input":{"@type":"PropertyValueSpecification","valueRequired":true,"valueName":"search_term_string"}}],"inLanguage":"es"},{"@type":"Organization","@id":"https:\/\/dif.qroo.gob.mx\/#organization","name":"Sistema para el Desarrollo Integral de la Familia del Estado de Quintana Roo","url":"https:\/\/dif.qroo.gob.mx\/","logo":{"@type":"ImageObject","inLanguage":"es","@id":"https:\/\/dif.qroo.gob.mx\/#\/schema\/logo\/image\/","url":"https:\/\/dif.qroo.gob.mx\/wp-content\/uploads\/2024\/08\/cropped-logo_alargado_peque.png","contentUrl":"https:\/\/dif.qroo.gob.mx\/wp-content\/uploads\/2024\/08\/cropped-logo_alargado_peque.png","width":480,"height":248,"caption":"Sistema para el Desarrollo Integral de la Familia del Estado de Quintana Roo"},"image":{"@id":"https:\/\/dif.qroo.gob.mx\/#\/schema\/logo\/image\/"}}]}},"_links":{"self":[{"href":"https:\/\/dif.qroo.gob.mx\/index.php\/wp-json\/wp\/v2\/pages\/42480","targetHints":{"allow":["GET"]}}],"collection":[{"href":"https:\/\/dif.qroo.gob.mx\/index.php\/wp-json\/wp\/v2\/pages"}],"about":[{"href":"https:\/\/dif.qroo.gob.mx\/index.php\/wp-json\/wp\/v2\/types\/page"}],"author":[{"embeddable":true,"href":"https:\/\/dif.qroo.gob.mx\/index.php\/wp-json\/wp\/v2\/users\/7"}],"replies":[{"embeddable":true,"href":"https:\/\/dif.qroo.gob.mx\/index.php\/wp-json\/wp\/v2\/comments?post=42480"}],"version-history":[{"count":20,"href":"https:\/\/dif.qroo.gob.mx\/index.php\/wp-json\/wp\/v2\/pages\/42480\/revisions"}],"predecessor-version":[{"id":42510,"href":"https:\/\/dif.qroo.gob.mx\/index.php\/wp-json\/wp\/v2\/pages\/42480\/revisions\/42510"}],"wp:attachment":[{"href":"https:\/\/dif.qroo.gob.mx\/index.php\/wp-json\/wp\/v2\/media?parent=42480"}],"curies":[{"name":"wp","href":"https:\/\/api.w.org\/{rel}","templated":true}]}}