{"id":41883,"date":"2025-10-10T16:20:47","date_gmt":"2025-10-10T21:20:47","guid":{"rendered":"https:\/\/dif.qroo.gob.mx\/?page_id=41883"},"modified":"2025-10-10T16:28:55","modified_gmt":"2025-10-10T21:28:55","slug":"evaluaciones-al-desempeno","status":"publish","type":"page","link":"https:\/\/dif.qroo.gob.mx\/index.php\/evaluaciones-al-desempeno\/","title":{"rendered":"EVALUACIONES AL DESEMPENO"},"content":{"rendered":"\t\t<div data-elementor-type=\"wp-page\" data-elementor-id=\"41883\" class=\"elementor elementor-41883\">\n\t\t\t\t<div class=\"elementor-element elementor-element-34bb163 e-flex e-con-boxed e-con e-parent\" data-id=\"34bb163\" data-element_type=\"container\">\n\t\t\t\t\t<div class=\"e-con-inner\">\n\t\t\t\t<div class=\"elementor-element elementor-element-7f71bd2 elementor-widget elementor-widget-heading\" data-id=\"7f71bd2\" data-element_type=\"widget\" data-widget_type=\"heading.default\">\n\t\t\t\t<div class=\"elementor-widget-container\">\n\t\t\t\t\t<h2 class=\"elementor-heading-title elementor-size-default\"><a href=\"http:\/\/EVALUACIONES%20AL%20DESEMPENO\">EVALUACIONES AL DESEMPE\u00d1O<\/a><\/h2>\t\t\t\t<\/div>\n\t\t\t\t<\/div>\n\t\t\t\t<div class=\"elementor-element elementor-element-a700345 elementor-widget elementor-widget-elementskit-simple-tab\" data-id=\"a700345\" data-element_type=\"widget\" data-widget_type=\"elementskit-simple-tab.default\">\n\t\t\t\t<div class=\"elementor-widget-container\">\n\t\t\t\t\t<div class=\"ekit-wid-con\" >        <div class=\"elementkit-tab-wraper   elementskit-fitcontent-tab \">\n            <ul class=\"nav nav-tabs elementkit-tab-nav \">\n                                    <li class=\"elementkit-nav-item elementor-repeater-item-ec96e2f\">\n                        <a class=\"elementkit-nav-link  active show left-pos\" id=\"content-ec96e2f69fa3787dc492-tab\" data-ekit-handler-id=\"2025\" data-ekit-toggle=\"tab\" data-target=\"#content-ec96e2f69fa3787dc492\" href=\"#Content-ec96e2f69fa3787dc492\"\n                            data-ekit-toggle-trigger=\"click\"\n                            aria-describedby=\"Content-ec96e2f69fa3787dc492\">\n                            <span class=\"icon icon-earth elementskit-tab-icon\"><\/span>                            <span class=\"elementskit-tab-title\"> 2025<\/span>\n                        <\/a>\n                    <\/li>\n                                <\/ul>\n\n            <div class=\"tab-content elementkit-tab-content\">\n                                    <div class=\"tab-pane elementkit-tab-pane elementor-repeater-item-ec96e2f  active show\" id=\"content-ec96e2f69fa3787dc492\" role=\"tabpanel\"\n                         aria-labelledby=\"content-ec96e2f69fa3787dc492-tab\">\n                        <div class=\"animated fadeIn\">\n                            <table>\n<tbody>\n<tr>\n<th>Documento<\/th>\n<th>Descargar<\/th>\n<\/tr>\n<tr>\n<td>Formato para la Difusi\u00f3n de los Resultados de las Evaluaciones.<\/td>\n<td><a href=\"https:\/\/dif.qroo.gob.mx\/wp-content\/uploads\/2025\/10\/1.-CONAC_ECR_S009_ASGAP_2024.pdf\" target=\"_blank\">Descargar<\/td>\n<\/tr>\n<tr>\n<td>Informe Final de la Evaluaci\u00f3n de Consistencia y Resultados del Programa Presupuestario del Ejercicio Fiscal 2024, S009 Ayudas Sociales a Grupos de Atenci\u00f3n Prioritaria.<\/td>\n<td><a href=\"https:\/\/dif.qroo.gob.mx\/wp-content\/uploads\/2025\/10\/2.-Informe-Final_ECR_S009_SDIFE_2024.pdf\" target=\"_blank\">Descargar<\/td>\n<\/tr>\n<\/tbody>\n<\/table>                        <\/div>\n                    <\/div>\n                                \n            <\/div>\n                    <\/div>\n    <\/div>\t\t\t\t<\/div>\n\t\t\t\t<\/div>\n\t\t\t\t\t<\/div>\n\t\t\t\t<\/div>\n\t\t\t\t<\/div>\n\t\t","protected":false},"excerpt":{"rendered":"<p>EVALUACIONES AL DESEMPE\u00d1O 2025 Documento Descargar Formato para la Difusi\u00f3n de los Resultados de las Evaluaciones. Descargar Informe Final de la Evaluaci\u00f3n de Consistencia y Resultados del Programa Presupuestario del Ejercicio Fiscal 2024, S009 Ayudas Sociales a Grupos de Atenci\u00f3n Prioritaria. Descargar<\/p>\n","protected":false},"author":4,"featured_media":0,"parent":0,"menu_order":0,"comment_status":"closed","ping_status":"closed","template":"","meta":{"footnotes":""},"class_list":["post-41883","page","type-page","status-publish"],"yoast_head":"<!-- This site is optimized with the Yoast SEO plugin v25.3 - https:\/\/yoast.com\/wordpress\/plugins\/seo\/ -->\n<title>EVALUACIONES AL DESEMPENO - Sistema para el Desarrollo Integral de la Familia del Estado de Quintana Roo<\/title>\n<meta name=\"robots\" content=\"index, follow, max-snippet:-1, max-image-preview:large, max-video-preview:-1\" \/>\n<link rel=\"canonical\" href=\"https:\/\/dif.qroo.gob.mx\/index.php\/evaluaciones-al-desempeno\/\" \/>\n<meta property=\"og:locale\" content=\"es_MX\" \/>\n<meta property=\"og:type\" content=\"article\" \/>\n<meta property=\"og:title\" content=\"EVALUACIONES AL DESEMPENO - Sistema para el Desarrollo Integral de la Familia del Estado de Quintana Roo\" \/>\n<meta property=\"og:description\" content=\"EVALUACIONES AL DESEMPE\u00d1O 2025 Documento Descargar Formato para la Difusi\u00f3n de los Resultados de las Evaluaciones. Descargar Informe Final de la Evaluaci\u00f3n de Consistencia y Resultados del Programa Presupuestario del Ejercicio Fiscal 2024, S009 Ayudas Sociales a Grupos de Atenci\u00f3n Prioritaria. Descargar\" \/>\n<meta property=\"og:url\" content=\"https:\/\/dif.qroo.gob.mx\/index.php\/evaluaciones-al-desempeno\/\" \/>\n<meta property=\"og:site_name\" content=\"Sistema para el Desarrollo Integral de la Familia del Estado de Quintana Roo\" \/>\n<meta property=\"article:modified_time\" content=\"2025-10-10T21:28:55+00:00\" \/>\n<meta name=\"twitter:card\" content=\"summary_large_image\" \/>\n<meta name=\"twitter:label1\" content=\"Tiempo de lectura\" \/>\n\t<meta name=\"twitter:data1\" content=\"1 minuto\" \/>\n<script type=\"application\/ld+json\" class=\"yoast-schema-graph\">{\"@context\":\"https:\/\/schema.org\",\"@graph\":[{\"@type\":\"WebPage\",\"@id\":\"https:\/\/dif.qroo.gob.mx\/index.php\/evaluaciones-al-desempeno\/\",\"url\":\"https:\/\/dif.qroo.gob.mx\/index.php\/evaluaciones-al-desempeno\/\",\"name\":\"EVALUACIONES AL DESEMPENO - Sistema para el Desarrollo Integral de la Familia del Estado de Quintana Roo\",\"isPartOf\":{\"@id\":\"https:\/\/dif.qroo.gob.mx\/#website\"},\"datePublished\":\"2025-10-10T21:20:47+00:00\",\"dateModified\":\"2025-10-10T21:28:55+00:00\",\"breadcrumb\":{\"@id\":\"https:\/\/dif.qroo.gob.mx\/index.php\/evaluaciones-al-desempeno\/#breadcrumb\"},\"inLanguage\":\"es\",\"potentialAction\":[{\"@type\":\"ReadAction\",\"target\":[\"https:\/\/dif.qroo.gob.mx\/index.php\/evaluaciones-al-desempeno\/\"]}]},{\"@type\":\"BreadcrumbList\",\"@id\":\"https:\/\/dif.qroo.gob.mx\/index.php\/evaluaciones-al-desempeno\/#breadcrumb\",\"itemListElement\":[{\"@type\":\"ListItem\",\"position\":1,\"name\":\"Inicio\",\"item\":\"https:\/\/dif.qroo.gob.mx\/\"},{\"@type\":\"ListItem\",\"position\":2,\"name\":\"EVALUACIONES AL DESEMPENO\"}]},{\"@type\":\"WebSite\",\"@id\":\"https:\/\/dif.qroo.gob.mx\/#website\",\"url\":\"https:\/\/dif.qroo.gob.mx\/\",\"name\":\"Sistema para el Desarrollo Integral de la Familia del Estado de Quintana Roo\",\"description\":\"DIF Quintana Roo\",\"publisher\":{\"@id\":\"https:\/\/dif.qroo.gob.mx\/#organization\"},\"potentialAction\":[{\"@type\":\"SearchAction\",\"target\":{\"@type\":\"EntryPoint\",\"urlTemplate\":\"https:\/\/dif.qroo.gob.mx\/?s={search_term_string}\"},\"query-input\":{\"@type\":\"PropertyValueSpecification\",\"valueRequired\":true,\"valueName\":\"search_term_string\"}}],\"inLanguage\":\"es\"},{\"@type\":\"Organization\",\"@id\":\"https:\/\/dif.qroo.gob.mx\/#organization\",\"name\":\"Sistema para el Desarrollo Integral de la Familia del Estado de Quintana Roo\",\"url\":\"https:\/\/dif.qroo.gob.mx\/\",\"logo\":{\"@type\":\"ImageObject\",\"inLanguage\":\"es\",\"@id\":\"https:\/\/dif.qroo.gob.mx\/#\/schema\/logo\/image\/\",\"url\":\"https:\/\/dif.qroo.gob.mx\/wp-content\/uploads\/2024\/08\/cropped-logo_alargado_peque.png\",\"contentUrl\":\"https:\/\/dif.qroo.gob.mx\/wp-content\/uploads\/2024\/08\/cropped-logo_alargado_peque.png\",\"width\":480,\"height\":248,\"caption\":\"Sistema para el Desarrollo Integral de la Familia del Estado de Quintana Roo\"},\"image\":{\"@id\":\"https:\/\/dif.qroo.gob.mx\/#\/schema\/logo\/image\/\"}}]}<\/script>\n<!-- \/ Yoast SEO plugin. -->","yoast_head_json":{"title":"EVALUACIONES AL DESEMPENO - Sistema para el Desarrollo Integral de la Familia del Estado de Quintana Roo","robots":{"index":"index","follow":"follow","max-snippet":"max-snippet:-1","max-image-preview":"max-image-preview:large","max-video-preview":"max-video-preview:-1"},"canonical":"https:\/\/dif.qroo.gob.mx\/index.php\/evaluaciones-al-desempeno\/","og_locale":"es_MX","og_type":"article","og_title":"EVALUACIONES AL DESEMPENO - Sistema para el Desarrollo Integral de la Familia del Estado de Quintana Roo","og_description":"EVALUACIONES AL DESEMPE\u00d1O 2025 Documento Descargar Formato para la Difusi\u00f3n de los Resultados de las Evaluaciones. Descargar Informe Final de la Evaluaci\u00f3n de Consistencia y Resultados del Programa Presupuestario del Ejercicio Fiscal 2024, S009 Ayudas Sociales a Grupos de Atenci\u00f3n Prioritaria. Descargar","og_url":"https:\/\/dif.qroo.gob.mx\/index.php\/evaluaciones-al-desempeno\/","og_site_name":"Sistema para el Desarrollo Integral de la Familia del Estado de Quintana Roo","article_modified_time":"2025-10-10T21:28:55+00:00","twitter_card":"summary_large_image","twitter_misc":{"Tiempo de lectura":"1 minuto"},"schema":{"@context":"https:\/\/schema.org","@graph":[{"@type":"WebPage","@id":"https:\/\/dif.qroo.gob.mx\/index.php\/evaluaciones-al-desempeno\/","url":"https:\/\/dif.qroo.gob.mx\/index.php\/evaluaciones-al-desempeno\/","name":"EVALUACIONES AL DESEMPENO - Sistema para el Desarrollo Integral de la Familia del Estado de Quintana Roo","isPartOf":{"@id":"https:\/\/dif.qroo.gob.mx\/#website"},"datePublished":"2025-10-10T21:20:47+00:00","dateModified":"2025-10-10T21:28:55+00:00","breadcrumb":{"@id":"https:\/\/dif.qroo.gob.mx\/index.php\/evaluaciones-al-desempeno\/#breadcrumb"},"inLanguage":"es","potentialAction":[{"@type":"ReadAction","target":["https:\/\/dif.qroo.gob.mx\/index.php\/evaluaciones-al-desempeno\/"]}]},{"@type":"BreadcrumbList","@id":"https:\/\/dif.qroo.gob.mx\/index.php\/evaluaciones-al-desempeno\/#breadcrumb","itemListElement":[{"@type":"ListItem","position":1,"name":"Inicio","item":"https:\/\/dif.qroo.gob.mx\/"},{"@type":"ListItem","position":2,"name":"EVALUACIONES AL DESEMPENO"}]},{"@type":"WebSite","@id":"https:\/\/dif.qroo.gob.mx\/#website","url":"https:\/\/dif.qroo.gob.mx\/","name":"Sistema para el Desarrollo Integral de la Familia del Estado de Quintana Roo","description":"DIF Quintana Roo","publisher":{"@id":"https:\/\/dif.qroo.gob.mx\/#organization"},"potentialAction":[{"@type":"SearchAction","target":{"@type":"EntryPoint","urlTemplate":"https:\/\/dif.qroo.gob.mx\/?s={search_term_string}"},"query-input":{"@type":"PropertyValueSpecification","valueRequired":true,"valueName":"search_term_string"}}],"inLanguage":"es"},{"@type":"Organization","@id":"https:\/\/dif.qroo.gob.mx\/#organization","name":"Sistema para el Desarrollo Integral de la Familia del Estado de Quintana Roo","url":"https:\/\/dif.qroo.gob.mx\/","logo":{"@type":"ImageObject","inLanguage":"es","@id":"https:\/\/dif.qroo.gob.mx\/#\/schema\/logo\/image\/","url":"https:\/\/dif.qroo.gob.mx\/wp-content\/uploads\/2024\/08\/cropped-logo_alargado_peque.png","contentUrl":"https:\/\/dif.qroo.gob.mx\/wp-content\/uploads\/2024\/08\/cropped-logo_alargado_peque.png","width":480,"height":248,"caption":"Sistema para el Desarrollo Integral de la Familia del Estado de Quintana Roo"},"image":{"@id":"https:\/\/dif.qroo.gob.mx\/#\/schema\/logo\/image\/"}}]}},"_links":{"self":[{"href":"https:\/\/dif.qroo.gob.mx\/index.php\/wp-json\/wp\/v2\/pages\/41883","targetHints":{"allow":["GET"]}}],"collection":[{"href":"https:\/\/dif.qroo.gob.mx\/index.php\/wp-json\/wp\/v2\/pages"}],"about":[{"href":"https:\/\/dif.qroo.gob.mx\/index.php\/wp-json\/wp\/v2\/types\/page"}],"author":[{"embeddable":true,"href":"https:\/\/dif.qroo.gob.mx\/index.php\/wp-json\/wp\/v2\/users\/4"}],"replies":[{"embeddable":true,"href":"https:\/\/dif.qroo.gob.mx\/index.php\/wp-json\/wp\/v2\/comments?post=41883"}],"version-history":[{"count":15,"href":"https:\/\/dif.qroo.gob.mx\/index.php\/wp-json\/wp\/v2\/pages\/41883\/revisions"}],"predecessor-version":[{"id":41904,"href":"https:\/\/dif.qroo.gob.mx\/index.php\/wp-json\/wp\/v2\/pages\/41883\/revisions\/41904"}],"wp:attachment":[{"href":"https:\/\/dif.qroo.gob.mx\/index.php\/wp-json\/wp\/v2\/media?parent=41883"}],"curies":[{"name":"wp","href":"https:\/\/api.w.org\/{rel}","templated":true}]}}