{"id":40362,"date":"2025-03-31T10:00:25","date_gmt":"2025-03-31T15:00:25","guid":{"rendered":"https:\/\/dif.qroo.gob.mx\/?page_id=40362"},"modified":"2025-03-31T13:14:56","modified_gmt":"2025-03-31T18:14:56","slug":"cedula-de-evaluacion-programatica-de-indicadores-metodo-cremaa","status":"publish","type":"page","link":"https:\/\/dif.qroo.gob.mx\/index.php\/cedula-de-evaluacion-programatica-de-indicadores-metodo-cremaa\/","title":{"rendered":"C\u00c9DULA DE EVALUACI\u00d3N PROGRAM\u00c1TICA DE INDICADORES (M\u00c9TODO CREMAA)"},"content":{"rendered":"\t\t<div data-elementor-type=\"wp-page\" data-elementor-id=\"40362\" class=\"elementor elementor-40362\">\n\t\t\t\t<div class=\"elementor-element elementor-element-46f591d e-flex e-con-boxed e-con e-parent\" data-id=\"46f591d\" data-element_type=\"container\" data-e-type=\"container\">\n\t\t\t\t\t<div class=\"e-con-inner\">\n\t\t\t\t<div class=\"elementor-element elementor-element-4500d4d elementor-widget elementor-widget-text-editor\" data-id=\"4500d4d\" data-element_type=\"widget\" data-e-type=\"widget\" data-widget_type=\"text-editor.default\">\n\t\t\t\t<div class=\"elementor-widget-container\">\n\t\t\t\t\t\t\t\t\t<div class=\"contenedor\"><p>\u00a0<\/p><table><tbody><tr style=\"mso-height-source: userset; height: 36.0pt;\"><td class=\"xl80\" style=\"height: 36pt; width: 1791pt; text-align: center;\" colspan=\"6\" width=\"2389\" height=\"48\"><strong>SISTEMA DE INTEGRACI\u00d3N PROGRAM\u00c1TICA Y PRESUPUESTAL (SIPPRES)<\/strong><\/td><\/tr><tr style=\"height: 26.25pt;\"><td class=\"xl81\" style=\"height: 26.25pt; width: 1791pt;\" colspan=\"6\" width=\"2389\" height=\"35\"><p style=\"text-align: center;\"><strong>PRO-11 &#8211; C\u00c9DULA DE EVALUACI\u00d3N PROGRAM\u00c1TICA DE INDICADORES (M\u00c9TODO CREMAA)<\/strong><\/p><p style=\"text-align: center;\"><strong>PRO-10 &#8211; OFICIOS DE MEDIOS DE VERIFICACI\u00d3N<\/strong><\/p><\/td><\/tr><tr style=\"height: 15.0pt;\"><td style=\"height: 15.0pt; mso-ignore: colspan;\" colspan=\"6\" height=\"20\">\u00a0<\/td><\/tr><tr style=\"mso-height-source: userset; height: 36.0pt;\"><td class=\"xl82\" style=\"border-right: height: 36.0pt; width: 499pt;\" colspan=\"2\" width=\"665\" height=\"48\"><p style=\"text-align: center;\"><strong>PROGRAMA PRESUPUESTARIO<\/strong><\/p><\/td><td class=\"xl66\" style=\"border-left: none; width: 1292pt; text-align: center;\" colspan=\"4\" width=\"1724\"><strong>REPORTE TRIMESTRAL DE AVANCES<\/strong><\/td><\/tr><tr style=\"mso-height-source: userset; height: 34.5pt;\"><td class=\"xl66\" style=\"height: 34.5pt; border-top: none; width: 114pt; text-align: center;\" width=\"152\" height=\"46\"><strong>FOLIO<\/strong><\/td><td class=\"xl66\" style=\"border-top: none; border-left: none; width: 385pt; text-align: center;\" width=\"513\"><strong>NOMBRE<\/strong><\/td><td class=\"xl66\" style=\"border-top: none; border-left: none; width: 323pt; text-align: center;\" width=\"431\"><strong>I<span style=\"mso-spacerun: yes;\">\u00a0<\/span><\/strong><\/td><td class=\"xl66\" style=\"border-top: none; border-left: none; width: 323pt; text-align: center;\" width=\"431\"><strong>II<span style=\"mso-spacerun: yes;\">\u00a0<\/span><\/strong><\/td><td class=\"xl66\" style=\"border-top: none; border-left: none; width: 323pt; text-align: center;\" width=\"431\"><strong>III<span style=\"mso-spacerun: yes;\">\u00a0<\/span><\/strong><\/td><td class=\"xl66\" style=\"border-top: none; border-left: none; width: 323pt; text-align: center;\" width=\"431\"><strong>IV<span style=\"mso-spacerun: yes;\">\u00a0<\/span><\/strong><\/td><\/tr><tr style=\"height: 18.0pt;\"><td class=\"xl69\" style=\"height: 18.0pt; border-top: none; width: 114pt;\" width=\"152\" height=\"24\">E036<\/td><td class=\"xl72\" style=\"border-top: none; border-left: none; width: 385pt;\" width=\"513\">Atenci\u00f3n<br \/>a Grupos Prioritarios<\/td><td class=\"xl84\" style=\"border-bottom: border-top: none; width: 323pt;\" rowspan=\"3\" width=\"431\"><a href=\"https:\/\/dif.qroo.gob.mx\/wp-content\/uploads\/2025\/03\/SIPPRES-2024-CVMV-I-TRIMESTRE.pdf\" target=\"_blank\" rel=\"noopener\">SIPPRES-2024-CVMV-I TRIMESTRE<\/a><\/td><td class=\"xl84\" style=\"border-bottom: border-top: none; width: 323pt;\" rowspan=\"3\" width=\"431\"><a href=\"https:\/\/dif.qroo.gob.mx\/wp-content\/uploads\/2025\/03\/SIPPRES-2024-CVMV-II-TRIMESTRE.pdf\" target=\"_blank\" rel=\"noopener\">SIPPRES-2024-CVMV-II TRIMESTRE<\/a><\/td><td class=\"xl84\" style=\"border-bottom: border-top: none; width: 323pt;\" rowspan=\"3\" width=\"431\"><a href=\"https:\/\/dif.qroo.gob.mx\/wp-content\/uploads\/2025\/03\/SIPPRES-2024-CVMV-III-TRIMESTRE.pdf\" target=\"_blank\" rel=\"noopener\">SIPPRES-2024-CVMV-III TRIMESTRE<\/a><\/td><td class=\"xl84\" style=\"border-bottom: border-top: none; width: 323pt;\" rowspan=\"3\" width=\"431\"><a href=\"https:\/\/dif.qroo.gob.mx\/wp-content\/uploads\/2025\/03\/SIPPRES-2024-CVMV-IV-TRIMESTRE.pdf\" target=\"_blank\" rel=\"noopener\">SIPPRES-2024-CVMV-IV TRIMESTRE<\/a><\/td><\/tr><tr style=\"height: 18.0pt;\"><td class=\"xl69\" style=\"height: 18.0pt; border-top: none; width: 114pt;\" width=\"152\" height=\"24\">M001<\/td><td class=\"xl72\" style=\"border-top: none; border-left: none; width: 385pt;\" width=\"513\">Administraci\u00f3n<br \/>Responsable de los Recursos<\/td><\/tr><tr style=\"height: 18.0pt;\"><td class=\"xl69\" style=\"height: 18.0pt; border-top: none; width: 114pt;\" width=\"152\" height=\"24\">S009<\/td><td class=\"xl72\" style=\"border-top: none; border-left: none; width: 385pt;\" width=\"513\">Ayudas<br \/>Sociales a Grupos de Atenci\u00f3n Prioritaria<\/td><\/tr><\/tbody><\/table><\/div><p>\u00a0<\/p>\t\t\t\t\t\t\t\t<\/div>\n\t\t\t\t<\/div>\n\t\t\t\t\t<\/div>\n\t\t\t\t<\/div>\n\t\t\t\t<\/div>\n\t\t","protected":false},"excerpt":{"rendered":"<p>\u00a0 SISTEMA DE INTEGRACI\u00d3N PROGRAM\u00c1TICA Y PRESUPUESTAL (SIPPRES) PRO-11 &#8211; C\u00c9DULA DE EVALUACI\u00d3N PROGRAM\u00c1TICA DE INDICADORES (M\u00c9TODO CREMAA) PRO-10 &#8211; OFICIOS DE MEDIOS DE VERIFICACI\u00d3N \u00a0 PROGRAMA PRESUPUESTARIO REPORTE TRIMESTRAL DE AVANCES FOLIO NOMBRE I\u00a0 II\u00a0 III\u00a0 IV\u00a0 E036 Atenci\u00f3na Grupos Prioritarios SIPPRES-2024-CVMV-I TRIMESTRE SIPPRES-2024-CVMV-II TRIMESTRE SIPPRES-2024-CVMV-III TRIMESTRE SIPPRES-2024-CVMV-IV TRIMESTRE M001 Administraci\u00f3nResponsable de los Recursos &#8230; <a title=\"C\u00c9DULA DE EVALUACI\u00d3N PROGRAM\u00c1TICA DE INDICADORES (M\u00c9TODO CREMAA)\" class=\"read-more\" href=\"https:\/\/dif.qroo.gob.mx\/index.php\/cedula-de-evaluacion-programatica-de-indicadores-metodo-cremaa\/\" aria-label=\"Leer m\u00e1s sobre C\u00c9DULA DE EVALUACI\u00d3N PROGRAM\u00c1TICA DE INDICADORES (M\u00c9TODO CREMAA)\">Leer m\u00e1s<\/a><\/p>\n","protected":false},"author":7,"featured_media":0,"parent":0,"menu_order":0,"comment_status":"closed","ping_status":"closed","template":"","meta":{"footnotes":""},"class_list":["post-40362","page","type-page","status-publish"],"yoast_head":"<!-- This site is optimized with the Yoast SEO plugin v27.5 - https:\/\/yoast.com\/product\/yoast-seo-wordpress\/ -->\n<title>C\u00c9DULA DE EVALUACI\u00d3N PROGRAM\u00c1TICA DE INDICADORES (M\u00c9TODO CREMAA) - Sistema para el Desarrollo Integral de la Familia del Estado de Quintana Roo<\/title>\n<meta name=\"robots\" content=\"index, follow, max-snippet:-1, max-image-preview:large, max-video-preview:-1\" \/>\n<link rel=\"canonical\" href=\"https:\/\/dif.qroo.gob.mx\/index.php\/cedula-de-evaluacion-programatica-de-indicadores-metodo-cremaa\/\" \/>\n<meta property=\"og:locale\" content=\"es_MX\" \/>\n<meta property=\"og:type\" content=\"article\" \/>\n<meta property=\"og:title\" content=\"C\u00c9DULA DE EVALUACI\u00d3N PROGRAM\u00c1TICA DE INDICADORES (M\u00c9TODO CREMAA) - Sistema para el Desarrollo Integral de la Familia del Estado de Quintana Roo\" \/>\n<meta property=\"og:description\" content=\"\u00a0 SISTEMA DE INTEGRACI\u00d3N PROGRAM\u00c1TICA Y PRESUPUESTAL (SIPPRES) PRO-11 &#8211; C\u00c9DULA DE EVALUACI\u00d3N PROGRAM\u00c1TICA DE INDICADORES (M\u00c9TODO CREMAA) PRO-10 &#8211; OFICIOS DE MEDIOS DE VERIFICACI\u00d3N \u00a0 PROGRAMA PRESUPUESTARIO REPORTE TRIMESTRAL DE AVANCES FOLIO NOMBRE I\u00a0 II\u00a0 III\u00a0 IV\u00a0 E036 Atenci\u00f3na Grupos Prioritarios SIPPRES-2024-CVMV-I TRIMESTRE SIPPRES-2024-CVMV-II TRIMESTRE SIPPRES-2024-CVMV-III TRIMESTRE SIPPRES-2024-CVMV-IV TRIMESTRE M001 Administraci\u00f3nResponsable de los Recursos ... Leer m\u00e1s\" \/>\n<meta property=\"og:url\" content=\"https:\/\/dif.qroo.gob.mx\/index.php\/cedula-de-evaluacion-programatica-de-indicadores-metodo-cremaa\/\" \/>\n<meta property=\"og:site_name\" content=\"Sistema para el Desarrollo Integral de la Familia del Estado de Quintana Roo\" \/>\n<meta property=\"article:modified_time\" content=\"2025-03-31T18:14:56+00:00\" \/>\n<meta name=\"twitter:card\" content=\"summary_large_image\" \/>\n<meta name=\"twitter:label1\" content=\"Tiempo de lectura\" \/>\n\t<meta name=\"twitter:data1\" content=\"1 minuto\" \/>\n<script type=\"application\/ld+json\" class=\"yoast-schema-graph\">{\"@context\":\"https:\\\/\\\/schema.org\",\"@graph\":[{\"@type\":\"WebPage\",\"@id\":\"https:\\\/\\\/dif.qroo.gob.mx\\\/index.php\\\/cedula-de-evaluacion-programatica-de-indicadores-metodo-cremaa\\\/\",\"url\":\"https:\\\/\\\/dif.qroo.gob.mx\\\/index.php\\\/cedula-de-evaluacion-programatica-de-indicadores-metodo-cremaa\\\/\",\"name\":\"C\u00c9DULA DE EVALUACI\u00d3N PROGRAM\u00c1TICA DE INDICADORES (M\u00c9TODO CREMAA) - Sistema para el Desarrollo Integral de la Familia del Estado de Quintana Roo\",\"isPartOf\":{\"@id\":\"https:\\\/\\\/dif.qroo.gob.mx\\\/#website\"},\"datePublished\":\"2025-03-31T15:00:25+00:00\",\"dateModified\":\"2025-03-31T18:14:56+00:00\",\"breadcrumb\":{\"@id\":\"https:\\\/\\\/dif.qroo.gob.mx\\\/index.php\\\/cedula-de-evaluacion-programatica-de-indicadores-metodo-cremaa\\\/#breadcrumb\"},\"inLanguage\":\"es\",\"potentialAction\":[{\"@type\":\"ReadAction\",\"target\":[\"https:\\\/\\\/dif.qroo.gob.mx\\\/index.php\\\/cedula-de-evaluacion-programatica-de-indicadores-metodo-cremaa\\\/\"]}]},{\"@type\":\"BreadcrumbList\",\"@id\":\"https:\\\/\\\/dif.qroo.gob.mx\\\/index.php\\\/cedula-de-evaluacion-programatica-de-indicadores-metodo-cremaa\\\/#breadcrumb\",\"itemListElement\":[{\"@type\":\"ListItem\",\"position\":1,\"name\":\"Inicio\",\"item\":\"https:\\\/\\\/dif.qroo.gob.mx\\\/\"},{\"@type\":\"ListItem\",\"position\":2,\"name\":\"C\u00c9DULA DE EVALUACI\u00d3N PROGRAM\u00c1TICA DE INDICADORES (M\u00c9TODO CREMAA)\"}]},{\"@type\":\"WebSite\",\"@id\":\"https:\\\/\\\/dif.qroo.gob.mx\\\/#website\",\"url\":\"https:\\\/\\\/dif.qroo.gob.mx\\\/\",\"name\":\"Sistema para el Desarrollo Integral de la Familia del Estado de Quintana Roo\",\"description\":\"DIF Quintana Roo\",\"publisher\":{\"@id\":\"https:\\\/\\\/dif.qroo.gob.mx\\\/#organization\"},\"potentialAction\":[{\"@type\":\"SearchAction\",\"target\":{\"@type\":\"EntryPoint\",\"urlTemplate\":\"https:\\\/\\\/dif.qroo.gob.mx\\\/?s={search_term_string}\"},\"query-input\":{\"@type\":\"PropertyValueSpecification\",\"valueRequired\":true,\"valueName\":\"search_term_string\"}}],\"inLanguage\":\"es\"},{\"@type\":\"Organization\",\"@id\":\"https:\\\/\\\/dif.qroo.gob.mx\\\/#organization\",\"name\":\"Sistema para el Desarrollo Integral de la Familia del Estado de Quintana Roo\",\"url\":\"https:\\\/\\\/dif.qroo.gob.mx\\\/\",\"logo\":{\"@type\":\"ImageObject\",\"inLanguage\":\"es\",\"@id\":\"https:\\\/\\\/dif.qroo.gob.mx\\\/#\\\/schema\\\/logo\\\/image\\\/\",\"url\":\"https:\\\/\\\/dif.qroo.gob.mx\\\/wp-content\\\/uploads\\\/2024\\\/08\\\/cropped-logo_alargado_peque.png\",\"contentUrl\":\"https:\\\/\\\/dif.qroo.gob.mx\\\/wp-content\\\/uploads\\\/2024\\\/08\\\/cropped-logo_alargado_peque.png\",\"width\":480,\"height\":248,\"caption\":\"Sistema para el Desarrollo Integral de la Familia del Estado de Quintana Roo\"},\"image\":{\"@id\":\"https:\\\/\\\/dif.qroo.gob.mx\\\/#\\\/schema\\\/logo\\\/image\\\/\"}}]}<\/script>\n<!-- \/ Yoast SEO plugin. -->","yoast_head_json":{"title":"C\u00c9DULA DE EVALUACI\u00d3N PROGRAM\u00c1TICA DE INDICADORES (M\u00c9TODO CREMAA) - Sistema para el Desarrollo Integral de la Familia del Estado de Quintana Roo","robots":{"index":"index","follow":"follow","max-snippet":"max-snippet:-1","max-image-preview":"max-image-preview:large","max-video-preview":"max-video-preview:-1"},"canonical":"https:\/\/dif.qroo.gob.mx\/index.php\/cedula-de-evaluacion-programatica-de-indicadores-metodo-cremaa\/","og_locale":"es_MX","og_type":"article","og_title":"C\u00c9DULA DE EVALUACI\u00d3N PROGRAM\u00c1TICA DE INDICADORES (M\u00c9TODO CREMAA) - Sistema para el Desarrollo Integral de la Familia del Estado de Quintana Roo","og_description":"\u00a0 SISTEMA DE INTEGRACI\u00d3N PROGRAM\u00c1TICA Y PRESUPUESTAL (SIPPRES) PRO-11 &#8211; C\u00c9DULA DE EVALUACI\u00d3N PROGRAM\u00c1TICA DE INDICADORES (M\u00c9TODO CREMAA) PRO-10 &#8211; OFICIOS DE MEDIOS DE VERIFICACI\u00d3N \u00a0 PROGRAMA PRESUPUESTARIO REPORTE TRIMESTRAL DE AVANCES FOLIO NOMBRE I\u00a0 II\u00a0 III\u00a0 IV\u00a0 E036 Atenci\u00f3na Grupos Prioritarios SIPPRES-2024-CVMV-I TRIMESTRE SIPPRES-2024-CVMV-II TRIMESTRE SIPPRES-2024-CVMV-III TRIMESTRE SIPPRES-2024-CVMV-IV TRIMESTRE M001 Administraci\u00f3nResponsable de los Recursos ... Leer m\u00e1s","og_url":"https:\/\/dif.qroo.gob.mx\/index.php\/cedula-de-evaluacion-programatica-de-indicadores-metodo-cremaa\/","og_site_name":"Sistema para el Desarrollo Integral de la Familia del Estado de Quintana Roo","article_modified_time":"2025-03-31T18:14:56+00:00","twitter_card":"summary_large_image","twitter_misc":{"Tiempo de lectura":"1 minuto"},"schema":{"@context":"https:\/\/schema.org","@graph":[{"@type":"WebPage","@id":"https:\/\/dif.qroo.gob.mx\/index.php\/cedula-de-evaluacion-programatica-de-indicadores-metodo-cremaa\/","url":"https:\/\/dif.qroo.gob.mx\/index.php\/cedula-de-evaluacion-programatica-de-indicadores-metodo-cremaa\/","name":"C\u00c9DULA DE EVALUACI\u00d3N PROGRAM\u00c1TICA DE INDICADORES (M\u00c9TODO CREMAA) - Sistema para el Desarrollo Integral de la Familia del Estado de Quintana Roo","isPartOf":{"@id":"https:\/\/dif.qroo.gob.mx\/#website"},"datePublished":"2025-03-31T15:00:25+00:00","dateModified":"2025-03-31T18:14:56+00:00","breadcrumb":{"@id":"https:\/\/dif.qroo.gob.mx\/index.php\/cedula-de-evaluacion-programatica-de-indicadores-metodo-cremaa\/#breadcrumb"},"inLanguage":"es","potentialAction":[{"@type":"ReadAction","target":["https:\/\/dif.qroo.gob.mx\/index.php\/cedula-de-evaluacion-programatica-de-indicadores-metodo-cremaa\/"]}]},{"@type":"BreadcrumbList","@id":"https:\/\/dif.qroo.gob.mx\/index.php\/cedula-de-evaluacion-programatica-de-indicadores-metodo-cremaa\/#breadcrumb","itemListElement":[{"@type":"ListItem","position":1,"name":"Inicio","item":"https:\/\/dif.qroo.gob.mx\/"},{"@type":"ListItem","position":2,"name":"C\u00c9DULA DE EVALUACI\u00d3N PROGRAM\u00c1TICA DE INDICADORES (M\u00c9TODO CREMAA)"}]},{"@type":"WebSite","@id":"https:\/\/dif.qroo.gob.mx\/#website","url":"https:\/\/dif.qroo.gob.mx\/","name":"Sistema para el Desarrollo Integral de la Familia del Estado de Quintana Roo","description":"DIF Quintana Roo","publisher":{"@id":"https:\/\/dif.qroo.gob.mx\/#organization"},"potentialAction":[{"@type":"SearchAction","target":{"@type":"EntryPoint","urlTemplate":"https:\/\/dif.qroo.gob.mx\/?s={search_term_string}"},"query-input":{"@type":"PropertyValueSpecification","valueRequired":true,"valueName":"search_term_string"}}],"inLanguage":"es"},{"@type":"Organization","@id":"https:\/\/dif.qroo.gob.mx\/#organization","name":"Sistema para el Desarrollo Integral de la Familia del Estado de Quintana Roo","url":"https:\/\/dif.qroo.gob.mx\/","logo":{"@type":"ImageObject","inLanguage":"es","@id":"https:\/\/dif.qroo.gob.mx\/#\/schema\/logo\/image\/","url":"https:\/\/dif.qroo.gob.mx\/wp-content\/uploads\/2024\/08\/cropped-logo_alargado_peque.png","contentUrl":"https:\/\/dif.qroo.gob.mx\/wp-content\/uploads\/2024\/08\/cropped-logo_alargado_peque.png","width":480,"height":248,"caption":"Sistema para el Desarrollo Integral de la Familia del Estado de Quintana Roo"},"image":{"@id":"https:\/\/dif.qroo.gob.mx\/#\/schema\/logo\/image\/"}}]}},"_links":{"self":[{"href":"https:\/\/dif.qroo.gob.mx\/index.php\/wp-json\/wp\/v2\/pages\/40362","targetHints":{"allow":["GET"]}}],"collection":[{"href":"https:\/\/dif.qroo.gob.mx\/index.php\/wp-json\/wp\/v2\/pages"}],"about":[{"href":"https:\/\/dif.qroo.gob.mx\/index.php\/wp-json\/wp\/v2\/types\/page"}],"author":[{"embeddable":true,"href":"https:\/\/dif.qroo.gob.mx\/index.php\/wp-json\/wp\/v2\/users\/7"}],"replies":[{"embeddable":true,"href":"https:\/\/dif.qroo.gob.mx\/index.php\/wp-json\/wp\/v2\/comments?post=40362"}],"version-history":[{"count":11,"href":"https:\/\/dif.qroo.gob.mx\/index.php\/wp-json\/wp\/v2\/pages\/40362\/revisions"}],"predecessor-version":[{"id":40747,"href":"https:\/\/dif.qroo.gob.mx\/index.php\/wp-json\/wp\/v2\/pages\/40362\/revisions\/40747"}],"wp:attachment":[{"href":"https:\/\/dif.qroo.gob.mx\/index.php\/wp-json\/wp\/v2\/media?parent=40362"}],"curies":[{"name":"wp","href":"https:\/\/api.w.org\/{rel}","templated":true}]}}