{"id":39686,"date":"2025-03-20T11:52:03","date_gmt":"2025-03-20T16:52:03","guid":{"rendered":"https:\/\/dif.qroo.gob.mx\/?page_id=39686"},"modified":"2025-03-20T12:03:48","modified_gmt":"2025-03-20T17:03:48","slug":"cedula-de-cualificacion-global","status":"publish","type":"page","link":"https:\/\/dif.qroo.gob.mx\/index.php\/cedula-de-cualificacion-global\/","title":{"rendered":"CEDULA DE CUALIFICACI\u00d3N GLOBAL"},"content":{"rendered":"\t\t<div data-elementor-type=\"wp-page\" data-elementor-id=\"39686\" class=\"elementor elementor-39686\">\n\t\t\t\t<div class=\"elementor-element elementor-element-696e89a e-con-full e-flex e-con e-parent\" data-id=\"696e89a\" data-element_type=\"container\" data-e-type=\"container\">\n\t\t\t\t<div class=\"elementor-element elementor-element-1a7ae92 elementor-widget elementor-widget-text-editor\" data-id=\"1a7ae92\" data-element_type=\"widget\" data-e-type=\"widget\" data-widget_type=\"text-editor.default\">\n\t\t\t\t<div class=\"elementor-widget-container\">\n\t\t\t\t\t\t\t\t\t<table style=\"border-collapse: collapse; table-layout: fixed; width: 916pt;\" border=\"0\" width=\"100\" cellspacing=\"0\" cellpadding=\"0\"><tbody><tr style=\"mso-height-source: userset; height: 61.5pt;\"><td class=\"xl81\" style=\"height: 61.5pt; width: 916pt; text-align: center;\" colspan=\"4\" width=\"100\" height=\"82\"><strong>01 &#8211; C\u00c9DULA DE CUALIFICACI\u00d3N GLOBAL DE LA MATRIZ DE INDICADORES<\/strong><br \/><strong>PARA RESULTADOS DE LOS PROGRAMAS PRESUPUESTARIOS<\/strong><\/td><\/tr><tr style=\"mso-height-source: userset; height: 36.0pt;\"><td class=\"xl82\" style=\"text-align: center;\" colspan=\"2\" width=\"504\" height=\"48\"><strong>PROGRAMA PRESUPUESTARIO<\/strong><\/td><td class=\"xl82\" style=\"text-align: center;\" colspan=\"2\" width=\"717\"><strong>NOTIFICACI\u00d3N DE INFORMACI\u00d3N PROGRAM\u00c1TICA 2024<\/strong><\/td><\/tr><tr style=\"mso-height-source: userset; height: 34.5pt;\"><td class=\"xl66\" style=\"height: 34.5pt; border-top: none; width: 81pt; text-align: center;\" width=\"108\" height=\"46\"><strong>FOLIO<\/strong><\/td><td class=\"xl66\" style=\"border-top: none; border-left: none; width: 2; text-align: center;\" width=\"396\"><strong>NOMBRE<\/strong><\/td><td class=\"xl66\" style=\"border-top: none; border-left: none; width: 2; text-align: center;\" width=\"336\"><b>CALIFICACI\u00d3N<br \/>FINAL GLOBAL<\/b><\/td><td class=\"xl66\" style=\"border-top: none; border-left: none; width: 286pt; text-align: center;\" width=\"381\"><b>OFICIO<\/b><\/td><\/tr><tr style=\"mso-height-source: userset; height: 35.25pt;\"><td class=\"xl69\" style=\"height: 35.25pt; border-top: none; width: 81pt;\" width=\"108\" height=\"47\">E036<\/td><td class=\"xl72\" style=\"border-top: none; border-left: none; width: 297pt;\" width=\"396\">Atenci\u00f3n<br \/>a Grupos Prioritarios<\/td><td class=\"xl67\" style=\"border-top: none; border-left: none; width: 252pt; text-align: center;\" width=\"336\">81,26<\/td><td class=\"xl84\" rowspan=\"2\" width=\"381\"><a href=\"https:\/\/dif.qroo.gob.mx\/wp-content\/uploads\/2025\/03\/SEFIPLAN-SSPHCP-DPPP-DISP-020124-065-I-2024.pdf\" target=\"_blank\" rel=\"noopener\">SEFIPLAN-SSPHCP-DPPP-DISP-020124-065-I-2024<\/a><\/td><\/tr><tr style=\"mso-height-source: userset; height: 32.25pt;\"><td class=\"xl69\" style=\"height: 32.25pt; border-top: none; width: 81pt;\" width=\"108\" height=\"43\">S009<\/td><td class=\"xl72\" style=\"border-top: none; border-left: none; width: 297pt;\" width=\"396\">Ayudas<br \/>Sociales a Grupos de Atenci\u00f3n Prioritaria<\/td><td class=\"xl67\" style=\"border-top: none; border-left: none; width: 252pt; text-align: center;\" width=\"336\">87,91<\/td><\/tr><\/tbody><\/table>\t\t\t\t\t\t\t\t<\/div>\n\t\t\t\t<\/div>\n\t\t\t\t<\/div>\n\t\t\t\t<\/div>\n\t\t","protected":false},"excerpt":{"rendered":"<p>01 &#8211; C\u00c9DULA DE CUALIFICACI\u00d3N GLOBAL DE LA MATRIZ DE INDICADORESPARA RESULTADOS DE LOS PROGRAMAS PRESUPUESTARIOS PROGRAMA PRESUPUESTARIO NOTIFICACI\u00d3N DE INFORMACI\u00d3N PROGRAM\u00c1TICA 2024 FOLIO NOMBRE CALIFICACI\u00d3NFINAL GLOBAL OFICIO E036 Atenci\u00f3na Grupos Prioritarios 81,26 SEFIPLAN-SSPHCP-DPPP-DISP-020124-065-I-2024 S009 AyudasSociales a Grupos de Atenci\u00f3n Prioritaria 87,91<\/p>\n","protected":false},"author":7,"featured_media":0,"parent":0,"menu_order":0,"comment_status":"closed","ping_status":"closed","template":"","meta":{"footnotes":""},"class_list":["post-39686","page","type-page","status-publish"],"yoast_head":"<!-- This site is optimized with the Yoast SEO plugin v27.5 - https:\/\/yoast.com\/product\/yoast-seo-wordpress\/ -->\n<title>CEDULA DE CUALIFICACI\u00d3N GLOBAL - Sistema para el Desarrollo Integral de la Familia del Estado de Quintana Roo<\/title>\n<meta name=\"robots\" content=\"index, follow, max-snippet:-1, max-image-preview:large, max-video-preview:-1\" \/>\n<link rel=\"canonical\" href=\"https:\/\/dif.qroo.gob.mx\/index.php\/cedula-de-cualificacion-global\/\" \/>\n<meta property=\"og:locale\" content=\"es_MX\" \/>\n<meta property=\"og:type\" content=\"article\" \/>\n<meta property=\"og:title\" content=\"CEDULA DE CUALIFICACI\u00d3N GLOBAL - Sistema para el Desarrollo Integral de la Familia del Estado de Quintana Roo\" \/>\n<meta property=\"og:description\" content=\"01 &#8211; C\u00c9DULA DE CUALIFICACI\u00d3N GLOBAL DE LA MATRIZ DE INDICADORESPARA RESULTADOS DE LOS PROGRAMAS PRESUPUESTARIOS PROGRAMA PRESUPUESTARIO NOTIFICACI\u00d3N DE INFORMACI\u00d3N PROGRAM\u00c1TICA 2024 FOLIO NOMBRE CALIFICACI\u00d3NFINAL GLOBAL OFICIO E036 Atenci\u00f3na Grupos Prioritarios 81,26 SEFIPLAN-SSPHCP-DPPP-DISP-020124-065-I-2024 S009 AyudasSociales a Grupos de Atenci\u00f3n Prioritaria 87,91\" \/>\n<meta property=\"og:url\" content=\"https:\/\/dif.qroo.gob.mx\/index.php\/cedula-de-cualificacion-global\/\" \/>\n<meta property=\"og:site_name\" content=\"Sistema para el Desarrollo Integral de la Familia del Estado de Quintana Roo\" \/>\n<meta property=\"article:modified_time\" content=\"2025-03-20T17:03:48+00:00\" \/>\n<meta name=\"twitter:card\" content=\"summary_large_image\" \/>\n<meta name=\"twitter:label1\" content=\"Tiempo de lectura\" \/>\n\t<meta name=\"twitter:data1\" content=\"1 minuto\" \/>\n<script type=\"application\/ld+json\" class=\"yoast-schema-graph\">{\"@context\":\"https:\\\/\\\/schema.org\",\"@graph\":[{\"@type\":\"WebPage\",\"@id\":\"https:\\\/\\\/dif.qroo.gob.mx\\\/index.php\\\/cedula-de-cualificacion-global\\\/\",\"url\":\"https:\\\/\\\/dif.qroo.gob.mx\\\/index.php\\\/cedula-de-cualificacion-global\\\/\",\"name\":\"CEDULA DE CUALIFICACI\u00d3N GLOBAL - Sistema para el Desarrollo Integral de la Familia del Estado de Quintana Roo\",\"isPartOf\":{\"@id\":\"https:\\\/\\\/dif.qroo.gob.mx\\\/#website\"},\"datePublished\":\"2025-03-20T16:52:03+00:00\",\"dateModified\":\"2025-03-20T17:03:48+00:00\",\"breadcrumb\":{\"@id\":\"https:\\\/\\\/dif.qroo.gob.mx\\\/index.php\\\/cedula-de-cualificacion-global\\\/#breadcrumb\"},\"inLanguage\":\"es\",\"potentialAction\":[{\"@type\":\"ReadAction\",\"target\":[\"https:\\\/\\\/dif.qroo.gob.mx\\\/index.php\\\/cedula-de-cualificacion-global\\\/\"]}]},{\"@type\":\"BreadcrumbList\",\"@id\":\"https:\\\/\\\/dif.qroo.gob.mx\\\/index.php\\\/cedula-de-cualificacion-global\\\/#breadcrumb\",\"itemListElement\":[{\"@type\":\"ListItem\",\"position\":1,\"name\":\"Inicio\",\"item\":\"https:\\\/\\\/dif.qroo.gob.mx\\\/\"},{\"@type\":\"ListItem\",\"position\":2,\"name\":\"CEDULA DE CUALIFICACI\u00d3N GLOBAL\"}]},{\"@type\":\"WebSite\",\"@id\":\"https:\\\/\\\/dif.qroo.gob.mx\\\/#website\",\"url\":\"https:\\\/\\\/dif.qroo.gob.mx\\\/\",\"name\":\"Sistema para el Desarrollo Integral de la Familia del Estado de Quintana Roo\",\"description\":\"DIF Quintana Roo\",\"publisher\":{\"@id\":\"https:\\\/\\\/dif.qroo.gob.mx\\\/#organization\"},\"potentialAction\":[{\"@type\":\"SearchAction\",\"target\":{\"@type\":\"EntryPoint\",\"urlTemplate\":\"https:\\\/\\\/dif.qroo.gob.mx\\\/?s={search_term_string}\"},\"query-input\":{\"@type\":\"PropertyValueSpecification\",\"valueRequired\":true,\"valueName\":\"search_term_string\"}}],\"inLanguage\":\"es\"},{\"@type\":\"Organization\",\"@id\":\"https:\\\/\\\/dif.qroo.gob.mx\\\/#organization\",\"name\":\"Sistema para el Desarrollo Integral de la Familia del Estado de Quintana Roo\",\"url\":\"https:\\\/\\\/dif.qroo.gob.mx\\\/\",\"logo\":{\"@type\":\"ImageObject\",\"inLanguage\":\"es\",\"@id\":\"https:\\\/\\\/dif.qroo.gob.mx\\\/#\\\/schema\\\/logo\\\/image\\\/\",\"url\":\"https:\\\/\\\/dif.qroo.gob.mx\\\/wp-content\\\/uploads\\\/2024\\\/08\\\/cropped-logo_alargado_peque.png\",\"contentUrl\":\"https:\\\/\\\/dif.qroo.gob.mx\\\/wp-content\\\/uploads\\\/2024\\\/08\\\/cropped-logo_alargado_peque.png\",\"width\":480,\"height\":248,\"caption\":\"Sistema para el Desarrollo Integral de la Familia del Estado de Quintana Roo\"},\"image\":{\"@id\":\"https:\\\/\\\/dif.qroo.gob.mx\\\/#\\\/schema\\\/logo\\\/image\\\/\"}}]}<\/script>\n<!-- \/ Yoast SEO plugin. -->","yoast_head_json":{"title":"CEDULA DE CUALIFICACI\u00d3N GLOBAL - Sistema para el Desarrollo Integral de la Familia del Estado de Quintana Roo","robots":{"index":"index","follow":"follow","max-snippet":"max-snippet:-1","max-image-preview":"max-image-preview:large","max-video-preview":"max-video-preview:-1"},"canonical":"https:\/\/dif.qroo.gob.mx\/index.php\/cedula-de-cualificacion-global\/","og_locale":"es_MX","og_type":"article","og_title":"CEDULA DE CUALIFICACI\u00d3N GLOBAL - Sistema para el Desarrollo Integral de la Familia del Estado de Quintana Roo","og_description":"01 &#8211; C\u00c9DULA DE CUALIFICACI\u00d3N GLOBAL DE LA MATRIZ DE INDICADORESPARA RESULTADOS DE LOS PROGRAMAS PRESUPUESTARIOS PROGRAMA PRESUPUESTARIO NOTIFICACI\u00d3N DE INFORMACI\u00d3N PROGRAM\u00c1TICA 2024 FOLIO NOMBRE CALIFICACI\u00d3NFINAL GLOBAL OFICIO E036 Atenci\u00f3na Grupos Prioritarios 81,26 SEFIPLAN-SSPHCP-DPPP-DISP-020124-065-I-2024 S009 AyudasSociales a Grupos de Atenci\u00f3n Prioritaria 87,91","og_url":"https:\/\/dif.qroo.gob.mx\/index.php\/cedula-de-cualificacion-global\/","og_site_name":"Sistema para el Desarrollo Integral de la Familia del Estado de Quintana Roo","article_modified_time":"2025-03-20T17:03:48+00:00","twitter_card":"summary_large_image","twitter_misc":{"Tiempo de lectura":"1 minuto"},"schema":{"@context":"https:\/\/schema.org","@graph":[{"@type":"WebPage","@id":"https:\/\/dif.qroo.gob.mx\/index.php\/cedula-de-cualificacion-global\/","url":"https:\/\/dif.qroo.gob.mx\/index.php\/cedula-de-cualificacion-global\/","name":"CEDULA DE CUALIFICACI\u00d3N GLOBAL - Sistema para el Desarrollo Integral de la Familia del Estado de Quintana Roo","isPartOf":{"@id":"https:\/\/dif.qroo.gob.mx\/#website"},"datePublished":"2025-03-20T16:52:03+00:00","dateModified":"2025-03-20T17:03:48+00:00","breadcrumb":{"@id":"https:\/\/dif.qroo.gob.mx\/index.php\/cedula-de-cualificacion-global\/#breadcrumb"},"inLanguage":"es","potentialAction":[{"@type":"ReadAction","target":["https:\/\/dif.qroo.gob.mx\/index.php\/cedula-de-cualificacion-global\/"]}]},{"@type":"BreadcrumbList","@id":"https:\/\/dif.qroo.gob.mx\/index.php\/cedula-de-cualificacion-global\/#breadcrumb","itemListElement":[{"@type":"ListItem","position":1,"name":"Inicio","item":"https:\/\/dif.qroo.gob.mx\/"},{"@type":"ListItem","position":2,"name":"CEDULA DE CUALIFICACI\u00d3N GLOBAL"}]},{"@type":"WebSite","@id":"https:\/\/dif.qroo.gob.mx\/#website","url":"https:\/\/dif.qroo.gob.mx\/","name":"Sistema para el Desarrollo Integral de la Familia del Estado de Quintana Roo","description":"DIF Quintana Roo","publisher":{"@id":"https:\/\/dif.qroo.gob.mx\/#organization"},"potentialAction":[{"@type":"SearchAction","target":{"@type":"EntryPoint","urlTemplate":"https:\/\/dif.qroo.gob.mx\/?s={search_term_string}"},"query-input":{"@type":"PropertyValueSpecification","valueRequired":true,"valueName":"search_term_string"}}],"inLanguage":"es"},{"@type":"Organization","@id":"https:\/\/dif.qroo.gob.mx\/#organization","name":"Sistema para el Desarrollo Integral de la Familia del Estado de Quintana Roo","url":"https:\/\/dif.qroo.gob.mx\/","logo":{"@type":"ImageObject","inLanguage":"es","@id":"https:\/\/dif.qroo.gob.mx\/#\/schema\/logo\/image\/","url":"https:\/\/dif.qroo.gob.mx\/wp-content\/uploads\/2024\/08\/cropped-logo_alargado_peque.png","contentUrl":"https:\/\/dif.qroo.gob.mx\/wp-content\/uploads\/2024\/08\/cropped-logo_alargado_peque.png","width":480,"height":248,"caption":"Sistema para el Desarrollo Integral de la Familia del Estado de Quintana Roo"},"image":{"@id":"https:\/\/dif.qroo.gob.mx\/#\/schema\/logo\/image\/"}}]}},"_links":{"self":[{"href":"https:\/\/dif.qroo.gob.mx\/index.php\/wp-json\/wp\/v2\/pages\/39686","targetHints":{"allow":["GET"]}}],"collection":[{"href":"https:\/\/dif.qroo.gob.mx\/index.php\/wp-json\/wp\/v2\/pages"}],"about":[{"href":"https:\/\/dif.qroo.gob.mx\/index.php\/wp-json\/wp\/v2\/types\/page"}],"author":[{"embeddable":true,"href":"https:\/\/dif.qroo.gob.mx\/index.php\/wp-json\/wp\/v2\/users\/7"}],"replies":[{"embeddable":true,"href":"https:\/\/dif.qroo.gob.mx\/index.php\/wp-json\/wp\/v2\/comments?post=39686"}],"version-history":[{"count":16,"href":"https:\/\/dif.qroo.gob.mx\/index.php\/wp-json\/wp\/v2\/pages\/39686\/revisions"}],"predecessor-version":[{"id":39706,"href":"https:\/\/dif.qroo.gob.mx\/index.php\/wp-json\/wp\/v2\/pages\/39686\/revisions\/39706"}],"wp:attachment":[{"href":"https:\/\/dif.qroo.gob.mx\/index.php\/wp-json\/wp\/v2\/media?parent=39686"}],"curies":[{"name":"wp","href":"https:\/\/api.w.org\/{rel}","templated":true}]}}