{"id":38069,"date":"2024-08-30T15:22:44","date_gmt":"2024-08-30T20:22:44","guid":{"rendered":"https:\/\/dif.qroo.gob.mx\/?page_id=38069"},"modified":"2025-09-22T12:52:03","modified_gmt":"2025-09-22T17:52:03","slug":"tramites-y-servicios-validados","status":"publish","type":"page","link":"https:\/\/dif.qroo.gob.mx\/index.php\/tramites-y-servicios-validados\/","title":{"rendered":"Tr\u00e1mites y Servicios Validados"},"content":{"rendered":"\t\t<div data-elementor-type=\"wp-page\" data-elementor-id=\"38069\" class=\"elementor elementor-38069\">\n\t\t\t\t<div class=\"elementor-element elementor-element-c0b8395 e-flex e-con-boxed e-con e-parent\" data-id=\"c0b8395\" data-element_type=\"container\">\n\t\t\t\t\t<div class=\"e-con-inner\">\n\t\t\t\t<div class=\"elementor-element elementor-element-547ded1 elementor-widget elementor-widget-heading\" data-id=\"547ded1\" data-element_type=\"widget\" data-widget_type=\"heading.default\">\n\t\t\t\t<div class=\"elementor-widget-container\">\n\t\t\t\t\t<h2 class=\"elementor-heading-title elementor-size-default\">Cat\u00e1logo de tr\u00e1mites y servicios con costos y requisitos del Sistema para el Desarrollo Integral de la Familia del Estado de Quintana Roo<\/h2>\t\t\t\t<\/div>\n\t\t\t\t<\/div>\n\t\t\t\t\t<\/div>\n\t\t\t\t<\/div>\n\t\t<div class=\"elementor-element elementor-element-a976825 e-flex e-con-boxed e-con e-parent\" data-id=\"a976825\" data-element_type=\"container\">\n\t\t\t\t\t<div class=\"e-con-inner\">\n\t\t\t\t<div class=\"elementor-element elementor-element-744c723 elementor-widget elementor-widget-text-editor\" data-id=\"744c723\" data-element_type=\"widget\" data-widget_type=\"text-editor.default\">\n\t\t\t\t<div class=\"elementor-widget-container\">\n\t\t\t\t\t\t\t\t\t<table><tbody>\n\n<tr><th>Servicio<\/th><\/tr>\n\n<tr><td><a href=\"https:\/\/www.catalogonacional.gob.mx\/FichaTramite?traHomoclave=DIF-2022-1822-037-A\" target=\"_blank\" rel=\"noopener\"><em>&nbsp;Asesor\u00eda Educativa, Social y Emocional en la Ludoteca DIF 234<\/em><\/a><\/td><\/tr>\n\n<tr><td><a href=\"https:\/\/www.catalogonacional.gob.mx\/FichaTramite?traHomoclave=DIF-2021-1822-007-A\" target=\"_blank\" rel=\"noopener\"><em>&nbsp;Asesor\u00eda Jur\u00eddica en casos relacionados con ni\u00f1as, ni\u00f1os y adolescentes<\/em><\/a><\/td><\/tr>\n\n<tr><td><a href=\"https:\/\/www.catalogonacional.gob.mx\/FichaTramite?traHomoclave=DIF-2022-1822-038-A\" target=\"_blank\" rel=\"noopener\"><em>&nbsp;Asesor\u00eda Jur\u00eddica y Atenci\u00f3n Psicol\u00f3gica al p\u00fablico en general<\/em><\/a><\/td><\/tr>\n\n<tr><td><a href=\"https:\/\/www.catalogonacional.gob.mx\/FichaTramite?traHomoclave=DIF-2021-1822-006-A\" target=\"_blank\" rel=\"noopener\"><em>&nbsp;Asesor\u00eda y asistencia jur\u00eddica a las personas solicitantes de adopci\u00f3n de ni\u00f1as, ni\u00f1os y adolescentes<\/em><\/a><\/td><\/tr>\n\n<tr><td><a href=\"https:\/\/www.catalogonacional.gob.mx\/FichaTramite?traHomoclave=DIF-2022-1822-033-A\" target=\"_blank\" rel=\"noopener\"><em>&nbsp;Atenci\u00f3n Jur\u00eddica y Psicol\u00f3gica en el Centro de Atenci\u00f3n a V\u00edctimas de Violencia<\/em><\/a><\/td><\/tr>\n\n<tr><td><a href=\"https:\/\/www.catalogonacional.gob.mx\/FichaTramite?traHomoclave=DIF-2021-1822-008-A\" target=\"_blank\" rel=\"noopener\"><em>&nbsp;Atenci\u00f3n Psicol\u00f3gica de Ni\u00f1as, Ni\u00f1os y Adolescentes<\/em><\/a><\/td><\/tr>\n\n<tr><td><a href=\"https:\/\/www.catalogonacional.gob.mx\/FichaTramite?traHomoclave=DIF-2022-1822-035-A\" target=\"_blank\" rel=\"noopener\"><em>&nbsp;Atenci\u00f3n Psicol\u00f3gica Especializada en Salud Emocional<\/em><\/a><\/td><\/tr>\n\n<tr><td><a href=\"https:\/\/www.catalogonacional.gob.mx\/FichaTramite?traHomoclave=DIF-2022-1822-040-A\" target=\"_blank\" rel=\"noopener\"><em>&nbsp;Atenci\u00f3n psicol\u00f3gica y jur\u00eddica a personas migrantes y p\u00fablico en general<\/em><\/a><\/td><\/tr>\n\n<tr><td><a href=\"https:\/\/www.catalogonacional.gob.mx\/FichaTramite?traHomoclave=DIF-2022-1822-008-A\" target=\"_blank\" rel=\"noopener\"><em>&nbsp;Ayudas Sociales en Especie<\/em><\/a><\/td><\/tr>\n\n<tr><td><a href=\"https:\/\/www.catalogonacional.gob.mx\/FichaTramite?traHomoclave=DIF-2022-1822-007-A\" target=\"_blank\" rel=\"noopener\"><em>&nbsp;Ayudas Sociales Monetarias<\/em><\/a><\/td><\/tr>\n\n<tr><td><a href=\"https:\/\/www.catalogonacional.gob.mx\/FichaTramite?traHomoclave=DIF-2022-1822-048-A\" target=\"_blank\" rel=\"noopener\"><em>&nbsp;Certificaci\u00f3n de copias de expediente<\/em><\/a><\/td><\/tr>\n\n<tr><td><a href=\"https:\/\/www.catalogonacional.gob.mx\/FichaTramite?traHomoclave=DIF-2021-1822-002-A\" target=\"_blank\" rel=\"noopener\"><em>&nbsp;Certificado de Discapacidad<\/em><\/a><\/td><\/tr>\n\n<tr><td><a href=\"https:\/\/www.catalogonacional.gob.mx\/FichaTramite?traHomoclave=DIF-2022-1822-026-A\" target=\"_blank\" rel=\"noopener\"><em>&nbsp;Certificado M\u00e9dico<\/em><\/a><\/td><\/tr>\n\n<tr><td><a href=\"https:\/\/www.catalogonacional.gob.mx\/FichaTramite?traHomoclave=DIF-2025-1822-002-A\" target=\"_blank\" rel=\"noopener\"><em>&nbsp;Constancia de Dependencia Econ\u00f3mica<\/em><\/a><\/td><\/tr>\n\n<tr><td><a href=\"https:\/\/www.catalogonacional.gob.mx\/FichaTramite?traHomoclave=DIF-2022-1822-025-A\" target=\"_blank\" rel=\"noopener\"><em>&nbsp;Consulta M\u00e9dica<\/em><\/a><\/td><\/tr>\n\n<tr><td><a href=\"https:\/\/www.catalogonacional.gob.mx\/FichaTramite?traHomoclave=DIF-2022-1822-019-A\" target=\"_blank\" rel=\"noopener\"><em>&nbsp;Estudios diagn\u00f3sticos a personas con discapacidad permanente o temporal<\/em><\/a><\/td><\/tr>\n\n<tr><td><a href=\"https:\/\/www.catalogonacional.gob.mx\/FichaTramite?traHomoclave=DIF-2022-1822-023-A\" target=\"_blank\" rel=\"noopener\"><em>&nbsp;Evaluaci\u00f3n diagnostica de autismo<\/em><\/a><\/td><\/tr>\n\n<tr><td><a href=\"https:\/\/www.catalogonacional.gob.mx\/FichaTramite?traHomoclave=DIF-2022-1822-009-A\" target=\"_blank\" rel=\"noopener\"><em>&nbsp;Inscripci\u00f3n a actividades recreativas, culturales y deportivas<\/em><\/a><\/td><\/tr>\n\n<tr><td><a href=\"https:\/\/www.catalogonacional.gob.mx\/FichaTramite?traHomoclave=DIF-2022-1822-027-A\" target=\"_blank\" rel=\"noopener\"><em>&nbsp;Inscripci\u00f3n a cursos de verano<\/em><\/a><\/td><\/tr>\n\n<tr><td><a href=\"https:\/\/www.catalogonacional.gob.mx\/FichaTramite?traHomoclave=DIF-2022-1822-010-A\" target=\"_blank\" rel=\"noopener\"><em>&nbsp;Inscripci\u00f3n a los Centros de Atenci\u00f3n Infantil<\/em><\/a><\/td><\/tr>\n\n<tr><td><a href=\"https:\/\/www.catalogonacional.gob.mx\/FichaTramite?traHomoclave=DIF-2022-1822-044-A\" target=\"_blank\" rel=\"noopener\"><em>&nbsp;Inscripci\u00f3n a los Clubes de Personas Adultas Mayores<\/em><\/a><\/td><\/tr>\n\n<tr><td><a href=\"https:\/\/www.catalogonacional.gob.mx\/FichaTramite?traHomoclave=DIF-2025-1822-003-A\" target=\"_blank\" rel=\"noopener\"><em>&nbsp;Inscripci\u00f3n al Centro de Desarrollo Comunitario PILARES Villas Otoch Para\u00edso<\/em><\/a><\/td><\/tr>\n\n<tr><td><a href=\"https:\/\/www.catalogonacional.gob.mx\/FichaTramite?traHomoclave=DIF-2023-1822-001-A\" target=\"_blank\" rel=\"noopener\"><em>&nbsp;Orientaci\u00f3n y asesor\u00eda en materia de acceso a la informaci\u00f3n p\u00fablica y para el ejercicio de los derechos de acceso, rectificaci\u00f3n, cancelaci\u00f3n y oposici\u00f3n de datos personales (ARCO)<\/em><\/a><\/td><\/tr>\n\n<tr><td><a href=\"https:\/\/www.catalogonacional.gob.mx\/FichaTramite?traHomoclave=DIF-2022-1822-042-A\" target=\"_blank\" rel=\"noopener\"><em>&nbsp;Otorgar Albergue a Familiares de Ni\u00f1as, Ni\u00f1os, Adolescentes con C\u00e1ncer<\/em><\/a><\/td><\/tr>\n\n<tr><td><a href=\"https:\/\/www.catalogonacional.gob.mx\/FichaTramite?traHomoclave=DIF-2024-1822-003-A\" target=\"_blank\" rel=\"noopener\"><em>&nbsp;Programa de Credencial Nacional para Personas con Discapacidad en el Estado de Quintana Roo (CRENAPED)<\/em><\/a><\/td><\/tr>\n\n<tr><td><a href=\"https:\/\/www.catalogonacional.gob.mx\/FichaTramite?traHomoclave=DIF-2023-1822-004-A\" target=\"_blank\" rel=\"noopener\"><em>&nbsp;Recepci\u00f3n de denuncias por incumplimiento a la publicaci\u00f3n de las obligaciones de transparencia<\/em><\/a><\/td><\/tr>\n\n<tr><td><a href=\"https:\/\/www.catalogonacional.gob.mx\/FichaTramite?traHomoclave=DIF-2023-1822-005-A\" target=\"_blank\" rel=\"noopener\"><em>&nbsp;Recepci\u00f3n de recursos de revisi\u00f3n en contra de respuestas o falta de respuestas a solicitudes de informaci\u00f3n p\u00fablica y\/o del ejercicio de derechos ARCO<\/em><\/a><\/td><\/tr>\n\n<tr><td><a href=\"https:\/\/www.catalogonacional.gob.mx\/FichaTramite?traHomoclave=DIF-2022-1822-010-B\" target=\"_blank\" rel=\"noopener\"><em>&nbsp;Reinscripci\u00f3n a los Centros de Atenci\u00f3n Infantil<\/em><\/a><\/td><\/tr>\n\n<tr><td><a href=\"https:\/\/www.catalogonacional.gob.mx\/FichaTramite?traHomoclave=DIF-2025-1822-006-A\" target=\"_blank\" rel=\"noopener\"><em>&nbsp;Servicio de Transporte P\u00fablico Inclusivo UNEDIF<\/em><\/a><\/td><\/tr>\n\n<tr><td><a href=\"https:\/\/www.catalogonacional.gob.mx\/FichaTramite?traHomoclave=DIF-2022-1822-017-A\" target=\"_blank\" rel=\"noopener\"><em>&nbsp;Servicios de rehabilitaci\u00f3n a personas con discapacidad permanente o temporal<\/em><\/a><\/td><\/tr>\n\n<tr><td><a href=\"https:\/\/www.catalogonacional.gob.mx\/FichaTramite?traHomoclave=DIF-2023-1822-003-A\" target=\"_blank\" rel=\"noopener\"><em>&nbsp;Solicitudes de acceso a la informaci\u00f3n p\u00fablica<\/em><\/a><\/td><\/tr>\n\n<tr><td><a href=\"https:\/\/www.catalogonacional.gob.mx\/FichaTramite?traHomoclave=DIF-2023-1822-002-A\" target=\"_blank\" rel=\"noopener\"><em>&nbsp;Solicitudes para el ejercicio de los derechos de acceso, rectificaci\u00f3n, cancelaci\u00f3n y oposici\u00f3n al tratamiento de los datos personales<\/em><\/a><\/td><\/tr>\n\n\n<\/tbody><\/table>\t\t\t\t\t\t\t\t<\/div>\n\t\t\t\t<\/div>\n\t\t\t\t\t<\/div>\n\t\t\t\t<\/div>\n\t\t\t\t<\/div>\n\t\t","protected":false},"excerpt":{"rendered":"<p>Cat\u00e1logo de tr\u00e1mites y servicios con costos y requisitos del Sistema para el Desarrollo Integral de la Familia del Estado de Quintana Roo Servicio &nbsp;Asesor\u00eda Educativa, Social y Emocional en la Ludoteca DIF 234 &nbsp;Asesor\u00eda Jur\u00eddica en casos relacionados con ni\u00f1as, ni\u00f1os y adolescentes &nbsp;Asesor\u00eda Jur\u00eddica y Atenci\u00f3n Psicol\u00f3gica al p\u00fablico en general &nbsp;Asesor\u00eda y &#8230; <a title=\"Tr\u00e1mites y Servicios Validados\" class=\"read-more\" href=\"https:\/\/dif.qroo.gob.mx\/index.php\/tramites-y-servicios-validados\/\" aria-label=\"Leer m\u00e1s sobre Tr\u00e1mites y Servicios Validados\">Leer m\u00e1s<\/a><\/p>\n","protected":false},"author":4,"featured_media":0,"parent":0,"menu_order":0,"comment_status":"closed","ping_status":"closed","template":"","meta":{"footnotes":""},"class_list":["post-38069","page","type-page","status-publish"],"yoast_head":"<!-- This site is optimized with the Yoast SEO plugin v25.3 - https:\/\/yoast.com\/wordpress\/plugins\/seo\/ -->\n<title>Tr\u00e1mites y Servicios Validados - Sistema para el Desarrollo Integral de la Familia del Estado de Quintana Roo<\/title>\n<meta name=\"robots\" content=\"index, follow, max-snippet:-1, max-image-preview:large, max-video-preview:-1\" \/>\n<link rel=\"canonical\" href=\"https:\/\/dif.qroo.gob.mx\/index.php\/tramites-y-servicios-validados\/\" \/>\n<meta property=\"og:locale\" content=\"es_MX\" \/>\n<meta property=\"og:type\" content=\"article\" \/>\n<meta property=\"og:title\" content=\"Tr\u00e1mites y Servicios Validados - Sistema para el Desarrollo Integral de la Familia del Estado de Quintana Roo\" \/>\n<meta property=\"og:description\" content=\"Cat\u00e1logo de tr\u00e1mites y servicios con costos y requisitos del Sistema para el Desarrollo Integral de la Familia del Estado de Quintana Roo Servicio &nbsp;Asesor\u00eda Educativa, Social y Emocional en la Ludoteca DIF 234 &nbsp;Asesor\u00eda Jur\u00eddica en casos relacionados con ni\u00f1as, ni\u00f1os y adolescentes &nbsp;Asesor\u00eda Jur\u00eddica y Atenci\u00f3n Psicol\u00f3gica al p\u00fablico en general &nbsp;Asesor\u00eda y ... Leer m\u00e1s\" \/>\n<meta property=\"og:url\" content=\"https:\/\/dif.qroo.gob.mx\/index.php\/tramites-y-servicios-validados\/\" \/>\n<meta property=\"og:site_name\" content=\"Sistema para el Desarrollo Integral de la Familia del Estado de Quintana Roo\" \/>\n<meta property=\"article:modified_time\" content=\"2025-09-22T17:52:03+00:00\" \/>\n<meta name=\"twitter:card\" content=\"summary_large_image\" \/>\n<meta name=\"twitter:label1\" content=\"Tiempo de lectura\" \/>\n\t<meta name=\"twitter:data1\" content=\"2 minutos\" \/>\n<script type=\"application\/ld+json\" class=\"yoast-schema-graph\">{\"@context\":\"https:\/\/schema.org\",\"@graph\":[{\"@type\":\"WebPage\",\"@id\":\"https:\/\/dif.qroo.gob.mx\/index.php\/tramites-y-servicios-validados\/\",\"url\":\"https:\/\/dif.qroo.gob.mx\/index.php\/tramites-y-servicios-validados\/\",\"name\":\"Tr\u00e1mites y Servicios Validados - Sistema para el Desarrollo Integral de la Familia del Estado de Quintana Roo\",\"isPartOf\":{\"@id\":\"https:\/\/dif.qroo.gob.mx\/#website\"},\"datePublished\":\"2024-08-30T20:22:44+00:00\",\"dateModified\":\"2025-09-22T17:52:03+00:00\",\"breadcrumb\":{\"@id\":\"https:\/\/dif.qroo.gob.mx\/index.php\/tramites-y-servicios-validados\/#breadcrumb\"},\"inLanguage\":\"es\",\"potentialAction\":[{\"@type\":\"ReadAction\",\"target\":[\"https:\/\/dif.qroo.gob.mx\/index.php\/tramites-y-servicios-validados\/\"]}]},{\"@type\":\"BreadcrumbList\",\"@id\":\"https:\/\/dif.qroo.gob.mx\/index.php\/tramites-y-servicios-validados\/#breadcrumb\",\"itemListElement\":[{\"@type\":\"ListItem\",\"position\":1,\"name\":\"Inicio\",\"item\":\"https:\/\/dif.qroo.gob.mx\/\"},{\"@type\":\"ListItem\",\"position\":2,\"name\":\"Tr\u00e1mites y Servicios Validados\"}]},{\"@type\":\"WebSite\",\"@id\":\"https:\/\/dif.qroo.gob.mx\/#website\",\"url\":\"https:\/\/dif.qroo.gob.mx\/\",\"name\":\"Sistema para el Desarrollo Integral de la Familia del Estado de Quintana Roo\",\"description\":\"DIF Quintana Roo\",\"publisher\":{\"@id\":\"https:\/\/dif.qroo.gob.mx\/#organization\"},\"potentialAction\":[{\"@type\":\"SearchAction\",\"target\":{\"@type\":\"EntryPoint\",\"urlTemplate\":\"https:\/\/dif.qroo.gob.mx\/?s={search_term_string}\"},\"query-input\":{\"@type\":\"PropertyValueSpecification\",\"valueRequired\":true,\"valueName\":\"search_term_string\"}}],\"inLanguage\":\"es\"},{\"@type\":\"Organization\",\"@id\":\"https:\/\/dif.qroo.gob.mx\/#organization\",\"name\":\"Sistema para el Desarrollo Integral de la Familia del Estado de Quintana Roo\",\"url\":\"https:\/\/dif.qroo.gob.mx\/\",\"logo\":{\"@type\":\"ImageObject\",\"inLanguage\":\"es\",\"@id\":\"https:\/\/dif.qroo.gob.mx\/#\/schema\/logo\/image\/\",\"url\":\"https:\/\/dif.qroo.gob.mx\/wp-content\/uploads\/2024\/08\/cropped-logo_alargado_peque.png\",\"contentUrl\":\"https:\/\/dif.qroo.gob.mx\/wp-content\/uploads\/2024\/08\/cropped-logo_alargado_peque.png\",\"width\":480,\"height\":248,\"caption\":\"Sistema para el Desarrollo Integral de la Familia del Estado de Quintana Roo\"},\"image\":{\"@id\":\"https:\/\/dif.qroo.gob.mx\/#\/schema\/logo\/image\/\"}}]}<\/script>\n<!-- \/ Yoast SEO plugin. -->","yoast_head_json":{"title":"Tr\u00e1mites y Servicios Validados - Sistema para el Desarrollo Integral de la Familia del Estado de Quintana Roo","robots":{"index":"index","follow":"follow","max-snippet":"max-snippet:-1","max-image-preview":"max-image-preview:large","max-video-preview":"max-video-preview:-1"},"canonical":"https:\/\/dif.qroo.gob.mx\/index.php\/tramites-y-servicios-validados\/","og_locale":"es_MX","og_type":"article","og_title":"Tr\u00e1mites y Servicios Validados - Sistema para el Desarrollo Integral de la Familia del Estado de Quintana Roo","og_description":"Cat\u00e1logo de tr\u00e1mites y servicios con costos y requisitos del Sistema para el Desarrollo Integral de la Familia del Estado de Quintana Roo Servicio &nbsp;Asesor\u00eda Educativa, Social y Emocional en la Ludoteca DIF 234 &nbsp;Asesor\u00eda Jur\u00eddica en casos relacionados con ni\u00f1as, ni\u00f1os y adolescentes &nbsp;Asesor\u00eda Jur\u00eddica y Atenci\u00f3n Psicol\u00f3gica al p\u00fablico en general &nbsp;Asesor\u00eda y ... Leer m\u00e1s","og_url":"https:\/\/dif.qroo.gob.mx\/index.php\/tramites-y-servicios-validados\/","og_site_name":"Sistema para el Desarrollo Integral de la Familia del Estado de Quintana Roo","article_modified_time":"2025-09-22T17:52:03+00:00","twitter_card":"summary_large_image","twitter_misc":{"Tiempo de lectura":"2 minutos"},"schema":{"@context":"https:\/\/schema.org","@graph":[{"@type":"WebPage","@id":"https:\/\/dif.qroo.gob.mx\/index.php\/tramites-y-servicios-validados\/","url":"https:\/\/dif.qroo.gob.mx\/index.php\/tramites-y-servicios-validados\/","name":"Tr\u00e1mites y Servicios Validados - Sistema para el Desarrollo Integral de la Familia del Estado de Quintana Roo","isPartOf":{"@id":"https:\/\/dif.qroo.gob.mx\/#website"},"datePublished":"2024-08-30T20:22:44+00:00","dateModified":"2025-09-22T17:52:03+00:00","breadcrumb":{"@id":"https:\/\/dif.qroo.gob.mx\/index.php\/tramites-y-servicios-validados\/#breadcrumb"},"inLanguage":"es","potentialAction":[{"@type":"ReadAction","target":["https:\/\/dif.qroo.gob.mx\/index.php\/tramites-y-servicios-validados\/"]}]},{"@type":"BreadcrumbList","@id":"https:\/\/dif.qroo.gob.mx\/index.php\/tramites-y-servicios-validados\/#breadcrumb","itemListElement":[{"@type":"ListItem","position":1,"name":"Inicio","item":"https:\/\/dif.qroo.gob.mx\/"},{"@type":"ListItem","position":2,"name":"Tr\u00e1mites y Servicios Validados"}]},{"@type":"WebSite","@id":"https:\/\/dif.qroo.gob.mx\/#website","url":"https:\/\/dif.qroo.gob.mx\/","name":"Sistema para el Desarrollo Integral de la Familia del Estado de Quintana Roo","description":"DIF Quintana Roo","publisher":{"@id":"https:\/\/dif.qroo.gob.mx\/#organization"},"potentialAction":[{"@type":"SearchAction","target":{"@type":"EntryPoint","urlTemplate":"https:\/\/dif.qroo.gob.mx\/?s={search_term_string}"},"query-input":{"@type":"PropertyValueSpecification","valueRequired":true,"valueName":"search_term_string"}}],"inLanguage":"es"},{"@type":"Organization","@id":"https:\/\/dif.qroo.gob.mx\/#organization","name":"Sistema para el Desarrollo Integral de la Familia del Estado de Quintana Roo","url":"https:\/\/dif.qroo.gob.mx\/","logo":{"@type":"ImageObject","inLanguage":"es","@id":"https:\/\/dif.qroo.gob.mx\/#\/schema\/logo\/image\/","url":"https:\/\/dif.qroo.gob.mx\/wp-content\/uploads\/2024\/08\/cropped-logo_alargado_peque.png","contentUrl":"https:\/\/dif.qroo.gob.mx\/wp-content\/uploads\/2024\/08\/cropped-logo_alargado_peque.png","width":480,"height":248,"caption":"Sistema para el Desarrollo Integral de la Familia del Estado de Quintana Roo"},"image":{"@id":"https:\/\/dif.qroo.gob.mx\/#\/schema\/logo\/image\/"}}]}},"_links":{"self":[{"href":"https:\/\/dif.qroo.gob.mx\/index.php\/wp-json\/wp\/v2\/pages\/38069","targetHints":{"allow":["GET"]}}],"collection":[{"href":"https:\/\/dif.qroo.gob.mx\/index.php\/wp-json\/wp\/v2\/pages"}],"about":[{"href":"https:\/\/dif.qroo.gob.mx\/index.php\/wp-json\/wp\/v2\/types\/page"}],"author":[{"embeddable":true,"href":"https:\/\/dif.qroo.gob.mx\/index.php\/wp-json\/wp\/v2\/users\/4"}],"replies":[{"embeddable":true,"href":"https:\/\/dif.qroo.gob.mx\/index.php\/wp-json\/wp\/v2\/comments?post=38069"}],"version-history":[{"count":14,"href":"https:\/\/dif.qroo.gob.mx\/index.php\/wp-json\/wp\/v2\/pages\/38069\/revisions"}],"predecessor-version":[{"id":41760,"href":"https:\/\/dif.qroo.gob.mx\/index.php\/wp-json\/wp\/v2\/pages\/38069\/revisions\/41760"}],"wp:attachment":[{"href":"https:\/\/dif.qroo.gob.mx\/index.php\/wp-json\/wp\/v2\/media?parent=38069"}],"curies":[{"name":"wp","href":"https:\/\/api.w.org\/{rel}","templated":true}]}}