{"id":37917,"date":"2024-08-30T12:00:55","date_gmt":"2024-08-30T17:00:55","guid":{"rendered":"https:\/\/dif.qroo.gob.mx\/?page_id=37917"},"modified":"2024-08-30T12:06:25","modified_gmt":"2024-08-30T17:06:25","slug":"formatos-de-solicitud-del-sistema-dif-estatal","status":"publish","type":"page","link":"https:\/\/dif.qroo.gob.mx\/index.php\/formatos-de-solicitud-del-sistema-dif-estatal\/","title":{"rendered":"Formatos de Solicitud del Sistema DIF Estatal"},"content":{"rendered":"\t\t<div data-elementor-type=\"wp-page\" data-elementor-id=\"37917\" class=\"elementor elementor-37917\">\n\t\t\t\t<div class=\"elementor-element elementor-element-a18e496 e-flex e-con-boxed e-con e-parent\" data-id=\"a18e496\" data-element_type=\"container\">\n\t\t\t\t\t<div class=\"e-con-inner\">\n\t\t\t\t<div class=\"elementor-element elementor-element-43edde1 elementor-widget elementor-widget-heading\" data-id=\"43edde1\" data-element_type=\"widget\" data-widget_type=\"heading.default\">\n\t\t\t\t<div class=\"elementor-widget-container\">\n\t\t\t\t\t<h1 class=\"elementor-heading-title elementor-size-default\">Formatos de Solicitud del Sistema DIF Estatal<\/h1>\t\t\t\t<\/div>\n\t\t\t\t<\/div>\n\t\t\t\t\t<\/div>\n\t\t\t\t<\/div>\n\t\t<div class=\"elementor-element elementor-element-3ad5787 e-flex e-con-boxed e-con e-parent\" data-id=\"3ad5787\" data-element_type=\"container\">\n\t\t\t\t\t<div class=\"e-con-inner\">\n\t\t\t\t<div class=\"elementor-element elementor-element-4d81ec0 elementor-widget elementor-widget-eael-adv-accordion\" data-id=\"4d81ec0\" data-element_type=\"widget\" data-widget_type=\"eael-adv-accordion.default\">\n\t\t\t\t<div class=\"elementor-widget-container\">\n\t\t\t\t\t        <div class=\"eael-adv-accordion\" id=\"eael-adv-accordion-4d81ec0\" data-scroll-on-click=\"no\" data-scroll-speed=\"300\" data-accordion-id=\"4d81ec0\" data-accordion-type=\"accordion\" data-toogle-speed=\"300\">\n    <div class=\"eael-accordion-list\">\n                <div id=\"direccin-de-asistencia-social-y-atencin-ciudadana-estudio-primer-nivel-dasac-\" class=\"elementor-tab-title eael-accordion-header\" tabindex=\"0\" data-tab=\"1\" aria-controls=\"elementor-tab-content-8121\"><span class=\"eael-advanced-accordion-icon-closed\"><svg aria-hidden=\"true\" class=\"fa-accordion-icon e-font-icon-svg e-fas-plus\" viewBox=\"0 0 448 512\" xmlns=\"http:\/\/www.w3.org\/2000\/svg\"><path d=\"M416 208H272V64c0-17.67-14.33-32-32-32h-32c-17.67 0-32 14.33-32 32v144H32c-17.67 0-32 14.33-32 32v32c0 17.67 14.33 32 32 32h144v144c0 17.67 14.33 32 32 32h32c17.67 0 32-14.33 32-32V304h144c17.67 0 32-14.33 32-32v-32c0-17.67-14.33-32-32-32z\"><\/path><\/svg><\/span><span class=\"eael-advanced-accordion-icon-opened\"><svg aria-hidden=\"true\" class=\"fa-accordion-icon e-font-icon-svg e-fas-minus\" viewBox=\"0 0 448 512\" xmlns=\"http:\/\/www.w3.org\/2000\/svg\"><path d=\"M416 208H32c-17.67 0-32 14.33-32 32v32c0 17.67 14.33 32 32 32h384c17.67 0 32-14.33 32-32v-32c0-17.67-14.33-32-32-32z\"><\/path><\/svg><\/span><span class=\"eael-accordion-tab-title\">DIRECCI\u00d3N DE ASISTENCIA SOCIAL Y ATENCI\u00d3N CIUDADANA (Estudio Primer Nivel (DASAC))\t<\/span><svg aria-hidden=\"true\" class=\"fa-toggle e-font-icon-svg e-fas-angle-right\" viewBox=\"0 0 256 512\" xmlns=\"http:\/\/www.w3.org\/2000\/svg\"><path d=\"M224.3 273l-136 136c-9.4 9.4-24.6 9.4-33.9 0l-22.6-22.6c-9.4-9.4-9.4-24.6 0-33.9l96.4-96.4-96.4-96.4c-9.4-9.4-9.4-24.6 0-33.9L54.3 103c9.4-9.4 24.6-9.4 33.9 0l136 136c9.5 9.4 9.5 24.6.1 34z\"><\/path><\/svg><\/div><div id=\"elementor-tab-content-8121\" class=\"eael-accordion-content clearfix\" data-tab=\"1\" aria-labelledby=\"direccin-de-asistencia-social-y-atencin-ciudadana-estudio-primer-nivel-dasac-\"><table><tbody><tr><th>ARCHIVO<\/th><th>DESCARGAR<\/th><\/tr><tr><td>* FORMATO DE ESTUDIO DE PRIMER NIVEL (TRABAJO SOCIAL).<\/td><td style=\"text-align: center;\"><a href=\"https:\/\/dif.qroo.gob.mx\/\/wp-content\/uploads\/2024\/08\/Estudio-Primer-Nivel-DASAC.pdf\" target=\"_blank\" rel=\"noopener\"><em>\u00a0Descargar<\/em><\/a><\/td><\/tr><\/tbody><\/table><\/div>\n                <\/div><div class=\"eael-accordion-list\">\n                <div id=\"centros-de-atencin-infantil-entrevista-trabajo-social-cai\" class=\"elementor-tab-title eael-accordion-header\" tabindex=\"0\" data-tab=\"2\" aria-controls=\"elementor-tab-content-8122\"><span class=\"eael-advanced-accordion-icon-closed\"><svg aria-hidden=\"true\" class=\"fa-accordion-icon e-font-icon-svg e-fas-plus\" viewBox=\"0 0 448 512\" xmlns=\"http:\/\/www.w3.org\/2000\/svg\"><path d=\"M416 208H272V64c0-17.67-14.33-32-32-32h-32c-17.67 0-32 14.33-32 32v144H32c-17.67 0-32 14.33-32 32v32c0 17.67 14.33 32 32 32h144v144c0 17.67 14.33 32 32 32h32c17.67 0 32-14.33 32-32V304h144c17.67 0 32-14.33 32-32v-32c0-17.67-14.33-32-32-32z\"><\/path><\/svg><\/span><span class=\"eael-advanced-accordion-icon-opened\"><svg aria-hidden=\"true\" class=\"fa-accordion-icon e-font-icon-svg e-fas-minus\" viewBox=\"0 0 448 512\" xmlns=\"http:\/\/www.w3.org\/2000\/svg\"><path d=\"M416 208H32c-17.67 0-32 14.33-32 32v32c0 17.67 14.33 32 32 32h384c17.67 0 32-14.33 32-32v-32c0-17.67-14.33-32-32-32z\"><\/path><\/svg><\/span><span class=\"eael-accordion-tab-title\">CENTROS DE ATENCI\u00d3N INFANTIL (Entrevista Trabajo Social (CAI))<\/span><svg aria-hidden=\"true\" class=\"fa-toggle e-font-icon-svg e-fas-angle-right\" viewBox=\"0 0 256 512\" xmlns=\"http:\/\/www.w3.org\/2000\/svg\"><path d=\"M224.3 273l-136 136c-9.4 9.4-24.6 9.4-33.9 0l-22.6-22.6c-9.4-9.4-9.4-24.6 0-33.9l96.4-96.4-96.4-96.4c-9.4-9.4-9.4-24.6 0-33.9L54.3 103c9.4-9.4 24.6-9.4 33.9 0l136 136c9.5 9.4 9.5 24.6.1 34z\"><\/path><\/svg><\/div><div id=\"elementor-tab-content-8122\" class=\"eael-accordion-content clearfix\" data-tab=\"2\" aria-labelledby=\"centros-de-atencin-infantil-entrevista-trabajo-social-cai\"><table><tbody><tr><th>ARCHIVO<\/th><th>DESCARGAR<\/th><\/tr><tr><td>* CENTRO DE DESARROLLO INFANTIL 1 DEL SISTEMA PARA EL DESARROLLO INTEGRAL DE LA FAMILIA DEL ESTADO DE QUINTANA ROO.<br \/>* CENTRO DE DESARROLLO INFANTIL 2 DEL SISTEMA PARA EL DESARROLLO INTEGRAL DE LA FAMILIA DEL ESTADO DE QUINTANA ROO.<br \/>* CENTRO INTEGRAL DE PRIMERA INFANCIA MOOTS YA AXCHE.<br \/>* CENTRO INTEGRAL DE PRIMERA INFANCIA BACALAR.<br \/>* CENTRO INTEGRAL DE PRIMERA INFANCIA CARMELINA H. DE L\u00d3PEZ LIRA.<br \/>* CENTRO INTEGRAL DE PRIMERA INFANCIA CHUUN KOOP\u00d3.<br \/>* CENTRO INTEGRAL DE PRIMERA INFANCIA VILLAS OTOCH PARAISO.<\/td><td style=\"text-align: center;\"><a href=\"https:\/\/dif.qroo.gob.mx\/\/wp-content\/uploads\/2024\/08\/Entrevista-Trabajo-Social-CAI.pdf\" target=\"_blank\" rel=\"noopener\"><em>\u00a0Descargar<\/em><\/a><\/td><\/tr><\/tbody><\/table><\/div>\n                <\/div><div class=\"eael-accordion-list\">\n                <div id=\"centros-de-rehabilitacin-integral-y-centros-de-autismo-estudio-socioeconmico-criaut\" class=\"elementor-tab-title eael-accordion-header\" tabindex=\"0\" data-tab=\"3\" aria-controls=\"elementor-tab-content-8123\"><span class=\"eael-advanced-accordion-icon-closed\"><svg aria-hidden=\"true\" class=\"fa-accordion-icon e-font-icon-svg e-fas-plus\" viewBox=\"0 0 448 512\" xmlns=\"http:\/\/www.w3.org\/2000\/svg\"><path d=\"M416 208H272V64c0-17.67-14.33-32-32-32h-32c-17.67 0-32 14.33-32 32v144H32c-17.67 0-32 14.33-32 32v32c0 17.67 14.33 32 32 32h144v144c0 17.67 14.33 32 32 32h32c17.67 0 32-14.33 32-32V304h144c17.67 0 32-14.33 32-32v-32c0-17.67-14.33-32-32-32z\"><\/path><\/svg><\/span><span class=\"eael-advanced-accordion-icon-opened\"><svg aria-hidden=\"true\" class=\"fa-accordion-icon e-font-icon-svg e-fas-minus\" viewBox=\"0 0 448 512\" xmlns=\"http:\/\/www.w3.org\/2000\/svg\"><path d=\"M416 208H32c-17.67 0-32 14.33-32 32v32c0 17.67 14.33 32 32 32h384c17.67 0 32-14.33 32-32v-32c0-17.67-14.33-32-32-32z\"><\/path><\/svg><\/span><span class=\"eael-accordion-tab-title\">CENTROS DE REHABILITACI\u00d3N INTEGRAL Y CENTROS DE AUTISMO (Estudio Socioecon\u00f3mico (CRI,AUT))<\/span><svg aria-hidden=\"true\" class=\"fa-toggle e-font-icon-svg e-fas-angle-right\" viewBox=\"0 0 256 512\" xmlns=\"http:\/\/www.w3.org\/2000\/svg\"><path d=\"M224.3 273l-136 136c-9.4 9.4-24.6 9.4-33.9 0l-22.6-22.6c-9.4-9.4-9.4-24.6 0-33.9l96.4-96.4-96.4-96.4c-9.4-9.4-9.4-24.6 0-33.9L54.3 103c9.4-9.4 24.6-9.4 33.9 0l136 136c9.5 9.4 9.5 24.6.1 34z\"><\/path><\/svg><\/div><div id=\"elementor-tab-content-8123\" class=\"eael-accordion-content clearfix\" data-tab=\"3\" aria-labelledby=\"centros-de-rehabilitacin-integral-y-centros-de-autismo-estudio-socioeconmico-criaut\"><table><tbody><tr><th>ARCHIVO<\/th><th>DESCARGAR<\/th><\/tr><tr><td>* CENTRO DE REHABILITACI\u00d3N INTEGRAL DE QUINTANA ROO.<br \/>* CENTRO DE REHABILITACI\u00d3N INTEGRAL MUNICIPAL JOSE MARIA MORELOS.<br \/>* CENTRO DE REHABILITACION MUNICIPAL LAZARO CARDENAS.<br \/>* CENTRO DE REHABILITACION INTEGRAL MUNICIPAL FELIPE CARRILLO PUERTO.<br \/>* CENTRO DE REHABILITACION INTEGRAL MUNICIPAL COZUMEL.<br \/>* CENTRO DE AUTISMO DE CHETUMAL.<br \/>* CENTRO DE AUTISMO DE ZONA NORTE.<\/td><td style=\"text-align: center;\"><a href=\"https:\/\/dif.qroo.gob.mx\/\/wp-content\/uploads\/2024\/08\/Estudio-Socioeconomico-CRIAUT.pdf\" target=\"_blank\" rel=\"noopener\"><em>\u00a0Descargar<\/em><\/a><\/td><\/tr><\/tbody><\/table><\/div>\n                <\/div><div class=\"eael-accordion-list\">\n                <div id=\"direccin-jurdica-y-unidad-de-transparencia-acceso-a-la-informacin-pblica-y-proteccin-de-datos-personales\" class=\"elementor-tab-title eael-accordion-header\" tabindex=\"0\" data-tab=\"4\" aria-controls=\"elementor-tab-content-8124\"><span class=\"eael-advanced-accordion-icon-closed\"><svg aria-hidden=\"true\" class=\"fa-accordion-icon e-font-icon-svg e-fas-plus\" viewBox=\"0 0 448 512\" xmlns=\"http:\/\/www.w3.org\/2000\/svg\"><path d=\"M416 208H272V64c0-17.67-14.33-32-32-32h-32c-17.67 0-32 14.33-32 32v144H32c-17.67 0-32 14.33-32 32v32c0 17.67 14.33 32 32 32h144v144c0 17.67 14.33 32 32 32h32c17.67 0 32-14.33 32-32V304h144c17.67 0 32-14.33 32-32v-32c0-17.67-14.33-32-32-32z\"><\/path><\/svg><\/span><span class=\"eael-advanced-accordion-icon-opened\"><svg aria-hidden=\"true\" class=\"fa-accordion-icon e-font-icon-svg e-fas-minus\" viewBox=\"0 0 448 512\" xmlns=\"http:\/\/www.w3.org\/2000\/svg\"><path d=\"M416 208H32c-17.67 0-32 14.33-32 32v32c0 17.67 14.33 32 32 32h384c17.67 0 32-14.33 32-32v-32c0-17.67-14.33-32-32-32z\"><\/path><\/svg><\/span><span class=\"eael-accordion-tab-title\">DIRECCI\u00d3N JUR\u00cdDICA Y UNIDAD DE TRANSPARENCIA, ACCESO A LA INFORMACI\u00d3N P\u00daBLICA Y PROTECCI\u00d3N DE DATOS PERSONALES<\/span><svg aria-hidden=\"true\" class=\"fa-toggle e-font-icon-svg e-fas-angle-right\" viewBox=\"0 0 256 512\" xmlns=\"http:\/\/www.w3.org\/2000\/svg\"><path d=\"M224.3 273l-136 136c-9.4 9.4-24.6 9.4-33.9 0l-22.6-22.6c-9.4-9.4-9.4-24.6 0-33.9l96.4-96.4-96.4-96.4c-9.4-9.4-9.4-24.6 0-33.9L54.3 103c9.4-9.4 24.6-9.4 33.9 0l136 136c9.5 9.4 9.5 24.6.1 34z\"><\/path><\/svg><\/div><div id=\"elementor-tab-content-8124\" class=\"eael-accordion-content clearfix\" data-tab=\"4\" aria-labelledby=\"direccin-jurdica-y-unidad-de-transparencia-acceso-a-la-informacin-pblica-y-proteccin-de-datos-personales\"><table><tbody><tr><th>ARCHIVOS<\/th><th>DESCARGAR<\/th><\/tr><tr><td>FORMATO DE DENUNCIA POR INCUMPLIMIENTO A LAS OBLIGACIONES DE TRANSPARENCIA.<\/td><td style=\"text-align: center;\"><a href=\"https:\/\/dif.qroo.gob.mx\/\/wp-content\/uploads\/2024\/08\/Formato-denuncia-por-Incumplimiento-a-las-Obligaciones-de-Transparencia.pdf\" target=\"_blank\" rel=\"noopener\"><em>\u00a0Descargar<\/em><\/a><\/td><\/tr><tr><td>FORMATO DE SOLICITUD DE ASESOR\u00cdAS.<\/td><td style=\"text-align: center;\"><a href=\"https:\/\/dif.qroo.gob.mx\/\/wp-content\/uploads\/2024\/08\/Formato-Solicitud-de-Asesorias.pdf\" target=\"_blank\" rel=\"noopener\"><em>\u00a0Descargar<\/em><\/a><\/td><\/tr><tr><td>FORMATO DE SOLICITUD DE INFORMACI\u00d3N P\u00daBLICA.<\/td><td style=\"text-align: center;\"><a href=\"https:\/\/dif.qroo.gob.mx\/\/wp-content\/uploads\/2024\/08\/Formato-Solicitud-de-Informacion-Publica-2023.pdf\" target=\"_blank\" rel=\"noopener\"><em>\u00a0Descargar<\/em><\/a><\/td><\/tr><tr><td>SOLICITUD PARA EL EJERCICIO DE LOS DERECHOS ARCO (ACCESO, RECTIFICACI\u00d3N, CANCELACI\u00d3N Y OPOSICI\u00d3N).<\/td><td style=\"text-align: center;\"><a href=\"https:\/\/dif.qroo.gob.mx\/\/wp-content\/uploads\/2024\/08\/Formato-Solicitud-Derechos-ARCO-2023.pdf\" target=\"_blank\" rel=\"noopener\"><em>\u00a0Descargar<\/em><\/a><\/td><\/tr><tr><td>RECEPCI\u00d3N DE RECURSOS DE REVISI\u00d3N EN CONTRA DE RESPUESTAS O FALTA DE RESPUESTAS A SOLICITUDES DE INFORMACI\u00d3N P\u00daBLICA Y\/O DEL EJERCICIO DE DERECHOS ARCO.<\/td><td style=\"text-align: center;\"><a href=\"https:\/\/dif.qroo.gob.mx\/\/wp-content\/uploads\/2024\/08\/FRRARCOyP.pdf\" target=\"_blank\" rel=\"noopener\"><em>\u00a0Descargar<\/em><\/a><\/td><\/tr><\/tbody><\/table><\/div>\n                <\/div><div class=\"eael-accordion-list\">\n                <div id=\"direccin-de-recreacion-cultura-y-deporte-formato-inscripcin-recude\" class=\"elementor-tab-title eael-accordion-header\" tabindex=\"0\" data-tab=\"5\" aria-controls=\"elementor-tab-content-8125\"><span class=\"eael-advanced-accordion-icon-closed\"><svg aria-hidden=\"true\" class=\"fa-accordion-icon e-font-icon-svg e-fas-plus\" viewBox=\"0 0 448 512\" xmlns=\"http:\/\/www.w3.org\/2000\/svg\"><path d=\"M416 208H272V64c0-17.67-14.33-32-32-32h-32c-17.67 0-32 14.33-32 32v144H32c-17.67 0-32 14.33-32 32v32c0 17.67 14.33 32 32 32h144v144c0 17.67 14.33 32 32 32h32c17.67 0 32-14.33 32-32V304h144c17.67 0 32-14.33 32-32v-32c0-17.67-14.33-32-32-32z\"><\/path><\/svg><\/span><span class=\"eael-advanced-accordion-icon-opened\"><svg aria-hidden=\"true\" class=\"fa-accordion-icon e-font-icon-svg e-fas-minus\" viewBox=\"0 0 448 512\" xmlns=\"http:\/\/www.w3.org\/2000\/svg\"><path d=\"M416 208H32c-17.67 0-32 14.33-32 32v32c0 17.67 14.33 32 32 32h384c17.67 0 32-14.33 32-32v-32c0-17.67-14.33-32-32-32z\"><\/path><\/svg><\/span><span class=\"eael-accordion-tab-title\">DIRECCI\u00d3N DE RECREACION, CULTURA Y DEPORTE (Formato inscripci\u00f3n (RECUDE))<\/span><svg aria-hidden=\"true\" class=\"fa-toggle e-font-icon-svg e-fas-angle-right\" viewBox=\"0 0 256 512\" xmlns=\"http:\/\/www.w3.org\/2000\/svg\"><path d=\"M224.3 273l-136 136c-9.4 9.4-24.6 9.4-33.9 0l-22.6-22.6c-9.4-9.4-9.4-24.6 0-33.9l96.4-96.4-96.4-96.4c-9.4-9.4-9.4-24.6 0-33.9L54.3 103c9.4-9.4 24.6-9.4 33.9 0l136 136c9.5 9.4 9.5 24.6.1 34z\"><\/path><\/svg><\/div><div id=\"elementor-tab-content-8125\" class=\"eael-accordion-content clearfix\" data-tab=\"5\" aria-labelledby=\"direccin-de-recreacion-cultura-y-deporte-formato-inscripcin-recude\"><table><tbody><tr><th>ARCHIVO<\/th><th>DESCARGAR<\/th><\/tr><tr><td>* FORMATO DE INSCRIPCI\u00d3N.<\/td><td style=\"text-align: center;\"><a href=\"https:\/\/dif.qroo.gob.mx\/\/wp-content\/uploads\/2024\/08\/Formato-inscripcion-RECUDE.pdf\" target=\"_blank\" rel=\"noopener\"><em>\u00a0Descargar<\/em><\/a><\/td><\/tr><\/tbody><\/table><\/div>\n                <\/div><\/div>\t\t\t\t<\/div>\n\t\t\t\t<\/div>\n\t\t\t\t\t<\/div>\n\t\t\t\t<\/div>\n\t\t\t\t<\/div>\n\t\t","protected":false},"excerpt":{"rendered":"<p>Formatos de Solicitud del Sistema DIF Estatal DIRECCI\u00d3N DE ASISTENCIA SOCIAL Y ATENCI\u00d3N CIUDADANA (Estudio Primer Nivel (DASAC)) ARCHIVO DESCARGAR * FORMATO DE ESTUDIO DE PRIMER NIVEL (TRABAJO SOCIAL). \u00a0Descargar CENTROS DE ATENCI\u00d3N INFANTIL (Entrevista Trabajo Social (CAI)) ARCHIVO DESCARGAR * CENTRO DE DESARROLLO INFANTIL 1 DEL SISTEMA PARA EL DESARROLLO INTEGRAL DE LA FAMILIA &#8230; <a title=\"Formatos de Solicitud del Sistema DIF Estatal\" class=\"read-more\" href=\"https:\/\/dif.qroo.gob.mx\/index.php\/formatos-de-solicitud-del-sistema-dif-estatal\/\" aria-label=\"Leer m\u00e1s sobre Formatos de Solicitud del Sistema DIF Estatal\">Leer m\u00e1s<\/a><\/p>\n","protected":false},"author":4,"featured_media":0,"parent":0,"menu_order":0,"comment_status":"closed","ping_status":"closed","template":"","meta":{"footnotes":""},"class_list":["post-37917","page","type-page","status-publish"],"yoast_head":"<!-- This site is optimized with the Yoast SEO plugin v25.3 - https:\/\/yoast.com\/wordpress\/plugins\/seo\/ -->\n<title>Formatos de Solicitud del Sistema DIF Estatal - Sistema para el Desarrollo Integral de la Familia del Estado de Quintana Roo<\/title>\n<meta name=\"robots\" content=\"index, follow, max-snippet:-1, max-image-preview:large, max-video-preview:-1\" \/>\n<link rel=\"canonical\" href=\"https:\/\/dif.qroo.gob.mx\/index.php\/formatos-de-solicitud-del-sistema-dif-estatal\/\" \/>\n<meta property=\"og:locale\" content=\"es_MX\" \/>\n<meta property=\"og:type\" content=\"article\" \/>\n<meta property=\"og:title\" content=\"Formatos de Solicitud del Sistema DIF Estatal - Sistema para el Desarrollo Integral de la Familia del Estado de Quintana Roo\" \/>\n<meta property=\"og:description\" content=\"Formatos de Solicitud del Sistema DIF Estatal DIRECCI\u00d3N DE ASISTENCIA SOCIAL Y ATENCI\u00d3N CIUDADANA (Estudio Primer Nivel (DASAC)) ARCHIVO DESCARGAR * FORMATO DE ESTUDIO DE PRIMER NIVEL (TRABAJO SOCIAL). \u00a0Descargar CENTROS DE ATENCI\u00d3N INFANTIL (Entrevista Trabajo Social (CAI)) ARCHIVO DESCARGAR * CENTRO DE DESARROLLO INFANTIL 1 DEL SISTEMA PARA EL DESARROLLO INTEGRAL DE LA FAMILIA ... Leer m\u00e1s\" \/>\n<meta property=\"og:url\" content=\"https:\/\/dif.qroo.gob.mx\/index.php\/formatos-de-solicitud-del-sistema-dif-estatal\/\" \/>\n<meta property=\"og:site_name\" content=\"Sistema para el Desarrollo Integral de la Familia del Estado de Quintana Roo\" \/>\n<meta property=\"article:modified_time\" content=\"2024-08-30T17:06:25+00:00\" \/>\n<meta name=\"twitter:card\" content=\"summary_large_image\" \/>\n<script type=\"application\/ld+json\" class=\"yoast-schema-graph\">{\"@context\":\"https:\/\/schema.org\",\"@graph\":[{\"@type\":\"WebPage\",\"@id\":\"https:\/\/dif.qroo.gob.mx\/index.php\/formatos-de-solicitud-del-sistema-dif-estatal\/\",\"url\":\"https:\/\/dif.qroo.gob.mx\/index.php\/formatos-de-solicitud-del-sistema-dif-estatal\/\",\"name\":\"Formatos de Solicitud del Sistema DIF Estatal - Sistema para el Desarrollo Integral de la Familia del Estado de Quintana Roo\",\"isPartOf\":{\"@id\":\"https:\/\/dif.qroo.gob.mx\/#website\"},\"datePublished\":\"2024-08-30T17:00:55+00:00\",\"dateModified\":\"2024-08-30T17:06:25+00:00\",\"breadcrumb\":{\"@id\":\"https:\/\/dif.qroo.gob.mx\/index.php\/formatos-de-solicitud-del-sistema-dif-estatal\/#breadcrumb\"},\"inLanguage\":\"es\",\"potentialAction\":[{\"@type\":\"ReadAction\",\"target\":[\"https:\/\/dif.qroo.gob.mx\/index.php\/formatos-de-solicitud-del-sistema-dif-estatal\/\"]}]},{\"@type\":\"BreadcrumbList\",\"@id\":\"https:\/\/dif.qroo.gob.mx\/index.php\/formatos-de-solicitud-del-sistema-dif-estatal\/#breadcrumb\",\"itemListElement\":[{\"@type\":\"ListItem\",\"position\":1,\"name\":\"Inicio\",\"item\":\"https:\/\/dif.qroo.gob.mx\/\"},{\"@type\":\"ListItem\",\"position\":2,\"name\":\"Formatos de Solicitud del Sistema DIF Estatal\"}]},{\"@type\":\"WebSite\",\"@id\":\"https:\/\/dif.qroo.gob.mx\/#website\",\"url\":\"https:\/\/dif.qroo.gob.mx\/\",\"name\":\"Sistema para el Desarrollo Integral de la Familia del Estado de Quintana Roo\",\"description\":\"DIF Quintana Roo\",\"publisher\":{\"@id\":\"https:\/\/dif.qroo.gob.mx\/#organization\"},\"potentialAction\":[{\"@type\":\"SearchAction\",\"target\":{\"@type\":\"EntryPoint\",\"urlTemplate\":\"https:\/\/dif.qroo.gob.mx\/?s={search_term_string}\"},\"query-input\":{\"@type\":\"PropertyValueSpecification\",\"valueRequired\":true,\"valueName\":\"search_term_string\"}}],\"inLanguage\":\"es\"},{\"@type\":\"Organization\",\"@id\":\"https:\/\/dif.qroo.gob.mx\/#organization\",\"name\":\"Sistema para el Desarrollo Integral de la Familia del Estado de Quintana Roo\",\"url\":\"https:\/\/dif.qroo.gob.mx\/\",\"logo\":{\"@type\":\"ImageObject\",\"inLanguage\":\"es\",\"@id\":\"https:\/\/dif.qroo.gob.mx\/#\/schema\/logo\/image\/\",\"url\":\"https:\/\/dif.qroo.gob.mx\/wp-content\/uploads\/2024\/08\/cropped-logo_alargado_peque.png\",\"contentUrl\":\"https:\/\/dif.qroo.gob.mx\/wp-content\/uploads\/2024\/08\/cropped-logo_alargado_peque.png\",\"width\":480,\"height\":248,\"caption\":\"Sistema para el Desarrollo Integral de la Familia del Estado de Quintana Roo\"},\"image\":{\"@id\":\"https:\/\/dif.qroo.gob.mx\/#\/schema\/logo\/image\/\"}}]}<\/script>\n<!-- \/ Yoast SEO plugin. -->","yoast_head_json":{"title":"Formatos de Solicitud del Sistema DIF Estatal - Sistema para el Desarrollo Integral de la Familia del Estado de Quintana Roo","robots":{"index":"index","follow":"follow","max-snippet":"max-snippet:-1","max-image-preview":"max-image-preview:large","max-video-preview":"max-video-preview:-1"},"canonical":"https:\/\/dif.qroo.gob.mx\/index.php\/formatos-de-solicitud-del-sistema-dif-estatal\/","og_locale":"es_MX","og_type":"article","og_title":"Formatos de Solicitud del Sistema DIF Estatal - Sistema para el Desarrollo Integral de la Familia del Estado de Quintana Roo","og_description":"Formatos de Solicitud del Sistema DIF Estatal DIRECCI\u00d3N DE ASISTENCIA SOCIAL Y ATENCI\u00d3N CIUDADANA (Estudio Primer Nivel (DASAC)) ARCHIVO DESCARGAR * FORMATO DE ESTUDIO DE PRIMER NIVEL (TRABAJO SOCIAL). \u00a0Descargar CENTROS DE ATENCI\u00d3N INFANTIL (Entrevista Trabajo Social (CAI)) ARCHIVO DESCARGAR * CENTRO DE DESARROLLO INFANTIL 1 DEL SISTEMA PARA EL DESARROLLO INTEGRAL DE LA FAMILIA ... Leer m\u00e1s","og_url":"https:\/\/dif.qroo.gob.mx\/index.php\/formatos-de-solicitud-del-sistema-dif-estatal\/","og_site_name":"Sistema para el Desarrollo Integral de la Familia del Estado de Quintana Roo","article_modified_time":"2024-08-30T17:06:25+00:00","twitter_card":"summary_large_image","schema":{"@context":"https:\/\/schema.org","@graph":[{"@type":"WebPage","@id":"https:\/\/dif.qroo.gob.mx\/index.php\/formatos-de-solicitud-del-sistema-dif-estatal\/","url":"https:\/\/dif.qroo.gob.mx\/index.php\/formatos-de-solicitud-del-sistema-dif-estatal\/","name":"Formatos de Solicitud del Sistema DIF Estatal - Sistema para el Desarrollo Integral de la Familia del Estado de Quintana Roo","isPartOf":{"@id":"https:\/\/dif.qroo.gob.mx\/#website"},"datePublished":"2024-08-30T17:00:55+00:00","dateModified":"2024-08-30T17:06:25+00:00","breadcrumb":{"@id":"https:\/\/dif.qroo.gob.mx\/index.php\/formatos-de-solicitud-del-sistema-dif-estatal\/#breadcrumb"},"inLanguage":"es","potentialAction":[{"@type":"ReadAction","target":["https:\/\/dif.qroo.gob.mx\/index.php\/formatos-de-solicitud-del-sistema-dif-estatal\/"]}]},{"@type":"BreadcrumbList","@id":"https:\/\/dif.qroo.gob.mx\/index.php\/formatos-de-solicitud-del-sistema-dif-estatal\/#breadcrumb","itemListElement":[{"@type":"ListItem","position":1,"name":"Inicio","item":"https:\/\/dif.qroo.gob.mx\/"},{"@type":"ListItem","position":2,"name":"Formatos de Solicitud del Sistema DIF Estatal"}]},{"@type":"WebSite","@id":"https:\/\/dif.qroo.gob.mx\/#website","url":"https:\/\/dif.qroo.gob.mx\/","name":"Sistema para el Desarrollo Integral de la Familia del Estado de Quintana Roo","description":"DIF Quintana Roo","publisher":{"@id":"https:\/\/dif.qroo.gob.mx\/#organization"},"potentialAction":[{"@type":"SearchAction","target":{"@type":"EntryPoint","urlTemplate":"https:\/\/dif.qroo.gob.mx\/?s={search_term_string}"},"query-input":{"@type":"PropertyValueSpecification","valueRequired":true,"valueName":"search_term_string"}}],"inLanguage":"es"},{"@type":"Organization","@id":"https:\/\/dif.qroo.gob.mx\/#organization","name":"Sistema para el Desarrollo Integral de la Familia del Estado de Quintana Roo","url":"https:\/\/dif.qroo.gob.mx\/","logo":{"@type":"ImageObject","inLanguage":"es","@id":"https:\/\/dif.qroo.gob.mx\/#\/schema\/logo\/image\/","url":"https:\/\/dif.qroo.gob.mx\/wp-content\/uploads\/2024\/08\/cropped-logo_alargado_peque.png","contentUrl":"https:\/\/dif.qroo.gob.mx\/wp-content\/uploads\/2024\/08\/cropped-logo_alargado_peque.png","width":480,"height":248,"caption":"Sistema para el Desarrollo Integral de la Familia del Estado de Quintana Roo"},"image":{"@id":"https:\/\/dif.qroo.gob.mx\/#\/schema\/logo\/image\/"}}]}},"_links":{"self":[{"href":"https:\/\/dif.qroo.gob.mx\/index.php\/wp-json\/wp\/v2\/pages\/37917","targetHints":{"allow":["GET"]}}],"collection":[{"href":"https:\/\/dif.qroo.gob.mx\/index.php\/wp-json\/wp\/v2\/pages"}],"about":[{"href":"https:\/\/dif.qroo.gob.mx\/index.php\/wp-json\/wp\/v2\/types\/page"}],"author":[{"embeddable":true,"href":"https:\/\/dif.qroo.gob.mx\/index.php\/wp-json\/wp\/v2\/users\/4"}],"replies":[{"embeddable":true,"href":"https:\/\/dif.qroo.gob.mx\/index.php\/wp-json\/wp\/v2\/comments?post=37917"}],"version-history":[{"count":11,"href":"https:\/\/dif.qroo.gob.mx\/index.php\/wp-json\/wp\/v2\/pages\/37917\/revisions"}],"predecessor-version":[{"id":37937,"href":"https:\/\/dif.qroo.gob.mx\/index.php\/wp-json\/wp\/v2\/pages\/37917\/revisions\/37937"}],"wp:attachment":[{"href":"https:\/\/dif.qroo.gob.mx\/index.php\/wp-json\/wp\/v2\/media?parent=37917"}],"curies":[{"name":"wp","href":"https:\/\/api.w.org\/{rel}","templated":true}]}}