{"id":37677,"date":"2024-08-29T13:24:48","date_gmt":"2024-08-29T18:24:48","guid":{"rendered":"https:\/\/dif.qroo.gob.mx\/?page_id=37677"},"modified":"2026-03-31T15:26:21","modified_gmt":"2026-03-31T20:26:21","slug":"sistema-institucional-de-archivos-sia","status":"publish","type":"page","link":"https:\/\/dif.qroo.gob.mx\/index.php\/sistema-institucional-de-archivos-sia\/","title":{"rendered":"Sistema Institucional de Archivos (SIA)"},"content":{"rendered":"\t\t<div data-elementor-type=\"wp-page\" data-elementor-id=\"37677\" class=\"elementor elementor-37677\">\n\t\t\t\t<div class=\"elementor-element elementor-element-57fa11a e-flex e-con-boxed e-con e-parent\" data-id=\"57fa11a\" data-element_type=\"container\">\n\t\t\t\t\t<div class=\"e-con-inner\">\n\t\t\t\t<div class=\"elementor-element elementor-element-68e0f33 elementor-widget elementor-widget-heading\" data-id=\"68e0f33\" data-element_type=\"widget\" data-widget_type=\"heading.default\">\n\t\t\t\t<div class=\"elementor-widget-container\">\n\t\t\t\t\t<h2 class=\"elementor-heading-title elementor-size-default\">Sistema Institucional de Archivos (SIA)<\/h2>\t\t\t\t<\/div>\n\t\t\t\t<\/div>\n\t\t\t\t<div class=\"elementor-element elementor-element-2f7a9bc elementor-widget elementor-widget-text-editor\" data-id=\"2f7a9bc\" data-element_type=\"widget\" data-widget_type=\"text-editor.default\">\n\t\t\t\t<div class=\"elementor-widget-container\">\n\t\t\t\t\t\t\t\t\t<table><tbody><tr><th>Grupo Interdisciplinario de Archivos<\/th><th>\u00a0<\/th><th>Instrumentos de control y consulta Archiv\u00edstica<\/th><\/tr><tr><td><a class=\"btn btn-info\" role=\"button\" href=\"https:\/\/dif.qroo.gob.mx\/index.php\/plan-anual-de-desarrollo-archivistico-pada\/\" target=\"_blank\" rel=\"noopener\"><i class=\"fa fa-file-pdf-o\" aria-hidden=\"true\"> Plan Anual de Desarrollo Archiv\u00edstico PADA (En revisi\u00f3n&#8230;) <\/i><\/a><\/td><td>\u00a0<\/td><td><a class=\"btn btn-info\" role=\"button\" href=\"https:\/\/dif.qroo.gob.mx\/index.php\/cuadro-general-de-clasificacion-archivistica\/\" target=\"_blank\" rel=\"noopener\"><i class=\"fa fa-file-pdf-o\" aria-hidden=\"true\"> Cuadro General de Clasificaci\u00f3n Archiv\u00edstica (En proceso&#8230;)<\/i><\/a><\/td><\/tr><tr><td><a class=\"btn btn-info\" role=\"button\" href=\"https:\/\/dif.qroo.gob.mx\/index.php\/actas-sia\/\" target=\"_blank\" rel=\"noopener\"><i class=\"fa fa-file-pdf-o\" aria-hidden=\"true\"> Actas<\/i><\/a><\/td><td>\u00a0<\/td><td><a class=\"btn btn-info\" role=\"button\" href=\"https:\/\/dif.qroo.gob.mx\/index.php\/catalogo-de-disposicion-documental-cadid\/\" target=\"_blank\" rel=\"noopener\"><i class=\"fa fa-file-pdf-o\" aria-hidden=\"true\"> Cat\u00e1logo de Disposici\u00f3n Documental CADID (En proceso&#8230;)<\/i><\/a><\/td><\/tr><tr><td><a class=\"btn btn-info\" role=\"button\" href=\"https:\/\/dif.qroo.gob.mx\/index.php\/reglas-de-operacion-3\/\" target=\"_blank\" rel=\"noopener\"><i class=\"fa fa-file-pdf-o\" aria-hidden=\"true\"> Reglas de Operaci\u00f3n<\/i><\/a><\/td><td>\u00a0<\/td><td><a class=\"btn btn-info\" role=\"button\" href=\"https:\/\/dif.qroo.gob.mx\/index.php\/inventarios-documentales-por-ano-2\/\"><i class=\"fa fa-file-pdf-o\" aria-hidden=\"true\"> Inventarios Documentales<\/i><\/a><\/td><\/tr><tr><td><a class=\"btn btn-info\" role=\"button\" href=\"https:\/\/dif.qroo.gob.mx\/index.php\/responsables-de-archivos-de-tramite-por-unidad-administrativa-rat\/\" target=\"_blank\" rel=\"noopener\"><i class=\"fa fa-file-pdf-o\" aria-hidden=\"true\"> Responsables de Archivos de Tr\u00e1mite por unidad Administrativa (RAT)<\/i><\/a><\/td><td>\u00a0<\/td><td><a class=\"btn btn-info\" role=\"button\" href=\"https:\/\/dif.qroo.gob.mx\/index.php\/guia-de-archivo-documental\/\" target=\"_blank\" rel=\"noopener\"><i class=\"fa fa-file-pdf-o\" aria-hidden=\"true\"> Gu\u00eda de Archivo Documental (En proceso&#8230;)<\/i><\/a><\/td><\/tr><tr><td><a class=\"btn btn-info\" role=\"button\" href=\"https:\/\/dif.qroo.gob.mx\/index.php\/suplentes-de-los-integrantes-del-grupo-interdisciplinario-de-archivos\/\" target=\"_blank\" rel=\"noopener\"><i class=\"fa fa-file-pdf-o\" aria-hidden=\"true\"> Suplentes de los Integrantes del Grupo Interdisciplinario de Archivos<\/i><\/a><\/td><td>\u00a0<\/td><td><a class=\"btn btn-info\" role=\"button\" href=\"https:\/\/dif.qroo.gob.mx\/index.php\/indice-de-expedientes-clasificados\/\" target=\"_blank\" rel=\"noopener\"><i class=\"fa fa-file-pdf-o\" aria-hidden=\"true\">\u00a0\u00cdndice de Expedientes Clasificados<\/i><\/a><\/td><\/tr><tr><td><a class=\"btn btn-info\" role=\"button\" href=\"https:\/\/dif.qroo.gob.mx\/index.php\/ley-de-archivos-del-estado-de-quintana-roo\/\" target=\"_blank\" rel=\"noopener\"><i class=\"fa fa-file-pdf-o\" aria-hidden=\"true\"> Ley de Archivos del Estado de Quintana Roo <\/i><\/a><\/td><td>\u00a0<\/td><td><a class=\"btn btn-info\" role=\"button\" href=\"https:\/\/dif.qroo.gob.mx\/index.php\/dictamen-final-de-baja-documental\/\" target=\"_blank\" rel=\"noopener\"><i class=\"fa fa-file-pdf-o\" aria-hidden=\"true\"> Dict\u00e1men Final de Baja Documental<\/i><\/a><\/td><\/tr><tr><td><a class=\"btn btn-info\" role=\"button\" href=\"https:\/\/dif.qroo.gob.mx\/index.php\/ley-general-de-archivos-comentada\/\" target=\"_blank\" rel=\"noopener\"><i class=\"fa fa-file-pdf-o\" aria-hidden=\"true\"> Ley General de Archivos (Comentada)<\/i><\/a><\/td><td>\u00a0<\/td><td>\u00a0<\/td><\/tr><\/tbody><\/table>\t\t\t\t\t\t\t\t<\/div>\n\t\t\t\t<\/div>\n\t\t\t\t\t<\/div>\n\t\t\t\t<\/div>\n\t\t<div class=\"elementor-element elementor-element-72ed3ce e-flex e-con-boxed e-con e-parent\" data-id=\"72ed3ce\" data-element_type=\"container\">\n\t\t\t\t\t<div class=\"e-con-inner\">\n\t\t\t\t\t<\/div>\n\t\t\t\t<\/div>\n\t\t\t\t<\/div>\n\t\t","protected":false},"excerpt":{"rendered":"<p>Sistema Institucional de Archivos (SIA) Grupo Interdisciplinario de Archivos \u00a0 Instrumentos de control y consulta Archiv\u00edstica Plan Anual de Desarrollo Archiv\u00edstico PADA (En revisi\u00f3n&#8230;) \u00a0 Cuadro General de Clasificaci\u00f3n Archiv\u00edstica (En proceso&#8230;) Actas \u00a0 Cat\u00e1logo de Disposici\u00f3n Documental CADID (En proceso&#8230;) Reglas de Operaci\u00f3n \u00a0 Inventarios Documentales Responsables de Archivos de Tr\u00e1mite por unidad Administrativa &#8230; <a title=\"Sistema Institucional de Archivos (SIA)\" class=\"read-more\" href=\"https:\/\/dif.qroo.gob.mx\/index.php\/sistema-institucional-de-archivos-sia\/\" aria-label=\"Leer m\u00e1s sobre Sistema Institucional de Archivos (SIA)\">Leer m\u00e1s<\/a><\/p>\n","protected":false},"author":4,"featured_media":0,"parent":0,"menu_order":0,"comment_status":"closed","ping_status":"closed","template":"","meta":{"footnotes":""},"class_list":["post-37677","page","type-page","status-publish"],"yoast_head":"<!-- This site is optimized with the Yoast SEO plugin v25.3 - https:\/\/yoast.com\/wordpress\/plugins\/seo\/ -->\n<title>Sistema Institucional de Archivos (SIA) - Sistema para el Desarrollo Integral de la Familia del Estado de Quintana Roo<\/title>\n<meta name=\"robots\" content=\"index, follow, max-snippet:-1, max-image-preview:large, max-video-preview:-1\" \/>\n<link rel=\"canonical\" href=\"https:\/\/dif.qroo.gob.mx\/index.php\/sistema-institucional-de-archivos-sia\/\" \/>\n<meta property=\"og:locale\" content=\"es_MX\" \/>\n<meta property=\"og:type\" content=\"article\" \/>\n<meta property=\"og:title\" content=\"Sistema Institucional de Archivos (SIA) - Sistema para el Desarrollo Integral de la Familia del Estado de Quintana Roo\" \/>\n<meta property=\"og:description\" content=\"Sistema Institucional de Archivos (SIA) Grupo Interdisciplinario de Archivos \u00a0 Instrumentos de control y consulta Archiv\u00edstica Plan Anual de Desarrollo Archiv\u00edstico PADA (En revisi\u00f3n&#8230;) \u00a0 Cuadro General de Clasificaci\u00f3n Archiv\u00edstica (En proceso&#8230;) Actas \u00a0 Cat\u00e1logo de Disposici\u00f3n Documental CADID (En proceso&#8230;) Reglas de Operaci\u00f3n \u00a0 Inventarios Documentales Responsables de Archivos de Tr\u00e1mite por unidad Administrativa ... Leer m\u00e1s\" \/>\n<meta property=\"og:url\" content=\"https:\/\/dif.qroo.gob.mx\/index.php\/sistema-institucional-de-archivos-sia\/\" \/>\n<meta property=\"og:site_name\" content=\"Sistema para el Desarrollo Integral de la Familia del Estado de Quintana Roo\" \/>\n<meta property=\"article:modified_time\" content=\"2026-03-31T20:26:21+00:00\" \/>\n<meta name=\"twitter:card\" content=\"summary_large_image\" \/>\n<meta name=\"twitter:label1\" content=\"Tiempo de lectura\" \/>\n\t<meta name=\"twitter:data1\" content=\"1 minuto\" \/>\n<script type=\"application\/ld+json\" class=\"yoast-schema-graph\">{\"@context\":\"https:\/\/schema.org\",\"@graph\":[{\"@type\":\"WebPage\",\"@id\":\"https:\/\/dif.qroo.gob.mx\/index.php\/sistema-institucional-de-archivos-sia\/\",\"url\":\"https:\/\/dif.qroo.gob.mx\/index.php\/sistema-institucional-de-archivos-sia\/\",\"name\":\"Sistema Institucional de Archivos (SIA) - Sistema para el Desarrollo Integral de la Familia del Estado de Quintana Roo\",\"isPartOf\":{\"@id\":\"https:\/\/dif.qroo.gob.mx\/#website\"},\"datePublished\":\"2024-08-29T18:24:48+00:00\",\"dateModified\":\"2026-03-31T20:26:21+00:00\",\"breadcrumb\":{\"@id\":\"https:\/\/dif.qroo.gob.mx\/index.php\/sistema-institucional-de-archivos-sia\/#breadcrumb\"},\"inLanguage\":\"es\",\"potentialAction\":[{\"@type\":\"ReadAction\",\"target\":[\"https:\/\/dif.qroo.gob.mx\/index.php\/sistema-institucional-de-archivos-sia\/\"]}]},{\"@type\":\"BreadcrumbList\",\"@id\":\"https:\/\/dif.qroo.gob.mx\/index.php\/sistema-institucional-de-archivos-sia\/#breadcrumb\",\"itemListElement\":[{\"@type\":\"ListItem\",\"position\":1,\"name\":\"Inicio\",\"item\":\"https:\/\/dif.qroo.gob.mx\/\"},{\"@type\":\"ListItem\",\"position\":2,\"name\":\"Sistema Institucional de Archivos (SIA)\"}]},{\"@type\":\"WebSite\",\"@id\":\"https:\/\/dif.qroo.gob.mx\/#website\",\"url\":\"https:\/\/dif.qroo.gob.mx\/\",\"name\":\"Sistema para el Desarrollo Integral de la Familia del Estado de Quintana Roo\",\"description\":\"DIF Quintana Roo\",\"publisher\":{\"@id\":\"https:\/\/dif.qroo.gob.mx\/#organization\"},\"potentialAction\":[{\"@type\":\"SearchAction\",\"target\":{\"@type\":\"EntryPoint\",\"urlTemplate\":\"https:\/\/dif.qroo.gob.mx\/?s={search_term_string}\"},\"query-input\":{\"@type\":\"PropertyValueSpecification\",\"valueRequired\":true,\"valueName\":\"search_term_string\"}}],\"inLanguage\":\"es\"},{\"@type\":\"Organization\",\"@id\":\"https:\/\/dif.qroo.gob.mx\/#organization\",\"name\":\"Sistema para el Desarrollo Integral de la Familia del Estado de Quintana Roo\",\"url\":\"https:\/\/dif.qroo.gob.mx\/\",\"logo\":{\"@type\":\"ImageObject\",\"inLanguage\":\"es\",\"@id\":\"https:\/\/dif.qroo.gob.mx\/#\/schema\/logo\/image\/\",\"url\":\"https:\/\/dif.qroo.gob.mx\/wp-content\/uploads\/2024\/08\/cropped-logo_alargado_peque.png\",\"contentUrl\":\"https:\/\/dif.qroo.gob.mx\/wp-content\/uploads\/2024\/08\/cropped-logo_alargado_peque.png\",\"width\":480,\"height\":248,\"caption\":\"Sistema para el Desarrollo Integral de la Familia del Estado de Quintana Roo\"},\"image\":{\"@id\":\"https:\/\/dif.qroo.gob.mx\/#\/schema\/logo\/image\/\"}}]}<\/script>\n<!-- \/ Yoast SEO plugin. -->","yoast_head_json":{"title":"Sistema Institucional de Archivos (SIA) - Sistema para el Desarrollo Integral de la Familia del Estado de Quintana Roo","robots":{"index":"index","follow":"follow","max-snippet":"max-snippet:-1","max-image-preview":"max-image-preview:large","max-video-preview":"max-video-preview:-1"},"canonical":"https:\/\/dif.qroo.gob.mx\/index.php\/sistema-institucional-de-archivos-sia\/","og_locale":"es_MX","og_type":"article","og_title":"Sistema Institucional de Archivos (SIA) - Sistema para el Desarrollo Integral de la Familia del Estado de Quintana Roo","og_description":"Sistema Institucional de Archivos (SIA) Grupo Interdisciplinario de Archivos \u00a0 Instrumentos de control y consulta Archiv\u00edstica Plan Anual de Desarrollo Archiv\u00edstico PADA (En revisi\u00f3n&#8230;) \u00a0 Cuadro General de Clasificaci\u00f3n Archiv\u00edstica (En proceso&#8230;) Actas \u00a0 Cat\u00e1logo de Disposici\u00f3n Documental CADID (En proceso&#8230;) Reglas de Operaci\u00f3n \u00a0 Inventarios Documentales Responsables de Archivos de Tr\u00e1mite por unidad Administrativa ... Leer m\u00e1s","og_url":"https:\/\/dif.qroo.gob.mx\/index.php\/sistema-institucional-de-archivos-sia\/","og_site_name":"Sistema para el Desarrollo Integral de la Familia del Estado de Quintana Roo","article_modified_time":"2026-03-31T20:26:21+00:00","twitter_card":"summary_large_image","twitter_misc":{"Tiempo de lectura":"1 minuto"},"schema":{"@context":"https:\/\/schema.org","@graph":[{"@type":"WebPage","@id":"https:\/\/dif.qroo.gob.mx\/index.php\/sistema-institucional-de-archivos-sia\/","url":"https:\/\/dif.qroo.gob.mx\/index.php\/sistema-institucional-de-archivos-sia\/","name":"Sistema Institucional de Archivos (SIA) - Sistema para el Desarrollo Integral de la Familia del Estado de Quintana Roo","isPartOf":{"@id":"https:\/\/dif.qroo.gob.mx\/#website"},"datePublished":"2024-08-29T18:24:48+00:00","dateModified":"2026-03-31T20:26:21+00:00","breadcrumb":{"@id":"https:\/\/dif.qroo.gob.mx\/index.php\/sistema-institucional-de-archivos-sia\/#breadcrumb"},"inLanguage":"es","potentialAction":[{"@type":"ReadAction","target":["https:\/\/dif.qroo.gob.mx\/index.php\/sistema-institucional-de-archivos-sia\/"]}]},{"@type":"BreadcrumbList","@id":"https:\/\/dif.qroo.gob.mx\/index.php\/sistema-institucional-de-archivos-sia\/#breadcrumb","itemListElement":[{"@type":"ListItem","position":1,"name":"Inicio","item":"https:\/\/dif.qroo.gob.mx\/"},{"@type":"ListItem","position":2,"name":"Sistema Institucional de Archivos (SIA)"}]},{"@type":"WebSite","@id":"https:\/\/dif.qroo.gob.mx\/#website","url":"https:\/\/dif.qroo.gob.mx\/","name":"Sistema para el Desarrollo Integral de la Familia del Estado de Quintana Roo","description":"DIF Quintana Roo","publisher":{"@id":"https:\/\/dif.qroo.gob.mx\/#organization"},"potentialAction":[{"@type":"SearchAction","target":{"@type":"EntryPoint","urlTemplate":"https:\/\/dif.qroo.gob.mx\/?s={search_term_string}"},"query-input":{"@type":"PropertyValueSpecification","valueRequired":true,"valueName":"search_term_string"}}],"inLanguage":"es"},{"@type":"Organization","@id":"https:\/\/dif.qroo.gob.mx\/#organization","name":"Sistema para el Desarrollo Integral de la Familia del Estado de Quintana Roo","url":"https:\/\/dif.qroo.gob.mx\/","logo":{"@type":"ImageObject","inLanguage":"es","@id":"https:\/\/dif.qroo.gob.mx\/#\/schema\/logo\/image\/","url":"https:\/\/dif.qroo.gob.mx\/wp-content\/uploads\/2024\/08\/cropped-logo_alargado_peque.png","contentUrl":"https:\/\/dif.qroo.gob.mx\/wp-content\/uploads\/2024\/08\/cropped-logo_alargado_peque.png","width":480,"height":248,"caption":"Sistema para el Desarrollo Integral de la Familia del Estado de Quintana Roo"},"image":{"@id":"https:\/\/dif.qroo.gob.mx\/#\/schema\/logo\/image\/"}}]}},"_links":{"self":[{"href":"https:\/\/dif.qroo.gob.mx\/index.php\/wp-json\/wp\/v2\/pages\/37677","targetHints":{"allow":["GET"]}}],"collection":[{"href":"https:\/\/dif.qroo.gob.mx\/index.php\/wp-json\/wp\/v2\/pages"}],"about":[{"href":"https:\/\/dif.qroo.gob.mx\/index.php\/wp-json\/wp\/v2\/types\/page"}],"author":[{"embeddable":true,"href":"https:\/\/dif.qroo.gob.mx\/index.php\/wp-json\/wp\/v2\/users\/4"}],"replies":[{"embeddable":true,"href":"https:\/\/dif.qroo.gob.mx\/index.php\/wp-json\/wp\/v2\/comments?post=37677"}],"version-history":[{"count":81,"href":"https:\/\/dif.qroo.gob.mx\/index.php\/wp-json\/wp\/v2\/pages\/37677\/revisions"}],"predecessor-version":[{"id":43300,"href":"https:\/\/dif.qroo.gob.mx\/index.php\/wp-json\/wp\/v2\/pages\/37677\/revisions\/43300"}],"wp:attachment":[{"href":"https:\/\/dif.qroo.gob.mx\/index.php\/wp-json\/wp\/v2\/media?parent=37677"}],"curies":[{"name":"wp","href":"https:\/\/api.w.org\/{rel}","templated":true}]}}