{"id":37430,"date":"2024-08-27T15:37:48","date_gmt":"2024-08-27T20:37:48","guid":{"rendered":"https:\/\/dif.qroo.gob.mx\/?page_id=37430"},"modified":"2024-08-28T12:28:46","modified_gmt":"2024-08-28T17:28:46","slug":"reporte-anual-de-infomex","status":"publish","type":"page","link":"https:\/\/dif.qroo.gob.mx\/index.php\/reporte-anual-de-infomex\/","title":{"rendered":"Reporte Anual de INFOMEX"},"content":{"rendered":"\t\t<div data-elementor-type=\"wp-page\" data-elementor-id=\"37430\" class=\"elementor elementor-37430\">\n\t\t\t\t<div class=\"elementor-element elementor-element-254e2b2 e-flex e-con-boxed e-con e-parent\" data-id=\"254e2b2\" data-element_type=\"container\" data-e-type=\"container\">\n\t\t\t\t\t<div class=\"e-con-inner\">\n\t\t\t\t<div class=\"elementor-element elementor-element-158b4c3 elementor-widget elementor-widget-heading\" data-id=\"158b4c3\" data-element_type=\"widget\" data-e-type=\"widget\" data-widget_type=\"heading.default\">\n\t\t\t\t<div class=\"elementor-widget-container\">\n\t\t\t\t\t<h2 class=\"elementor-heading-title elementor-size-default\">REPORTE ANUAL INFOMEX<\/h2>\t\t\t\t<\/div>\n\t\t\t\t<\/div>\n\t\t\t\t<div class=\"elementor-element elementor-element-adc619e elementor-widget elementor-widget-eael-adv-tabs\" data-id=\"adc619e\" data-element_type=\"widget\" data-e-type=\"widget\" data-widget_type=\"eael-adv-tabs.default\">\n\t\t\t\t<div class=\"elementor-widget-container\">\n\t\t\t\t\t        <div data-scroll-on-click=\"no\" data-scroll-speed=\"300\" id=\"eael-advance-tabs-adc619e\" class=\"eael-advance-tabs eael-tabs-horizontal eael-tab-auto-active \" data-tabid=\"adc619e\">\n            <div class=\"eael-tabs-nav \">\n                <ul class=\"eael-tab-inline-icon\" role=\"tablist\">\n                                            <li id=\"ao-2022\" class=\"inactive eael-tab-item-trigger eael-tab-nav-item\" aria-selected=\"true\" data-tab=\"1\" role=\"tab\" tabindex=\"0\" aria-controls=\"ao-2022-tab\" aria-expanded=\"false\">\n                            \n                                                                <i class=\"icon icon-calendar-full\"><\/i>                                                            \n                                                            <span class=\"eael-tab-title title-after-icon\" >A\u00f1o 2022<\/span>                            \n                                                    <\/li>\n                                            <li id=\"ao-2021\" class=\"inactive eael-tab-item-trigger eael-tab-nav-item\" aria-selected=\"false\" data-tab=\"2\" role=\"tab\" tabindex=\"-1\" aria-controls=\"ao-2021-tab\" aria-expanded=\"false\">\n                            \n                                                                <i class=\"icon icon-calendar-full\"><\/i>                                                            \n                                                            <span class=\"eael-tab-title title-after-icon\" >A\u00f1o 2021<\/span>                            \n                                                    <\/li>\n                                            <li id=\"ao-2020\" class=\"inactive eael-tab-item-trigger eael-tab-nav-item\" aria-selected=\"false\" data-tab=\"3\" role=\"tab\" tabindex=\"-1\" aria-controls=\"ao-2020-tab\" aria-expanded=\"false\">\n                            \n                                                                <i class=\"icon icon-calendar-full\"><\/i>                                                            \n                                                            <span class=\"eael-tab-title title-after-icon\" >A\u00f1o 2020<\/span>                            \n                                                    <\/li>\n                                            <li id=\"ao-2019\" class=\"inactive eael-tab-item-trigger eael-tab-nav-item\" aria-selected=\"false\" data-tab=\"4\" role=\"tab\" tabindex=\"-1\" aria-controls=\"ao-2019-tab\" aria-expanded=\"false\">\n                            \n                                                                <i class=\"icon icon-calendar-full\"><\/i>                                                            \n                                                            <span class=\"eael-tab-title title-after-icon\" >A\u00f1o 2019<\/span>                            \n                                                    <\/li>\n                                            <li id=\"ao-2018\" class=\"inactive eael-tab-item-trigger eael-tab-nav-item\" aria-selected=\"false\" data-tab=\"5\" role=\"tab\" tabindex=\"-1\" aria-controls=\"ao-2018-tab\" aria-expanded=\"false\">\n                            \n                                                                <i class=\"icon icon-calendar-full\"><\/i>                                                            \n                                                            <span class=\"eael-tab-title title-after-icon\" >A\u00f1o 2018<\/span>                            \n                                                    <\/li>\n                                            <li id=\"ao-2017\" class=\"inactive eael-tab-item-trigger eael-tab-nav-item\" aria-selected=\"false\" data-tab=\"6\" role=\"tab\" tabindex=\"-1\" aria-controls=\"ao-2017-tab\" aria-expanded=\"false\">\n                            \n                                                                <i class=\"icon icon-calendar-full\"><\/i>                                                            \n                                                            <span class=\"eael-tab-title title-after-icon\" >A\u00f1o 2017<\/span>                            \n                                                    <\/li>\n                    \n                                  <\/ul>\n            <\/div>\n            \n            <div class=\"eael-tabs-content\">\n\t\t        \n                    <div id=\"ao-2022-tab\" class=\"clearfix eael-tab-content-item inactive\" data-title-link=\"ao-2022-tab\">\n\t\t\t\t        <div class=\"pdfjs-fullscreen\"><a href=\"https:\/\/dif.qroo.gob.mx\/wp-content\/plugins\/pdfjs-viewer-shortcode\/pdfjs\/web\/viewer.php?file=https:\/\/dif.qroo.gob.mx\/\/wp-content\/uploads\/2024\/08\/INFORME-ANUAL-2022-1.pdf&#038;attachment_id=0&#038;dButton=true&#038;pButton=true&#038;oButton=false&#038;sButton=true&#038;editButtons=true&#038;v=3.1.1&#038;_wpnonce=c06af30642#zoom=auto&#038;pagemode=none\"  aria-label=\"Open PDF in fullscreen mode\">View Fullscreen<\/a><\/div><a href=\"#pdfjs-viewer-skip\" class=\"screen-reader-text\">Skip to PDF content<\/a><div role=\"region\" aria-label=\"PDF Viewer\" id=\"pdfjs-viewer-skip\"><iframe width=\"600px\" height=\"800px\" src=\"https:\/\/dif.qroo.gob.mx\/wp-content\/plugins\/pdfjs-viewer-shortcode\/pdfjs\/web\/viewer.php?file=https:\/\/dif.qroo.gob.mx\/\/wp-content\/uploads\/2024\/08\/INFORME-ANUAL-2022-1.pdf&#038;attachment_id=0&#038;dButton=true&#038;pButton=true&#038;oButton=false&#038;sButton=true&#038;editButtons=true&#038;v=3.1.1&#038;_wpnonce=c06af30642#zoom=auto&#038;pagemode=none\" title=\"PDF document: INFORME-ANUAL-2022-1.pdf\" aria-label=\"PDF document: INFORME-ANUAL-2022-1.pdf\" class=\"pdfjs-iframe\" tabindex=\"0\" loading=\"lazy\" style=\"max-width: 100%;\"><\/iframe><\/div>                    <\/div>\n\t\t        \n                    <div id=\"ao-2021-tab\" class=\"clearfix eael-tab-content-item inactive\" data-title-link=\"ao-2021-tab\">\n\t\t\t\t        <div class=\"pdfjs-fullscreen\"><a href=\"https:\/\/dif.qroo.gob.mx\/wp-content\/plugins\/pdfjs-viewer-shortcode\/pdfjs\/web\/viewer.php?file=https:\/\/dif.qroo.gob.mx\/\/wp-content\/uploads\/2024\/08\/Reporte-anual-de-INFOMEX-2021-1.pdf&#038;attachment_id=0&#038;dButton=true&#038;pButton=true&#038;oButton=false&#038;sButton=true&#038;editButtons=true&#038;v=3.1.1&#038;_wpnonce=91bcb3246f#zoom=auto&#038;pagemode=none\"  aria-label=\"Open PDF in fullscreen mode\">View Fullscreen<\/a><\/div><a href=\"#pdfjs-viewer-skip\" class=\"screen-reader-text\">Skip to PDF content<\/a><div role=\"region\" aria-label=\"PDF Viewer\" id=\"pdfjs-viewer-skip\"><iframe width=\"600px\" height=\"800px\" src=\"https:\/\/dif.qroo.gob.mx\/wp-content\/plugins\/pdfjs-viewer-shortcode\/pdfjs\/web\/viewer.php?file=https:\/\/dif.qroo.gob.mx\/\/wp-content\/uploads\/2024\/08\/Reporte-anual-de-INFOMEX-2021-1.pdf&#038;attachment_id=0&#038;dButton=true&#038;pButton=true&#038;oButton=false&#038;sButton=true&#038;editButtons=true&#038;v=3.1.1&#038;_wpnonce=91bcb3246f#zoom=auto&#038;pagemode=none\" title=\"PDF document: Reporte-anual-de-INFOMEX-2021-1.pdf\" aria-label=\"PDF document: Reporte-anual-de-INFOMEX-2021-1.pdf\" class=\"pdfjs-iframe\" tabindex=\"0\" loading=\"lazy\" style=\"max-width: 100%;\"><\/iframe><\/div>                    <\/div>\n\t\t        \n                    <div id=\"ao-2020-tab\" class=\"clearfix eael-tab-content-item inactive\" data-title-link=\"ao-2020-tab\">\n\t\t\t\t        <div class=\"pdfjs-fullscreen\"><a href=\"https:\/\/dif.qroo.gob.mx\/wp-content\/plugins\/pdfjs-viewer-shortcode\/pdfjs\/web\/viewer.php?file=https:\/\/dif.qroo.gob.mx\/\/wp-content\/uploads\/2024\/08\/Reporte-anual-de-INFOMEX-2020.pdf&#038;attachment_id=0&#038;dButton=true&#038;pButton=true&#038;oButton=false&#038;sButton=true&#038;editButtons=true&#038;v=3.1.1&#038;_wpnonce=dfc370395c#zoom=auto&#038;pagemode=none\"  aria-label=\"Open PDF in fullscreen mode\">View Fullscreen<\/a><\/div><a href=\"#pdfjs-viewer-skip\" class=\"screen-reader-text\">Skip to PDF content<\/a><div role=\"region\" aria-label=\"PDF Viewer\" id=\"pdfjs-viewer-skip\"><iframe width=\"600px\" height=\"800px\" src=\"https:\/\/dif.qroo.gob.mx\/wp-content\/plugins\/pdfjs-viewer-shortcode\/pdfjs\/web\/viewer.php?file=https:\/\/dif.qroo.gob.mx\/\/wp-content\/uploads\/2024\/08\/Reporte-anual-de-INFOMEX-2020.pdf&#038;attachment_id=0&#038;dButton=true&#038;pButton=true&#038;oButton=false&#038;sButton=true&#038;editButtons=true&#038;v=3.1.1&#038;_wpnonce=dfc370395c#zoom=auto&#038;pagemode=none\" title=\"PDF document: Reporte-anual-de-INFOMEX-2020.pdf\" aria-label=\"PDF document: Reporte-anual-de-INFOMEX-2020.pdf\" class=\"pdfjs-iframe\" tabindex=\"0\" loading=\"lazy\" style=\"max-width: 100%;\"><\/iframe><\/div>                    <\/div>\n\t\t        \n                    <div id=\"ao-2019-tab\" class=\"clearfix eael-tab-content-item inactive\" data-title-link=\"ao-2019-tab\">\n\t\t\t\t        <table>\n<tbody>\n<tr class=\"odd\">\n<td><span class=\"file file--mime-application-pdf file--application-pdf\"><a href=\"https:\/\/dif.qroo.gob.mx\/\/wp-content\/uploads\/2024\/08\/Formato-1-DIF.pdf\" target=\"\u201d_blank\u201d\">Formato 1 DIF<\/a><\/span><\/td>\n<\/tr>\n<tr class=\"even\">\n<td><span class=\"file file--mime-application-pdf file--application-pdf\"><a href=\"https:\/\/dif.qroo.gob.mx\/\/wp-content\/uploads\/2024\/08\/Formato-2-DIF.pdf\" target=\"\u201d_blank\u201d\">Formato 2 DIF<\/a><\/span><\/td>\n<\/tr>\n<tr class=\"odd\">\n<td><span class=\"file file--mime-application-pdf file--application-pdf\"><a href=\"https:\/\/dif.qroo.gob.mx\/\/wp-content\/uploads\/2024\/08\/Formato-3-DIF.pdf\" target=\"\u201d_blank\u201d\">Formato 3 DIF<\/a><\/span><\/td>\n<\/tr>\n<tr class=\"even\">\n<td><span class=\"file file--mime-application-pdf file--application-pdf\"><a href=\"https:\/\/dif.qroo.gob.mx\/\/wp-content\/uploads\/2024\/08\/Formato-4-DIF.pdf\" target=\"\u201d_blank\u201d\">Formato 4 DIF<\/a><\/span><\/td>\n<\/tr>\n<tr class=\"odd\">\n<td><span class=\"file file--mime-application-pdf file--application-pdf\"><a href=\"https:\/\/dif.qroo.gob.mx\/\/wp-content\/uploads\/2024\/08\/Formato-5-DIF.pdf\" target=\"\u201d_blank\u201d\">Formato 5 DIF<\/a><\/span><\/td>\n<\/tr>\n<\/tbody>\n<\/table>                    <\/div>\n\t\t        \n                    <div id=\"ao-2018-tab\" class=\"clearfix eael-tab-content-item inactive\" data-title-link=\"ao-2018-tab\">\n\t\t\t\t        <div class=\"pdfjs-fullscreen\"><a href=\"https:\/\/dif.qroo.gob.mx\/wp-content\/plugins\/pdfjs-viewer-shortcode\/pdfjs\/web\/viewer.php?file=https:\/\/dif.qroo.gob.mx\/\/wp-content\/uploads\/2024\/08\/INFORME-ANUAL-DE-INFOMEX-2018.pdf&#038;attachment_id=0&#038;dButton=true&#038;pButton=true&#038;oButton=false&#038;sButton=true&#038;editButtons=true&#038;v=3.1.1&#038;_wpnonce=ea241bf529#zoom=auto&#038;pagemode=none\"  aria-label=\"Open PDF in fullscreen mode\">View Fullscreen<\/a><\/div><a href=\"#pdfjs-viewer-skip\" class=\"screen-reader-text\">Skip to PDF content<\/a><div role=\"region\" aria-label=\"PDF Viewer\" id=\"pdfjs-viewer-skip\"><iframe width=\"600px\" height=\"800px\" src=\"https:\/\/dif.qroo.gob.mx\/wp-content\/plugins\/pdfjs-viewer-shortcode\/pdfjs\/web\/viewer.php?file=https:\/\/dif.qroo.gob.mx\/\/wp-content\/uploads\/2024\/08\/INFORME-ANUAL-DE-INFOMEX-2018.pdf&#038;attachment_id=0&#038;dButton=true&#038;pButton=true&#038;oButton=false&#038;sButton=true&#038;editButtons=true&#038;v=3.1.1&#038;_wpnonce=ea241bf529#zoom=auto&#038;pagemode=none\" title=\"PDF document: INFORME-ANUAL-DE-INFOMEX-2018.pdf\" aria-label=\"PDF document: INFORME-ANUAL-DE-INFOMEX-2018.pdf\" class=\"pdfjs-iframe\" tabindex=\"0\" loading=\"lazy\" style=\"max-width: 100%;\"><\/iframe><\/div>                    <\/div>\n\t\t        \n                    <div id=\"ao-2017-tab\" class=\"clearfix eael-tab-content-item inactive\" data-title-link=\"ao-2017-tab\">\n\t\t\t\t        <table><tbody><tr class=\"odd\"><td><span class=\"file file--mime-application-pdf file--application-pdf\"><a href=\"https:\/\/dif.qroo.gob.mx\/\/wp-content\/uploads\/2024\/08\/2017-Formato-5-DIF.pdf\" target=\"_blank\" rel=\"noopener\">Cantidad de resoluciones en las que se haya denegado la solicitud y su fundamento legal<\/a><\/span><\/td><\/tr><tr class=\"even\"><td><span class=\"file file--mime-application-pdf file--application-pdf\"><a href=\"https:\/\/dif.qroo.gob.mx\/\/wp-content\/uploads\/2024\/08\/2017-Formato-2-DIF.pdf\" target=\"_blank\" rel=\"noopener\">Cantidad de solicitudes procesadas, respondidas y pendientes<\/a><\/span><\/td><\/tr><tr class=\"odd\"><td><span class=\"file file--mime-application-pdf file--application-pdf\"><a href=\"https:\/\/dif.qroo.gob.mx\/\/wp-content\/uploads\/2024\/08\/2017-Formato-1-DIF.pdf\" target=\"_blank\" rel=\"noopener\">N\u00famero de solicitudes presentadas al sujeto obligado<\/a><\/span><\/td><\/tr><tr class=\"even\"><td><span class=\"file file--mime-application-pdf file--application-pdf\"><a href=\"https:\/\/dif.qroo.gob.mx\/\/wp-content\/uploads\/2024\/08\/2017-Formato-3-DIF\" target=\"_blank\" rel=\"noopener\">Pr\u00f3rrogas por circunstancias excepcionales<\/a><\/span><\/td><\/tr><tr class=\"odd\"><td><span class=\"file file--mime-application-pdf file--application-pdf\"><a href=\"https:\/\/dif.qroo.gob.mx\/\/wp-content\/uploads\/2024\/08\/2017-Formato-4-DIF.pdf\" target=\"_blank\" rel=\"noopener\">Tiempo de procesamiento y cantidad de servidores p\u00fablicos involucrados<\/a><\/span><\/td><\/tr><\/tbody><\/table>                    <\/div>\n\t\t                    <\/div>\n        <\/div>\n\t\t\t\t<\/div>\n\t\t\t\t<\/div>\n\t\t\t\t\t<\/div>\n\t\t\t\t<\/div>\n\t\t<div class=\"elementor-element elementor-element-91a4dea e-flex e-con-boxed e-con e-parent\" data-id=\"91a4dea\" data-element_type=\"container\" data-e-type=\"container\">\n\t\t\t\t\t<div class=\"e-con-inner\">\n\t\t\t\t\t<\/div>\n\t\t\t\t<\/div>\n\t\t\t\t<\/div>\n\t\t","protected":false},"excerpt":{"rendered":"<p>REPORTE ANUAL INFOMEX A\u00f1o 2022 A\u00f1o 2021 A\u00f1o 2020 A\u00f1o 2019 A\u00f1o 2018 A\u00f1o 2017 Formato 1 DIF Formato 2 DIF Formato 3 DIF Formato 4 DIF Formato 5 DIF Cantidad de resoluciones en las que se haya denegado la solicitud y su fundamento legal Cantidad de solicitudes procesadas, respondidas y pendientes N\u00famero de solicitudes &#8230; <a title=\"Reporte Anual de INFOMEX\" class=\"read-more\" href=\"https:\/\/dif.qroo.gob.mx\/index.php\/reporte-anual-de-infomex\/\" aria-label=\"Leer m\u00e1s sobre Reporte Anual de INFOMEX\">Leer m\u00e1s<\/a><\/p>\n","protected":false},"author":4,"featured_media":0,"parent":0,"menu_order":0,"comment_status":"closed","ping_status":"closed","template":"","meta":{"footnotes":""},"class_list":["post-37430","page","type-page","status-publish"],"yoast_head":"<!-- This site is optimized with the Yoast SEO plugin v27.5 - https:\/\/yoast.com\/product\/yoast-seo-wordpress\/ -->\n<title>Reporte Anual de INFOMEX - Sistema para el Desarrollo Integral de la Familia del Estado de Quintana Roo<\/title>\n<meta name=\"robots\" content=\"index, follow, max-snippet:-1, max-image-preview:large, max-video-preview:-1\" \/>\n<link rel=\"canonical\" href=\"https:\/\/dif.qroo.gob.mx\/index.php\/reporte-anual-de-infomex\/\" \/>\n<meta property=\"og:locale\" content=\"es_MX\" \/>\n<meta property=\"og:type\" content=\"article\" \/>\n<meta property=\"og:title\" content=\"Reporte Anual de INFOMEX - Sistema para el Desarrollo Integral de la Familia del Estado de Quintana Roo\" \/>\n<meta property=\"og:description\" content=\"REPORTE ANUAL INFOMEX A\u00f1o 2022 A\u00f1o 2021 A\u00f1o 2020 A\u00f1o 2019 A\u00f1o 2018 A\u00f1o 2017 Formato 1 DIF Formato 2 DIF Formato 3 DIF Formato 4 DIF Formato 5 DIF Cantidad de resoluciones en las que se haya denegado la solicitud y su fundamento legal Cantidad de solicitudes procesadas, respondidas y pendientes N\u00famero de solicitudes ... Leer m\u00e1s\" \/>\n<meta property=\"og:url\" content=\"https:\/\/dif.qroo.gob.mx\/index.php\/reporte-anual-de-infomex\/\" \/>\n<meta property=\"og:site_name\" content=\"Sistema para el Desarrollo Integral de la Familia del Estado de Quintana Roo\" \/>\n<meta property=\"article:modified_time\" content=\"2024-08-28T17:28:46+00:00\" \/>\n<meta name=\"twitter:card\" content=\"summary_large_image\" \/>\n<meta name=\"twitter:label1\" content=\"Tiempo de lectura\" \/>\n\t<meta name=\"twitter:data1\" content=\"1 minuto\" \/>\n<script type=\"application\/ld+json\" class=\"yoast-schema-graph\">{\"@context\":\"https:\\\/\\\/schema.org\",\"@graph\":[{\"@type\":\"WebPage\",\"@id\":\"https:\\\/\\\/dif.qroo.gob.mx\\\/index.php\\\/reporte-anual-de-infomex\\\/\",\"url\":\"https:\\\/\\\/dif.qroo.gob.mx\\\/index.php\\\/reporte-anual-de-infomex\\\/\",\"name\":\"Reporte Anual de INFOMEX - Sistema para el Desarrollo Integral de la Familia del Estado de Quintana Roo\",\"isPartOf\":{\"@id\":\"https:\\\/\\\/dif.qroo.gob.mx\\\/#website\"},\"datePublished\":\"2024-08-27T20:37:48+00:00\",\"dateModified\":\"2024-08-28T17:28:46+00:00\",\"breadcrumb\":{\"@id\":\"https:\\\/\\\/dif.qroo.gob.mx\\\/index.php\\\/reporte-anual-de-infomex\\\/#breadcrumb\"},\"inLanguage\":\"es\",\"potentialAction\":[{\"@type\":\"ReadAction\",\"target\":[\"https:\\\/\\\/dif.qroo.gob.mx\\\/index.php\\\/reporte-anual-de-infomex\\\/\"]}]},{\"@type\":\"BreadcrumbList\",\"@id\":\"https:\\\/\\\/dif.qroo.gob.mx\\\/index.php\\\/reporte-anual-de-infomex\\\/#breadcrumb\",\"itemListElement\":[{\"@type\":\"ListItem\",\"position\":1,\"name\":\"Inicio\",\"item\":\"https:\\\/\\\/dif.qroo.gob.mx\\\/\"},{\"@type\":\"ListItem\",\"position\":2,\"name\":\"Reporte Anual de INFOMEX\"}]},{\"@type\":\"WebSite\",\"@id\":\"https:\\\/\\\/dif.qroo.gob.mx\\\/#website\",\"url\":\"https:\\\/\\\/dif.qroo.gob.mx\\\/\",\"name\":\"Sistema para el Desarrollo Integral de la Familia del Estado de Quintana Roo\",\"description\":\"DIF Quintana Roo\",\"publisher\":{\"@id\":\"https:\\\/\\\/dif.qroo.gob.mx\\\/#organization\"},\"potentialAction\":[{\"@type\":\"SearchAction\",\"target\":{\"@type\":\"EntryPoint\",\"urlTemplate\":\"https:\\\/\\\/dif.qroo.gob.mx\\\/?s={search_term_string}\"},\"query-input\":{\"@type\":\"PropertyValueSpecification\",\"valueRequired\":true,\"valueName\":\"search_term_string\"}}],\"inLanguage\":\"es\"},{\"@type\":\"Organization\",\"@id\":\"https:\\\/\\\/dif.qroo.gob.mx\\\/#organization\",\"name\":\"Sistema para el Desarrollo Integral de la Familia del Estado de Quintana Roo\",\"url\":\"https:\\\/\\\/dif.qroo.gob.mx\\\/\",\"logo\":{\"@type\":\"ImageObject\",\"inLanguage\":\"es\",\"@id\":\"https:\\\/\\\/dif.qroo.gob.mx\\\/#\\\/schema\\\/logo\\\/image\\\/\",\"url\":\"https:\\\/\\\/dif.qroo.gob.mx\\\/wp-content\\\/uploads\\\/2024\\\/08\\\/cropped-logo_alargado_peque.png\",\"contentUrl\":\"https:\\\/\\\/dif.qroo.gob.mx\\\/wp-content\\\/uploads\\\/2024\\\/08\\\/cropped-logo_alargado_peque.png\",\"width\":480,\"height\":248,\"caption\":\"Sistema para el Desarrollo Integral de la Familia del Estado de Quintana Roo\"},\"image\":{\"@id\":\"https:\\\/\\\/dif.qroo.gob.mx\\\/#\\\/schema\\\/logo\\\/image\\\/\"}}]}<\/script>\n<!-- \/ Yoast SEO plugin. -->","yoast_head_json":{"title":"Reporte Anual de INFOMEX - Sistema para el Desarrollo Integral de la Familia del Estado de Quintana Roo","robots":{"index":"index","follow":"follow","max-snippet":"max-snippet:-1","max-image-preview":"max-image-preview:large","max-video-preview":"max-video-preview:-1"},"canonical":"https:\/\/dif.qroo.gob.mx\/index.php\/reporte-anual-de-infomex\/","og_locale":"es_MX","og_type":"article","og_title":"Reporte Anual de INFOMEX - Sistema para el Desarrollo Integral de la Familia del Estado de Quintana Roo","og_description":"REPORTE ANUAL INFOMEX A\u00f1o 2022 A\u00f1o 2021 A\u00f1o 2020 A\u00f1o 2019 A\u00f1o 2018 A\u00f1o 2017 Formato 1 DIF Formato 2 DIF Formato 3 DIF Formato 4 DIF Formato 5 DIF Cantidad de resoluciones en las que se haya denegado la solicitud y su fundamento legal Cantidad de solicitudes procesadas, respondidas y pendientes N\u00famero de solicitudes ... Leer m\u00e1s","og_url":"https:\/\/dif.qroo.gob.mx\/index.php\/reporte-anual-de-infomex\/","og_site_name":"Sistema para el Desarrollo Integral de la Familia del Estado de Quintana Roo","article_modified_time":"2024-08-28T17:28:46+00:00","twitter_card":"summary_large_image","twitter_misc":{"Tiempo de lectura":"1 minuto"},"schema":{"@context":"https:\/\/schema.org","@graph":[{"@type":"WebPage","@id":"https:\/\/dif.qroo.gob.mx\/index.php\/reporte-anual-de-infomex\/","url":"https:\/\/dif.qroo.gob.mx\/index.php\/reporte-anual-de-infomex\/","name":"Reporte Anual de INFOMEX - Sistema para el Desarrollo Integral de la Familia del Estado de Quintana Roo","isPartOf":{"@id":"https:\/\/dif.qroo.gob.mx\/#website"},"datePublished":"2024-08-27T20:37:48+00:00","dateModified":"2024-08-28T17:28:46+00:00","breadcrumb":{"@id":"https:\/\/dif.qroo.gob.mx\/index.php\/reporte-anual-de-infomex\/#breadcrumb"},"inLanguage":"es","potentialAction":[{"@type":"ReadAction","target":["https:\/\/dif.qroo.gob.mx\/index.php\/reporte-anual-de-infomex\/"]}]},{"@type":"BreadcrumbList","@id":"https:\/\/dif.qroo.gob.mx\/index.php\/reporte-anual-de-infomex\/#breadcrumb","itemListElement":[{"@type":"ListItem","position":1,"name":"Inicio","item":"https:\/\/dif.qroo.gob.mx\/"},{"@type":"ListItem","position":2,"name":"Reporte Anual de INFOMEX"}]},{"@type":"WebSite","@id":"https:\/\/dif.qroo.gob.mx\/#website","url":"https:\/\/dif.qroo.gob.mx\/","name":"Sistema para el Desarrollo Integral de la Familia del Estado de Quintana Roo","description":"DIF Quintana Roo","publisher":{"@id":"https:\/\/dif.qroo.gob.mx\/#organization"},"potentialAction":[{"@type":"SearchAction","target":{"@type":"EntryPoint","urlTemplate":"https:\/\/dif.qroo.gob.mx\/?s={search_term_string}"},"query-input":{"@type":"PropertyValueSpecification","valueRequired":true,"valueName":"search_term_string"}}],"inLanguage":"es"},{"@type":"Organization","@id":"https:\/\/dif.qroo.gob.mx\/#organization","name":"Sistema para el Desarrollo Integral de la Familia del Estado de Quintana Roo","url":"https:\/\/dif.qroo.gob.mx\/","logo":{"@type":"ImageObject","inLanguage":"es","@id":"https:\/\/dif.qroo.gob.mx\/#\/schema\/logo\/image\/","url":"https:\/\/dif.qroo.gob.mx\/wp-content\/uploads\/2024\/08\/cropped-logo_alargado_peque.png","contentUrl":"https:\/\/dif.qroo.gob.mx\/wp-content\/uploads\/2024\/08\/cropped-logo_alargado_peque.png","width":480,"height":248,"caption":"Sistema para el Desarrollo Integral de la Familia del Estado de Quintana Roo"},"image":{"@id":"https:\/\/dif.qroo.gob.mx\/#\/schema\/logo\/image\/"}}]}},"_links":{"self":[{"href":"https:\/\/dif.qroo.gob.mx\/index.php\/wp-json\/wp\/v2\/pages\/37430","targetHints":{"allow":["GET"]}}],"collection":[{"href":"https:\/\/dif.qroo.gob.mx\/index.php\/wp-json\/wp\/v2\/pages"}],"about":[{"href":"https:\/\/dif.qroo.gob.mx\/index.php\/wp-json\/wp\/v2\/types\/page"}],"author":[{"embeddable":true,"href":"https:\/\/dif.qroo.gob.mx\/index.php\/wp-json\/wp\/v2\/users\/4"}],"replies":[{"embeddable":true,"href":"https:\/\/dif.qroo.gob.mx\/index.php\/wp-json\/wp\/v2\/comments?post=37430"}],"version-history":[{"count":43,"href":"https:\/\/dif.qroo.gob.mx\/index.php\/wp-json\/wp\/v2\/pages\/37430\/revisions"}],"predecessor-version":[{"id":37501,"href":"https:\/\/dif.qroo.gob.mx\/index.php\/wp-json\/wp\/v2\/pages\/37430\/revisions\/37501"}],"wp:attachment":[{"href":"https:\/\/dif.qroo.gob.mx\/index.php\/wp-json\/wp\/v2\/media?parent=37430"}],"curies":[{"name":"wp","href":"https:\/\/api.w.org\/{rel}","templated":true}]}}