{"id":37429,"date":"2024-08-27T15:23:05","date_gmt":"2024-08-27T20:23:05","guid":{"rendered":"https:\/\/dif.qroo.gob.mx\/?page_id=37429"},"modified":"2024-08-27T15:23:06","modified_gmt":"2024-08-27T20:23:06","slug":"normatividad","status":"publish","type":"page","link":"https:\/\/dif.qroo.gob.mx\/index.php\/normatividad\/","title":{"rendered":"Normatividad"},"content":{"rendered":"\n<div class=\"clearfix text-formatted field field--name-body field--type-text-with-summary field--label-hidden field__item\">\n<table class=\"table table-hover\">\n<tbody>\n<tr>\n<th>Archivo<\/th>\n<th>Descargar<\/th>\n<\/tr>\n<tr>\n<td>C\u00f3digo de \u00c9tica<\/td>\n<td style=\"vertical-align: middle; white-space: nowrap;\" align=\"center\" width=\"10%\"><a class=\"btn btn-info\" role=\"button\" href=\"https:\/\/dif.qroo.gob.mx\/index.php\/codigo-de-etica\/\" target=\"_blank\" rel=\"noopener noreferrer\"><i class=\"fa fa-file-pdf-o\" aria-hidden=\"true\"> Descargar<\/i><\/a><\/td>\n<\/tr>\n<tr>\n<td>C\u00f3digo de Conducta<\/td>\n<td style=\"vertical-align: middle; white-space: nowrap;\" align=\"center\" width=\"10%\"><a class=\"btn btn-info\" role=\"button\" href=\"https:\/\/dif.qroo.gob.mx\/wp-content\/uploads\/2024\/08\/codigo-de-conducta.pdf\" target=\"_blank\" rel=\"noopener noreferrer\"><i class=\"fa fa-file-pdf-o\" aria-hidden=\"true\"> Descargar<\/i><\/a><\/td>\n<\/tr>\n<tr>\n<td>Reglas de Integridad<\/td>\n<td style=\"vertical-align: middle; white-space: nowrap;\" align=\"center\" width=\"10%\"><a class=\"btn btn-info\" role=\"button\" href=\"https:\/\/dif.qroo.gob.mx\/wp-content\/uploads\/2024\/08\/reglas-de-integridad.pdf\" target=\"_blank\" rel=\"noopener noreferrer\"><i class=\"fa fa-file-pdf-o\" aria-hidden=\"true\"> Descargar<\/i><\/a><\/td>\n<\/tr>\n<\/tbody>\n<\/table>\n<\/div>\n\n","protected":false},"excerpt":{"rendered":"<p>Archivo Descargar C\u00f3digo de \u00c9tica Descargar C\u00f3digo de Conducta Descargar Reglas de Integridad Descargar<\/p>\n","protected":false},"author":4,"featured_media":0,"parent":0,"menu_order":0,"comment_status":"closed","ping_status":"closed","template":"","meta":{"footnotes":""},"class_list":["post-37429","page","type-page","status-publish"],"yoast_head":"<!-- This site is optimized with the Yoast SEO plugin v25.3 - https:\/\/yoast.com\/wordpress\/plugins\/seo\/ -->\n<title>Normatividad - Sistema para el Desarrollo Integral de la Familia del Estado de Quintana Roo<\/title>\n<meta name=\"robots\" content=\"index, follow, max-snippet:-1, max-image-preview:large, max-video-preview:-1\" \/>\n<link rel=\"canonical\" href=\"https:\/\/dif.qroo.gob.mx\/index.php\/normatividad\/\" \/>\n<meta property=\"og:locale\" content=\"es_MX\" \/>\n<meta property=\"og:type\" content=\"article\" \/>\n<meta property=\"og:title\" content=\"Normatividad - Sistema para el Desarrollo Integral de la Familia del Estado de Quintana Roo\" \/>\n<meta property=\"og:description\" content=\"Archivo Descargar C\u00f3digo de \u00c9tica Descargar C\u00f3digo de Conducta Descargar Reglas de Integridad Descargar\" \/>\n<meta property=\"og:url\" content=\"https:\/\/dif.qroo.gob.mx\/index.php\/normatividad\/\" \/>\n<meta property=\"og:site_name\" content=\"Sistema para el Desarrollo Integral de la Familia del Estado de Quintana Roo\" \/>\n<meta property=\"article:modified_time\" content=\"2024-08-27T20:23:06+00:00\" \/>\n<meta name=\"twitter:card\" content=\"summary_large_image\" \/>\n<meta name=\"twitter:label1\" content=\"Tiempo de lectura\" \/>\n\t<meta name=\"twitter:data1\" content=\"1 minuto\" \/>\n<script type=\"application\/ld+json\" class=\"yoast-schema-graph\">{\"@context\":\"https:\/\/schema.org\",\"@graph\":[{\"@type\":\"WebPage\",\"@id\":\"https:\/\/dif.qroo.gob.mx\/index.php\/normatividad\/\",\"url\":\"https:\/\/dif.qroo.gob.mx\/index.php\/normatividad\/\",\"name\":\"Normatividad - Sistema para el Desarrollo Integral de la Familia del Estado de Quintana Roo\",\"isPartOf\":{\"@id\":\"https:\/\/dif.qroo.gob.mx\/#website\"},\"datePublished\":\"2024-08-27T20:23:05+00:00\",\"dateModified\":\"2024-08-27T20:23:06+00:00\",\"breadcrumb\":{\"@id\":\"https:\/\/dif.qroo.gob.mx\/index.php\/normatividad\/#breadcrumb\"},\"inLanguage\":\"es\",\"potentialAction\":[{\"@type\":\"ReadAction\",\"target\":[\"https:\/\/dif.qroo.gob.mx\/index.php\/normatividad\/\"]}]},{\"@type\":\"BreadcrumbList\",\"@id\":\"https:\/\/dif.qroo.gob.mx\/index.php\/normatividad\/#breadcrumb\",\"itemListElement\":[{\"@type\":\"ListItem\",\"position\":1,\"name\":\"Inicio\",\"item\":\"https:\/\/dif.qroo.gob.mx\/\"},{\"@type\":\"ListItem\",\"position\":2,\"name\":\"Normatividad\"}]},{\"@type\":\"WebSite\",\"@id\":\"https:\/\/dif.qroo.gob.mx\/#website\",\"url\":\"https:\/\/dif.qroo.gob.mx\/\",\"name\":\"Sistema para el Desarrollo Integral de la Familia del Estado de Quintana Roo\",\"description\":\"DIF Quintana Roo\",\"publisher\":{\"@id\":\"https:\/\/dif.qroo.gob.mx\/#organization\"},\"potentialAction\":[{\"@type\":\"SearchAction\",\"target\":{\"@type\":\"EntryPoint\",\"urlTemplate\":\"https:\/\/dif.qroo.gob.mx\/?s={search_term_string}\"},\"query-input\":{\"@type\":\"PropertyValueSpecification\",\"valueRequired\":true,\"valueName\":\"search_term_string\"}}],\"inLanguage\":\"es\"},{\"@type\":\"Organization\",\"@id\":\"https:\/\/dif.qroo.gob.mx\/#organization\",\"name\":\"Sistema para el Desarrollo Integral de la Familia del Estado de Quintana Roo\",\"url\":\"https:\/\/dif.qroo.gob.mx\/\",\"logo\":{\"@type\":\"ImageObject\",\"inLanguage\":\"es\",\"@id\":\"https:\/\/dif.qroo.gob.mx\/#\/schema\/logo\/image\/\",\"url\":\"https:\/\/dif.qroo.gob.mx\/wp-content\/uploads\/2024\/08\/cropped-logo_alargado_peque.png\",\"contentUrl\":\"https:\/\/dif.qroo.gob.mx\/wp-content\/uploads\/2024\/08\/cropped-logo_alargado_peque.png\",\"width\":480,\"height\":248,\"caption\":\"Sistema para el Desarrollo Integral de la Familia del Estado de Quintana Roo\"},\"image\":{\"@id\":\"https:\/\/dif.qroo.gob.mx\/#\/schema\/logo\/image\/\"}}]}<\/script>\n<!-- \/ Yoast SEO plugin. -->","yoast_head_json":{"title":"Normatividad - Sistema para el Desarrollo Integral de la Familia del Estado de Quintana Roo","robots":{"index":"index","follow":"follow","max-snippet":"max-snippet:-1","max-image-preview":"max-image-preview:large","max-video-preview":"max-video-preview:-1"},"canonical":"https:\/\/dif.qroo.gob.mx\/index.php\/normatividad\/","og_locale":"es_MX","og_type":"article","og_title":"Normatividad - Sistema para el Desarrollo Integral de la Familia del Estado de Quintana Roo","og_description":"Archivo Descargar C\u00f3digo de \u00c9tica Descargar C\u00f3digo de Conducta Descargar Reglas de Integridad Descargar","og_url":"https:\/\/dif.qroo.gob.mx\/index.php\/normatividad\/","og_site_name":"Sistema para el Desarrollo Integral de la Familia del Estado de Quintana Roo","article_modified_time":"2024-08-27T20:23:06+00:00","twitter_card":"summary_large_image","twitter_misc":{"Tiempo de lectura":"1 minuto"},"schema":{"@context":"https:\/\/schema.org","@graph":[{"@type":"WebPage","@id":"https:\/\/dif.qroo.gob.mx\/index.php\/normatividad\/","url":"https:\/\/dif.qroo.gob.mx\/index.php\/normatividad\/","name":"Normatividad - Sistema para el Desarrollo Integral de la Familia del Estado de Quintana Roo","isPartOf":{"@id":"https:\/\/dif.qroo.gob.mx\/#website"},"datePublished":"2024-08-27T20:23:05+00:00","dateModified":"2024-08-27T20:23:06+00:00","breadcrumb":{"@id":"https:\/\/dif.qroo.gob.mx\/index.php\/normatividad\/#breadcrumb"},"inLanguage":"es","potentialAction":[{"@type":"ReadAction","target":["https:\/\/dif.qroo.gob.mx\/index.php\/normatividad\/"]}]},{"@type":"BreadcrumbList","@id":"https:\/\/dif.qroo.gob.mx\/index.php\/normatividad\/#breadcrumb","itemListElement":[{"@type":"ListItem","position":1,"name":"Inicio","item":"https:\/\/dif.qroo.gob.mx\/"},{"@type":"ListItem","position":2,"name":"Normatividad"}]},{"@type":"WebSite","@id":"https:\/\/dif.qroo.gob.mx\/#website","url":"https:\/\/dif.qroo.gob.mx\/","name":"Sistema para el Desarrollo Integral de la Familia del Estado de Quintana Roo","description":"DIF Quintana Roo","publisher":{"@id":"https:\/\/dif.qroo.gob.mx\/#organization"},"potentialAction":[{"@type":"SearchAction","target":{"@type":"EntryPoint","urlTemplate":"https:\/\/dif.qroo.gob.mx\/?s={search_term_string}"},"query-input":{"@type":"PropertyValueSpecification","valueRequired":true,"valueName":"search_term_string"}}],"inLanguage":"es"},{"@type":"Organization","@id":"https:\/\/dif.qroo.gob.mx\/#organization","name":"Sistema para el Desarrollo Integral de la Familia del Estado de Quintana Roo","url":"https:\/\/dif.qroo.gob.mx\/","logo":{"@type":"ImageObject","inLanguage":"es","@id":"https:\/\/dif.qroo.gob.mx\/#\/schema\/logo\/image\/","url":"https:\/\/dif.qroo.gob.mx\/wp-content\/uploads\/2024\/08\/cropped-logo_alargado_peque.png","contentUrl":"https:\/\/dif.qroo.gob.mx\/wp-content\/uploads\/2024\/08\/cropped-logo_alargado_peque.png","width":480,"height":248,"caption":"Sistema para el Desarrollo Integral de la Familia del Estado de Quintana Roo"},"image":{"@id":"https:\/\/dif.qroo.gob.mx\/#\/schema\/logo\/image\/"}}]}},"_links":{"self":[{"href":"https:\/\/dif.qroo.gob.mx\/index.php\/wp-json\/wp\/v2\/pages\/37429","targetHints":{"allow":["GET"]}}],"collection":[{"href":"https:\/\/dif.qroo.gob.mx\/index.php\/wp-json\/wp\/v2\/pages"}],"about":[{"href":"https:\/\/dif.qroo.gob.mx\/index.php\/wp-json\/wp\/v2\/types\/page"}],"author":[{"embeddable":true,"href":"https:\/\/dif.qroo.gob.mx\/index.php\/wp-json\/wp\/v2\/users\/4"}],"replies":[{"embeddable":true,"href":"https:\/\/dif.qroo.gob.mx\/index.php\/wp-json\/wp\/v2\/comments?post=37429"}],"version-history":[{"count":1,"href":"https:\/\/dif.qroo.gob.mx\/index.php\/wp-json\/wp\/v2\/pages\/37429\/revisions"}],"predecessor-version":[{"id":37431,"href":"https:\/\/dif.qroo.gob.mx\/index.php\/wp-json\/wp\/v2\/pages\/37429\/revisions\/37431"}],"wp:attachment":[{"href":"https:\/\/dif.qroo.gob.mx\/index.php\/wp-json\/wp\/v2\/media?parent=37429"}],"curies":[{"name":"wp","href":"https:\/\/api.w.org\/{rel}","templated":true}]}}