{"id":37234,"date":"2024-08-27T12:33:55","date_gmt":"2024-08-27T17:33:55","guid":{"rendered":"https:\/\/dif.qroo.gob.mx\/?page_id=37234"},"modified":"2026-02-09T12:30:54","modified_gmt":"2026-02-09T17:30:54","slug":"enlace-de-transparencia","status":"publish","type":"page","link":"https:\/\/dif.qroo.gob.mx\/index.php\/enlace-de-transparencia\/","title":{"rendered":"Enlace de Transparencia"},"content":{"rendered":"\t\t<div data-elementor-type=\"wp-page\" data-elementor-id=\"37234\" class=\"elementor elementor-37234\">\n\t\t\t\t<div class=\"elementor-element elementor-element-6bf875e e-flex e-con-boxed e-con e-parent\" data-id=\"6bf875e\" data-element_type=\"container\">\n\t\t\t\t\t<div class=\"e-con-inner\">\n\t\t\t\t<div class=\"elementor-element elementor-element-9dbd581 elementor-widget elementor-widget-heading\" data-id=\"9dbd581\" data-element_type=\"widget\" data-widget_type=\"heading.default\">\n\t\t\t\t<div class=\"elementor-widget-container\">\n\t\t\t\t\t<h1 class=\"elementor-heading-title elementor-size-default\">Enlace de Transparencia<\/h1>\t\t\t\t<\/div>\n\t\t\t\t<\/div>\n\t\t\t\t<div class=\"elementor-element elementor-element-5ba7685 elementor-widget elementor-widget-text-editor\" data-id=\"5ba7685\" data-element_type=\"widget\" data-widget_type=\"text-editor.default\">\n\t\t\t\t<div class=\"elementor-widget-container\">\n\t\t\t\t\t\t\t\t\t<h1 style=\"text-align: left;\">Domicilio de la Unidad de Transparencia del Sistema para el Desarrollo Integral de la Familia del Estado de Quintana Roo.<\/h1>\n<p><!-- \/wp:heading --><!-- wp:paragraph -->El art\u00edculo 64 de la Ley de Transparencia y Acceso a la Informaci\u00f3n P\u00fablica para el Estado de Quintana Roo, establece que las Unidades de Transparencia ser\u00e1n el enlace entre los sujetos obligados y el solicitante, establecer\u00e1n sus oficinas en lugares visibles y accesibles al p\u00fablico, ya que son las responsables de la atenci\u00f3n de las solicitudes de informaci\u00f3n y gozar\u00e1n de autonom\u00eda de gesti\u00f3n a fin de cumplir con sus funciones y las disposiciones de esta Ley.<\/p>\n<p><!-- \/wp:paragraph --><!-- wp:heading --><\/p>\n<h2>CONTACTO DE ENLACE DE TRANSPARENCIA<\/h2>\n<p><!-- \/wp:heading --><!-- wp:paragraph -->En el Sistema para el Desarrollo Integral de la Familia del Estado de Quintana Roo, el servidor p\u00fablico encargado de atender las solicitudes de acceso a la informaci\u00f3n que se realicen ante esta Instituci\u00f3n es:<\/p>\n<p><!-- \/wp:paragraph --><\/p>\n<p style=\"text-align: center;\"><!-- wp:paragraph -->Nombre del responsable:<br \/>Lic. Jes\u00fas Antonio Chan Avenda\u00f1o<br \/>Enlace de la Unidad de Transparencia<\/p>\n<p><!-- \/wp:paragraph --><\/p>\n<p style=\"text-align: center;\"><!-- wp:paragraph -->Tel\u00e9fono:<br \/>(983) 83 2 2224 Ext. 102<\/p>\n<p><!-- \/wp:paragraph --><\/p>\n<p style=\"text-align: center;\"><!-- wp:paragraph -->Direcci\u00f3n de correo electr\u00f3nico:<br \/><a href=\"mailto:direccion.juridicodif@gmail.com\">direccion.juridicodif@gmail.com<\/a><\/p>\n<p><!-- \/wp:paragraph --><\/p>\n<p style=\"text-align: center;\"><!-- wp:paragraph -->Solicitudes de informaci\u00f3n:<br \/><a href=\"https:\/\/www.plataformadetransparencia.org.mx\/\">https:\/\/www.plataformadetransparencia.org.mx\/<\/a><\/p>\n<p><!-- \/wp:paragraph --><\/p>\n<p style=\"text-align: center;\"><!-- wp:paragraph -->Domicilio:<br \/>Av. Adolfo L\u00f3pez Mateos \u00a0No. 441\u00a0esquina Sicilia<br \/>colonia Campestre,\u00a0c\u00f3digo postal: 77030 Chetumal, Quintana Roo<\/p>\n<p><!-- \/wp:paragraph --><\/p>\n<p style=\"text-align: center;\"><!-- wp:paragraph -->Horarios de atenci\u00f3n:<br \/>Lunes a Viernes 9:00 a 16:00 hrs.<\/p>\t\t\t\t\t\t\t\t<\/div>\n\t\t\t\t<\/div>\n\t\t\t\t\t<\/div>\n\t\t\t\t<\/div>\n\t\t\t\t<\/div>\n\t\t","protected":false},"excerpt":{"rendered":"<p>Enlace de Transparencia Domicilio de la Unidad de Transparencia del Sistema para el Desarrollo Integral de la Familia del Estado de Quintana Roo. El art\u00edculo 64 de la Ley de Transparencia y Acceso a la Informaci\u00f3n P\u00fablica para el Estado de Quintana Roo, establece que las Unidades de Transparencia ser\u00e1n el enlace entre los sujetos &#8230; <a title=\"Enlace de Transparencia\" class=\"read-more\" href=\"https:\/\/dif.qroo.gob.mx\/index.php\/enlace-de-transparencia\/\" aria-label=\"Leer m\u00e1s sobre Enlace de Transparencia\">Leer m\u00e1s<\/a><\/p>\n","protected":false},"author":4,"featured_media":0,"parent":0,"menu_order":0,"comment_status":"closed","ping_status":"closed","template":"","meta":{"footnotes":""},"class_list":["post-37234","page","type-page","status-publish"],"yoast_head":"<!-- This site is optimized with the Yoast SEO plugin v25.3 - https:\/\/yoast.com\/wordpress\/plugins\/seo\/ -->\n<title>Enlace de Transparencia - Sistema para el Desarrollo Integral de la Familia del Estado de Quintana Roo<\/title>\n<meta name=\"robots\" content=\"index, follow, max-snippet:-1, max-image-preview:large, max-video-preview:-1\" \/>\n<link rel=\"canonical\" href=\"https:\/\/dif.qroo.gob.mx\/index.php\/enlace-de-transparencia\/\" \/>\n<meta property=\"og:locale\" content=\"es_MX\" \/>\n<meta property=\"og:type\" content=\"article\" \/>\n<meta property=\"og:title\" content=\"Enlace de Transparencia - Sistema para el Desarrollo Integral de la Familia del Estado de Quintana Roo\" \/>\n<meta property=\"og:description\" content=\"Enlace de Transparencia Domicilio de la Unidad de Transparencia del Sistema para el Desarrollo Integral de la Familia del Estado de Quintana Roo. El art\u00edculo 64 de la Ley de Transparencia y Acceso a la Informaci\u00f3n P\u00fablica para el Estado de Quintana Roo, establece que las Unidades de Transparencia ser\u00e1n el enlace entre los sujetos ... Leer m\u00e1s\" \/>\n<meta property=\"og:url\" content=\"https:\/\/dif.qroo.gob.mx\/index.php\/enlace-de-transparencia\/\" \/>\n<meta property=\"og:site_name\" content=\"Sistema para el Desarrollo Integral de la Familia del Estado de Quintana Roo\" \/>\n<meta property=\"article:modified_time\" content=\"2026-02-09T17:30:54+00:00\" \/>\n<meta name=\"twitter:card\" content=\"summary_large_image\" \/>\n<meta name=\"twitter:label1\" content=\"Tiempo de lectura\" \/>\n\t<meta name=\"twitter:data1\" content=\"1 minuto\" \/>\n<script type=\"application\/ld+json\" class=\"yoast-schema-graph\">{\"@context\":\"https:\/\/schema.org\",\"@graph\":[{\"@type\":\"WebPage\",\"@id\":\"https:\/\/dif.qroo.gob.mx\/index.php\/enlace-de-transparencia\/\",\"url\":\"https:\/\/dif.qroo.gob.mx\/index.php\/enlace-de-transparencia\/\",\"name\":\"Enlace de Transparencia - Sistema para el Desarrollo Integral de la Familia del Estado de Quintana Roo\",\"isPartOf\":{\"@id\":\"https:\/\/dif.qroo.gob.mx\/#website\"},\"datePublished\":\"2024-08-27T17:33:55+00:00\",\"dateModified\":\"2026-02-09T17:30:54+00:00\",\"breadcrumb\":{\"@id\":\"https:\/\/dif.qroo.gob.mx\/index.php\/enlace-de-transparencia\/#breadcrumb\"},\"inLanguage\":\"es\",\"potentialAction\":[{\"@type\":\"ReadAction\",\"target\":[\"https:\/\/dif.qroo.gob.mx\/index.php\/enlace-de-transparencia\/\"]}]},{\"@type\":\"BreadcrumbList\",\"@id\":\"https:\/\/dif.qroo.gob.mx\/index.php\/enlace-de-transparencia\/#breadcrumb\",\"itemListElement\":[{\"@type\":\"ListItem\",\"position\":1,\"name\":\"Inicio\",\"item\":\"https:\/\/dif.qroo.gob.mx\/\"},{\"@type\":\"ListItem\",\"position\":2,\"name\":\"Enlace de Transparencia\"}]},{\"@type\":\"WebSite\",\"@id\":\"https:\/\/dif.qroo.gob.mx\/#website\",\"url\":\"https:\/\/dif.qroo.gob.mx\/\",\"name\":\"Sistema para el Desarrollo Integral de la Familia del Estado de Quintana Roo\",\"description\":\"DIF Quintana Roo\",\"publisher\":{\"@id\":\"https:\/\/dif.qroo.gob.mx\/#organization\"},\"potentialAction\":[{\"@type\":\"SearchAction\",\"target\":{\"@type\":\"EntryPoint\",\"urlTemplate\":\"https:\/\/dif.qroo.gob.mx\/?s={search_term_string}\"},\"query-input\":{\"@type\":\"PropertyValueSpecification\",\"valueRequired\":true,\"valueName\":\"search_term_string\"}}],\"inLanguage\":\"es\"},{\"@type\":\"Organization\",\"@id\":\"https:\/\/dif.qroo.gob.mx\/#organization\",\"name\":\"Sistema para el Desarrollo Integral de la Familia del Estado de Quintana Roo\",\"url\":\"https:\/\/dif.qroo.gob.mx\/\",\"logo\":{\"@type\":\"ImageObject\",\"inLanguage\":\"es\",\"@id\":\"https:\/\/dif.qroo.gob.mx\/#\/schema\/logo\/image\/\",\"url\":\"https:\/\/dif.qroo.gob.mx\/wp-content\/uploads\/2024\/08\/cropped-logo_alargado_peque.png\",\"contentUrl\":\"https:\/\/dif.qroo.gob.mx\/wp-content\/uploads\/2024\/08\/cropped-logo_alargado_peque.png\",\"width\":480,\"height\":248,\"caption\":\"Sistema para el Desarrollo Integral de la Familia del Estado de Quintana Roo\"},\"image\":{\"@id\":\"https:\/\/dif.qroo.gob.mx\/#\/schema\/logo\/image\/\"}}]}<\/script>\n<!-- \/ Yoast SEO plugin. -->","yoast_head_json":{"title":"Enlace de Transparencia - Sistema para el Desarrollo Integral de la Familia del Estado de Quintana Roo","robots":{"index":"index","follow":"follow","max-snippet":"max-snippet:-1","max-image-preview":"max-image-preview:large","max-video-preview":"max-video-preview:-1"},"canonical":"https:\/\/dif.qroo.gob.mx\/index.php\/enlace-de-transparencia\/","og_locale":"es_MX","og_type":"article","og_title":"Enlace de Transparencia - Sistema para el Desarrollo Integral de la Familia del Estado de Quintana Roo","og_description":"Enlace de Transparencia Domicilio de la Unidad de Transparencia del Sistema para el Desarrollo Integral de la Familia del Estado de Quintana Roo. El art\u00edculo 64 de la Ley de Transparencia y Acceso a la Informaci\u00f3n P\u00fablica para el Estado de Quintana Roo, establece que las Unidades de Transparencia ser\u00e1n el enlace entre los sujetos ... Leer m\u00e1s","og_url":"https:\/\/dif.qroo.gob.mx\/index.php\/enlace-de-transparencia\/","og_site_name":"Sistema para el Desarrollo Integral de la Familia del Estado de Quintana Roo","article_modified_time":"2026-02-09T17:30:54+00:00","twitter_card":"summary_large_image","twitter_misc":{"Tiempo de lectura":"1 minuto"},"schema":{"@context":"https:\/\/schema.org","@graph":[{"@type":"WebPage","@id":"https:\/\/dif.qroo.gob.mx\/index.php\/enlace-de-transparencia\/","url":"https:\/\/dif.qroo.gob.mx\/index.php\/enlace-de-transparencia\/","name":"Enlace de Transparencia - Sistema para el Desarrollo Integral de la Familia del Estado de Quintana Roo","isPartOf":{"@id":"https:\/\/dif.qroo.gob.mx\/#website"},"datePublished":"2024-08-27T17:33:55+00:00","dateModified":"2026-02-09T17:30:54+00:00","breadcrumb":{"@id":"https:\/\/dif.qroo.gob.mx\/index.php\/enlace-de-transparencia\/#breadcrumb"},"inLanguage":"es","potentialAction":[{"@type":"ReadAction","target":["https:\/\/dif.qroo.gob.mx\/index.php\/enlace-de-transparencia\/"]}]},{"@type":"BreadcrumbList","@id":"https:\/\/dif.qroo.gob.mx\/index.php\/enlace-de-transparencia\/#breadcrumb","itemListElement":[{"@type":"ListItem","position":1,"name":"Inicio","item":"https:\/\/dif.qroo.gob.mx\/"},{"@type":"ListItem","position":2,"name":"Enlace de Transparencia"}]},{"@type":"WebSite","@id":"https:\/\/dif.qroo.gob.mx\/#website","url":"https:\/\/dif.qroo.gob.mx\/","name":"Sistema para el Desarrollo Integral de la Familia del Estado de Quintana Roo","description":"DIF Quintana Roo","publisher":{"@id":"https:\/\/dif.qroo.gob.mx\/#organization"},"potentialAction":[{"@type":"SearchAction","target":{"@type":"EntryPoint","urlTemplate":"https:\/\/dif.qroo.gob.mx\/?s={search_term_string}"},"query-input":{"@type":"PropertyValueSpecification","valueRequired":true,"valueName":"search_term_string"}}],"inLanguage":"es"},{"@type":"Organization","@id":"https:\/\/dif.qroo.gob.mx\/#organization","name":"Sistema para el Desarrollo Integral de la Familia del Estado de Quintana Roo","url":"https:\/\/dif.qroo.gob.mx\/","logo":{"@type":"ImageObject","inLanguage":"es","@id":"https:\/\/dif.qroo.gob.mx\/#\/schema\/logo\/image\/","url":"https:\/\/dif.qroo.gob.mx\/wp-content\/uploads\/2024\/08\/cropped-logo_alargado_peque.png","contentUrl":"https:\/\/dif.qroo.gob.mx\/wp-content\/uploads\/2024\/08\/cropped-logo_alargado_peque.png","width":480,"height":248,"caption":"Sistema para el Desarrollo Integral de la Familia del Estado de Quintana Roo"},"image":{"@id":"https:\/\/dif.qroo.gob.mx\/#\/schema\/logo\/image\/"}}]}},"_links":{"self":[{"href":"https:\/\/dif.qroo.gob.mx\/index.php\/wp-json\/wp\/v2\/pages\/37234","targetHints":{"allow":["GET"]}}],"collection":[{"href":"https:\/\/dif.qroo.gob.mx\/index.php\/wp-json\/wp\/v2\/pages"}],"about":[{"href":"https:\/\/dif.qroo.gob.mx\/index.php\/wp-json\/wp\/v2\/types\/page"}],"author":[{"embeddable":true,"href":"https:\/\/dif.qroo.gob.mx\/index.php\/wp-json\/wp\/v2\/users\/4"}],"replies":[{"embeddable":true,"href":"https:\/\/dif.qroo.gob.mx\/index.php\/wp-json\/wp\/v2\/comments?post=37234"}],"version-history":[{"count":7,"href":"https:\/\/dif.qroo.gob.mx\/index.php\/wp-json\/wp\/v2\/pages\/37234\/revisions"}],"predecessor-version":[{"id":42295,"href":"https:\/\/dif.qroo.gob.mx\/index.php\/wp-json\/wp\/v2\/pages\/37234\/revisions\/42295"}],"wp:attachment":[{"href":"https:\/\/dif.qroo.gob.mx\/index.php\/wp-json\/wp\/v2\/media?parent=37234"}],"curies":[{"name":"wp","href":"https:\/\/api.w.org\/{rel}","templated":true}]}}