{"id":37089,"date":"2024-08-23T13:27:47","date_gmt":"2024-08-23T18:27:47","guid":{"rendered":"https:\/\/dif.qroo.gob.mx\/?page_id=37089"},"modified":"2025-10-24T10:08:53","modified_gmt":"2025-10-24T15:08:53","slug":"programa-quintanarroense-de-cultura-institucional-pqci","status":"publish","type":"page","link":"https:\/\/dif.qroo.gob.mx\/index.php\/programa-quintanarroense-de-cultura-institucional-pqci\/","title":{"rendered":"Programa Quintanarroense de Cultura Institucional (PQCI)"},"content":{"rendered":"\t\t<div data-elementor-type=\"wp-page\" data-elementor-id=\"37089\" class=\"elementor elementor-37089\">\n\t\t\t\t<div class=\"elementor-element elementor-element-c907848 e-con-full e-flex e-con e-parent\" data-id=\"c907848\" data-element_type=\"container\" data-e-type=\"container\">\n\t\t\t\t<div class=\"elementor-element elementor-element-224bb2d elementor-widget elementor-widget-heading\" data-id=\"224bb2d\" data-element_type=\"widget\" data-e-type=\"widget\" data-widget_type=\"heading.default\">\n\t\t\t\t<div class=\"elementor-widget-container\">\n\t\t\t\t\t<h2 class=\"elementor-heading-title elementor-size-default\">Programa Quintanarroense de Cultura Institucional (PQCI)<\/h2>\t\t\t\t<\/div>\n\t\t\t\t<\/div>\n\t\t\t\t<div class=\"elementor-element elementor-element-99217a2 elementor-widget elementor-widget-eael-adv-tabs\" data-id=\"99217a2\" data-element_type=\"widget\" data-e-type=\"widget\" data-widget_type=\"eael-adv-tabs.default\">\n\t\t\t\t<div class=\"elementor-widget-container\">\n\t\t\t\t\t        <div data-scroll-on-click=\"no\" data-scroll-speed=\"300\" id=\"eael-advance-tabs-99217a2\" class=\"eael-advance-tabs eael-tabs-horizontal eael-tab-auto-active \" data-tabid=\"99217a2\">\n            <div class=\"eael-tabs-nav \">\n                <ul class=\"eael-tab-inline-icon\" role=\"tablist\">\n                                            <li id=\"misin-y-visin\" class=\"inactive eael-tab-item-trigger eael-tab-nav-item\" aria-selected=\"true\" data-tab=\"1\" role=\"tab\" tabindex=\"0\" aria-controls=\"misin-y-visin-tab\" aria-expanded=\"false\">\n                            \n                                                                <svg class=\"e-font-icon-svg e-far-file-alt\" viewBox=\"0 0 384 512\" xmlns=\"http:\/\/www.w3.org\/2000\/svg\"><path d=\"M288 248v28c0 6.6-5.4 12-12 12H108c-6.6 0-12-5.4-12-12v-28c0-6.6 5.4-12 12-12h168c6.6 0 12 5.4 12 12zm-12 72H108c-6.6 0-12 5.4-12 12v28c0 6.6 5.4 12 12 12h168c6.6 0 12-5.4 12-12v-28c0-6.6-5.4-12-12-12zm108-188.1V464c0 26.5-21.5 48-48 48H48c-26.5 0-48-21.5-48-48V48C0 21.5 21.5 0 48 0h204.1C264.8 0 277 5.1 286 14.1L369.9 98c9 8.9 14.1 21.2 14.1 33.9zm-128-80V128h76.1L256 51.9zM336 464V176H232c-13.3 0-24-10.7-24-24V48H48v416h288z\"><\/path><\/svg>                                                            \n                                                            <span class=\"eael-tab-title title-after-icon\" >Misi\u00f3n y Visi\u00f3n<\/span>                            \n                                                    <\/li>\n                                            <li id=\"organigrama\" class=\"inactive eael-tab-item-trigger eael-tab-nav-item\" aria-selected=\"false\" data-tab=\"2\" role=\"tab\" tabindex=\"-1\" aria-controls=\"organigrama-tab\" aria-expanded=\"false\">\n                            \n                                                                <svg class=\"e-font-icon-svg e-fas-project-diagram\" viewBox=\"0 0 640 512\" xmlns=\"http:\/\/www.w3.org\/2000\/svg\"><path d=\"M384 320H256c-17.67 0-32 14.33-32 32v128c0 17.67 14.33 32 32 32h128c17.67 0 32-14.33 32-32V352c0-17.67-14.33-32-32-32zM192 32c0-17.67-14.33-32-32-32H32C14.33 0 0 14.33 0 32v128c0 17.67 14.33 32 32 32h95.72l73.16 128.04C211.98 300.98 232.4 288 256 288h.28L192 175.51V128h224V64H192V32zM608 0H480c-17.67 0-32 14.33-32 32v128c0 17.67 14.33 32 32 32h128c17.67 0 32-14.33 32-32V32c0-17.67-14.33-32-32-32z\"><\/path><\/svg>                                                            \n                                                            <span class=\"eael-tab-title title-after-icon\" >Organigrama<\/span>                            \n                                                    <\/li>\n                    \n                                  <\/ul>\n            <\/div>\n            \n            <div class=\"eael-tabs-content\">\n\t\t        \n                    <div id=\"misin-y-visin-tab\" class=\"clearfix eael-tab-content-item inactive\" data-title-link=\"misin-y-visin-tab\">\n\t\t\t\t        <p style=\"text-align: center\"><strong>Pol\u00edtica de Igualdad de G\u00e9nero<\/strong><\/p>\n<p>El Gobierno del Estado de Quintana Roo est\u00e1 comprometido con los derechos humanos, el desarrollo integral de las personas, la igualdad sustantiva y la no discriminaci\u00f3n, por lo cual promover\u00e1 el acceso a la igualdad de oportunidades con el fin de lograr la participaci\u00f3n igualitaria entre los g\u00e9neros en los espacios laborales, en la toma de decisiones y coadyuvar\u00e1 para prevenir, atender y sancionar cualquier tipo de violencia.<\/p>\n<p style=\"text-align: center\"><strong>Misi\u00f3n<\/strong><\/p>\n<p>Inducir la responsabilidad del Sistema para el Desarrollo Integral de la Familia del Estado de Quintana Roo en la pol\u00edtica de igualdad con modelos que permitan la construcci\u00f3n de una cultura de equidad entre mujeres y hombres a trav\u00e9s del desarrollo de estrategias para innovar la instituci\u00f3n con \u00f3ptimos espacios laborales, m\u00e1s justos e igualitarios que redunden en una relevante eficiencia y productividad, impulsando la igualdad sustantiva y los derechos humanos en favor de la corresponsabilidad entre la vida laboral, familiar, \u00a0personal e institucional.<\/p>\n<p style=\"text-align: center\"><strong>Visi\u00f3n<\/strong><\/p>\n<p>Ser una instancia del Gobierno del Estado donde exista una igualdad sustantiva entre mujeres y hombres que permitan la construcci\u00f3n de una cultura de equidad que genere mayores espacios laborales, m\u00e1s justos e igualitarios para poder garantizar el acceso a una mejor calidad de vida a trav\u00e9s de impulsar los derechos humanos.<\/p>\n<p class=\"text-align-center\" style=\"text-align: left\"><strong>Prop\u00f3sito<\/strong><\/p>\n<p>Fortalecer la sensibilizaci\u00f3n y concientizaci\u00f3n del personal del Sistema para el Desarrollo Integral de la Familia del Estado de Quintana Roo, la cultura del respeto a los derechos humanos de las mujeres y los hombres en una igualdad sustantiva a trav\u00e9s del fortalecimiento de estrategias que aterricen en acciones privilegiando la corresponsabilidad entre la vida laboral, familiar, personal e institucional.<\/p>\n<p class=\"text-align-center\" style=\"text-align: left\"><strong>Manuales:<\/strong><\/p>\n\n<div class=\"field field--name-field-gen-adjuntos field--type-file field--label-above\">\n<div class=\"field__label\"><strong>Adjuntos<\/strong><\/div>\n<div>\u00a0<\/div>\n<div class=\"field__items\">\n<div class=\"field__item\">\n<table>\n<thead>\n<tr>\n<th>Adjunto<\/th>\n<th>Tama\u00f1o<\/th>\n<\/tr>\n<\/thead>\n<tbody>\n<tr class=\"odd\">\n<td><span class=\"file file--mime-application-pdf file--application-pdf\"> <a href=\"https:\/\/dif.qroo.gob.mx\/\/wp-content\/uploads\/2024\/08\/peci.pdf\">peci.pdf<\/a><\/span><\/td>\n<td>7.56 MB<\/td>\n<\/tr>\n<tr class=\"even\">\n<td><span class=\"file file--mime-application-pdf file--application-pdf\"> <a href=\"https:\/\/dif.qroo.gob.mx\/\/wp-content\/uploads\/2024\/08\/protocolo_iqm.pdf\">protocolo_iqm.pdf<\/a><\/span><\/td>\n<td>1.46 MB<\/td>\n<\/tr>\n<tr class=\"odd\">\n<td><span class=\"file file--mime-application-pdf file--application-pdf\"> <a href=\"https:\/\/dif.qroo.gob.mx\/\/wp-content\/uploads\/2024\/08\/PROCEDIMIENTO-PARA-ATENDER-HyAS-DIF.pdf\">PROCEDIMIENTO PARA ATENDER HyAS DIF.pdf<\/a><\/span><\/td>\n<td>210.11 KB<\/td>\n<\/tr>\n<tr class=\"even\">\n<td><span class=\"file file--mime-application-pdf file--application-pdf\"> <a href=\"https:\/\/dif.qroo.gob.mx\/\/wp-content\/uploads\/2024\/08\/COMUNICACION-NO-SEXISTA-INMUJERES-2015.pdf\">COMUNICACION NO SEXISTA INMUJERES 2015.pdf<\/a><\/span><\/td>\n<td>4.04 MB<\/td>\n<\/tr>\n<\/tbody>\n<\/table>\n<\/div>\n<\/div>\n<\/div>                    <\/div>\n\t\t        \n                    <div id=\"organigrama-tab\" class=\"clearfix eael-tab-content-item inactive\" data-title-link=\"organigrama-tab\">\n\t\t\t\t        <div class=\"pdfjs-fullscreen\"><a href=\"https:\/\/dif.qroo.gob.mx\/wp-content\/plugins\/pdfjs-viewer-shortcode\/pdfjs\/web\/viewer.php?file=https:\/\/dif.qroo.gob.mx\/wp-content\/uploads\/2025\/10\/Organigrama_PQCI_Subcomite.pdf&#038;attachment_id=0&#038;dButton=true&#038;pButton=true&#038;oButton=false&#038;sButton=true&#038;editButtons=true&#038;v=3.1.1&#038;_wpnonce=36e24d7486#zoom=auto&#038;pagemode=none\"  aria-label=\"Open PDF in fullscreen mode\">View Fullscreen<\/a><\/div><a href=\"#pdfjs-viewer-skip\" class=\"screen-reader-text\">Skip to PDF content<\/a><div role=\"region\" aria-label=\"PDF Viewer\" id=\"pdfjs-viewer-skip\"><iframe width=\"600px\" height=\"700px\" src=\"https:\/\/dif.qroo.gob.mx\/wp-content\/plugins\/pdfjs-viewer-shortcode\/pdfjs\/web\/viewer.php?file=https:\/\/dif.qroo.gob.mx\/wp-content\/uploads\/2025\/10\/Organigrama_PQCI_Subcomite.pdf&#038;attachment_id=0&#038;dButton=true&#038;pButton=true&#038;oButton=false&#038;sButton=true&#038;editButtons=true&#038;v=3.1.1&#038;_wpnonce=36e24d7486#zoom=auto&#038;pagemode=none\" title=\"PDF document: Organigrama_PQCI_Subcomite.pdf\" aria-label=\"PDF document: Organigrama_PQCI_Subcomite.pdf\" class=\"pdfjs-iframe\" tabindex=\"0\" loading=\"lazy\" style=\"max-width: 100%;\"><\/iframe><\/div>\n<p>\u00a0<\/p>                    <\/div>\n\t\t                    <\/div>\n        <\/div>\n\t\t\t\t<\/div>\n\t\t\t\t<\/div>\n\t\t\t\t<\/div>\n\t\t\t\t<\/div>\n\t\t","protected":false},"excerpt":{"rendered":"<p>Programa Quintanarroense de Cultura Institucional (PQCI) Misi\u00f3n y Visi\u00f3n Organigrama Pol\u00edtica de Igualdad de G\u00e9nero El Gobierno del Estado de Quintana Roo est\u00e1 comprometido con los derechos humanos, el desarrollo integral de las personas, la igualdad sustantiva y la no discriminaci\u00f3n, por lo cual promover\u00e1 el acceso a la igualdad de oportunidades con el fin &#8230; <a title=\"Programa Quintanarroense de Cultura Institucional (PQCI)\" class=\"read-more\" href=\"https:\/\/dif.qroo.gob.mx\/index.php\/programa-quintanarroense-de-cultura-institucional-pqci\/\" aria-label=\"Leer m\u00e1s sobre Programa Quintanarroense de Cultura Institucional (PQCI)\">Leer m\u00e1s<\/a><\/p>\n","protected":false},"author":4,"featured_media":0,"parent":0,"menu_order":0,"comment_status":"closed","ping_status":"closed","template":"","meta":{"footnotes":""},"class_list":["post-37089","page","type-page","status-publish"],"yoast_head":"<!-- This site is optimized with the Yoast SEO plugin v27.5 - https:\/\/yoast.com\/product\/yoast-seo-wordpress\/ -->\n<title>Programa Quintanarroense de Cultura Institucional (PQCI) - Sistema para el Desarrollo Integral de la Familia del Estado de Quintana Roo<\/title>\n<meta name=\"robots\" content=\"index, follow, max-snippet:-1, max-image-preview:large, max-video-preview:-1\" \/>\n<link rel=\"canonical\" href=\"https:\/\/dif.qroo.gob.mx\/index.php\/programa-quintanarroense-de-cultura-institucional-pqci\/\" \/>\n<meta property=\"og:locale\" content=\"es_MX\" \/>\n<meta property=\"og:type\" content=\"article\" \/>\n<meta property=\"og:title\" content=\"Programa Quintanarroense de Cultura Institucional (PQCI) - Sistema para el Desarrollo Integral de la Familia del Estado de Quintana Roo\" \/>\n<meta property=\"og:description\" content=\"Programa Quintanarroense de Cultura Institucional (PQCI) Misi\u00f3n y Visi\u00f3n Organigrama Pol\u00edtica de Igualdad de G\u00e9nero El Gobierno del Estado de Quintana Roo est\u00e1 comprometido con los derechos humanos, el desarrollo integral de las personas, la igualdad sustantiva y la no discriminaci\u00f3n, por lo cual promover\u00e1 el acceso a la igualdad de oportunidades con el fin ... Leer m\u00e1s\" \/>\n<meta property=\"og:url\" content=\"https:\/\/dif.qroo.gob.mx\/index.php\/programa-quintanarroense-de-cultura-institucional-pqci\/\" \/>\n<meta property=\"og:site_name\" content=\"Sistema para el Desarrollo Integral de la Familia del Estado de Quintana Roo\" \/>\n<meta property=\"article:modified_time\" content=\"2025-10-24T15:08:53+00:00\" \/>\n<meta name=\"twitter:card\" content=\"summary_large_image\" \/>\n<meta name=\"twitter:label1\" content=\"Tiempo de lectura\" \/>\n\t<meta name=\"twitter:data1\" content=\"2 minutos\" \/>\n<script type=\"application\/ld+json\" class=\"yoast-schema-graph\">{\"@context\":\"https:\\\/\\\/schema.org\",\"@graph\":[{\"@type\":\"WebPage\",\"@id\":\"https:\\\/\\\/dif.qroo.gob.mx\\\/index.php\\\/programa-quintanarroense-de-cultura-institucional-pqci\\\/\",\"url\":\"https:\\\/\\\/dif.qroo.gob.mx\\\/index.php\\\/programa-quintanarroense-de-cultura-institucional-pqci\\\/\",\"name\":\"Programa Quintanarroense de Cultura Institucional (PQCI) - Sistema para el Desarrollo Integral de la Familia del Estado de Quintana Roo\",\"isPartOf\":{\"@id\":\"https:\\\/\\\/dif.qroo.gob.mx\\\/#website\"},\"datePublished\":\"2024-08-23T18:27:47+00:00\",\"dateModified\":\"2025-10-24T15:08:53+00:00\",\"breadcrumb\":{\"@id\":\"https:\\\/\\\/dif.qroo.gob.mx\\\/index.php\\\/programa-quintanarroense-de-cultura-institucional-pqci\\\/#breadcrumb\"},\"inLanguage\":\"es\",\"potentialAction\":[{\"@type\":\"ReadAction\",\"target\":[\"https:\\\/\\\/dif.qroo.gob.mx\\\/index.php\\\/programa-quintanarroense-de-cultura-institucional-pqci\\\/\"]}]},{\"@type\":\"BreadcrumbList\",\"@id\":\"https:\\\/\\\/dif.qroo.gob.mx\\\/index.php\\\/programa-quintanarroense-de-cultura-institucional-pqci\\\/#breadcrumb\",\"itemListElement\":[{\"@type\":\"ListItem\",\"position\":1,\"name\":\"Inicio\",\"item\":\"https:\\\/\\\/dif.qroo.gob.mx\\\/\"},{\"@type\":\"ListItem\",\"position\":2,\"name\":\"Programa Quintanarroense de Cultura Institucional (PQCI)\"}]},{\"@type\":\"WebSite\",\"@id\":\"https:\\\/\\\/dif.qroo.gob.mx\\\/#website\",\"url\":\"https:\\\/\\\/dif.qroo.gob.mx\\\/\",\"name\":\"Sistema para el Desarrollo Integral de la Familia del Estado de Quintana Roo\",\"description\":\"DIF Quintana Roo\",\"publisher\":{\"@id\":\"https:\\\/\\\/dif.qroo.gob.mx\\\/#organization\"},\"potentialAction\":[{\"@type\":\"SearchAction\",\"target\":{\"@type\":\"EntryPoint\",\"urlTemplate\":\"https:\\\/\\\/dif.qroo.gob.mx\\\/?s={search_term_string}\"},\"query-input\":{\"@type\":\"PropertyValueSpecification\",\"valueRequired\":true,\"valueName\":\"search_term_string\"}}],\"inLanguage\":\"es\"},{\"@type\":\"Organization\",\"@id\":\"https:\\\/\\\/dif.qroo.gob.mx\\\/#organization\",\"name\":\"Sistema para el Desarrollo Integral de la Familia del Estado de Quintana Roo\",\"url\":\"https:\\\/\\\/dif.qroo.gob.mx\\\/\",\"logo\":{\"@type\":\"ImageObject\",\"inLanguage\":\"es\",\"@id\":\"https:\\\/\\\/dif.qroo.gob.mx\\\/#\\\/schema\\\/logo\\\/image\\\/\",\"url\":\"https:\\\/\\\/dif.qroo.gob.mx\\\/wp-content\\\/uploads\\\/2024\\\/08\\\/cropped-logo_alargado_peque.png\",\"contentUrl\":\"https:\\\/\\\/dif.qroo.gob.mx\\\/wp-content\\\/uploads\\\/2024\\\/08\\\/cropped-logo_alargado_peque.png\",\"width\":480,\"height\":248,\"caption\":\"Sistema para el Desarrollo Integral de la Familia del Estado de Quintana Roo\"},\"image\":{\"@id\":\"https:\\\/\\\/dif.qroo.gob.mx\\\/#\\\/schema\\\/logo\\\/image\\\/\"}}]}<\/script>\n<!-- \/ Yoast SEO plugin. -->","yoast_head_json":{"title":"Programa Quintanarroense de Cultura Institucional (PQCI) - Sistema para el Desarrollo Integral de la Familia del Estado de Quintana Roo","robots":{"index":"index","follow":"follow","max-snippet":"max-snippet:-1","max-image-preview":"max-image-preview:large","max-video-preview":"max-video-preview:-1"},"canonical":"https:\/\/dif.qroo.gob.mx\/index.php\/programa-quintanarroense-de-cultura-institucional-pqci\/","og_locale":"es_MX","og_type":"article","og_title":"Programa Quintanarroense de Cultura Institucional (PQCI) - Sistema para el Desarrollo Integral de la Familia del Estado de Quintana Roo","og_description":"Programa Quintanarroense de Cultura Institucional (PQCI) Misi\u00f3n y Visi\u00f3n Organigrama Pol\u00edtica de Igualdad de G\u00e9nero El Gobierno del Estado de Quintana Roo est\u00e1 comprometido con los derechos humanos, el desarrollo integral de las personas, la igualdad sustantiva y la no discriminaci\u00f3n, por lo cual promover\u00e1 el acceso a la igualdad de oportunidades con el fin ... Leer m\u00e1s","og_url":"https:\/\/dif.qroo.gob.mx\/index.php\/programa-quintanarroense-de-cultura-institucional-pqci\/","og_site_name":"Sistema para el Desarrollo Integral de la Familia del Estado de Quintana Roo","article_modified_time":"2025-10-24T15:08:53+00:00","twitter_card":"summary_large_image","twitter_misc":{"Tiempo de lectura":"2 minutos"},"schema":{"@context":"https:\/\/schema.org","@graph":[{"@type":"WebPage","@id":"https:\/\/dif.qroo.gob.mx\/index.php\/programa-quintanarroense-de-cultura-institucional-pqci\/","url":"https:\/\/dif.qroo.gob.mx\/index.php\/programa-quintanarroense-de-cultura-institucional-pqci\/","name":"Programa Quintanarroense de Cultura Institucional (PQCI) - Sistema para el Desarrollo Integral de la Familia del Estado de Quintana Roo","isPartOf":{"@id":"https:\/\/dif.qroo.gob.mx\/#website"},"datePublished":"2024-08-23T18:27:47+00:00","dateModified":"2025-10-24T15:08:53+00:00","breadcrumb":{"@id":"https:\/\/dif.qroo.gob.mx\/index.php\/programa-quintanarroense-de-cultura-institucional-pqci\/#breadcrumb"},"inLanguage":"es","potentialAction":[{"@type":"ReadAction","target":["https:\/\/dif.qroo.gob.mx\/index.php\/programa-quintanarroense-de-cultura-institucional-pqci\/"]}]},{"@type":"BreadcrumbList","@id":"https:\/\/dif.qroo.gob.mx\/index.php\/programa-quintanarroense-de-cultura-institucional-pqci\/#breadcrumb","itemListElement":[{"@type":"ListItem","position":1,"name":"Inicio","item":"https:\/\/dif.qroo.gob.mx\/"},{"@type":"ListItem","position":2,"name":"Programa Quintanarroense de Cultura Institucional (PQCI)"}]},{"@type":"WebSite","@id":"https:\/\/dif.qroo.gob.mx\/#website","url":"https:\/\/dif.qroo.gob.mx\/","name":"Sistema para el Desarrollo Integral de la Familia del Estado de Quintana Roo","description":"DIF Quintana Roo","publisher":{"@id":"https:\/\/dif.qroo.gob.mx\/#organization"},"potentialAction":[{"@type":"SearchAction","target":{"@type":"EntryPoint","urlTemplate":"https:\/\/dif.qroo.gob.mx\/?s={search_term_string}"},"query-input":{"@type":"PropertyValueSpecification","valueRequired":true,"valueName":"search_term_string"}}],"inLanguage":"es"},{"@type":"Organization","@id":"https:\/\/dif.qroo.gob.mx\/#organization","name":"Sistema para el Desarrollo Integral de la Familia del Estado de Quintana Roo","url":"https:\/\/dif.qroo.gob.mx\/","logo":{"@type":"ImageObject","inLanguage":"es","@id":"https:\/\/dif.qroo.gob.mx\/#\/schema\/logo\/image\/","url":"https:\/\/dif.qroo.gob.mx\/wp-content\/uploads\/2024\/08\/cropped-logo_alargado_peque.png","contentUrl":"https:\/\/dif.qroo.gob.mx\/wp-content\/uploads\/2024\/08\/cropped-logo_alargado_peque.png","width":480,"height":248,"caption":"Sistema para el Desarrollo Integral de la Familia del Estado de Quintana Roo"},"image":{"@id":"https:\/\/dif.qroo.gob.mx\/#\/schema\/logo\/image\/"}}]}},"_links":{"self":[{"href":"https:\/\/dif.qroo.gob.mx\/index.php\/wp-json\/wp\/v2\/pages\/37089","targetHints":{"allow":["GET"]}}],"collection":[{"href":"https:\/\/dif.qroo.gob.mx\/index.php\/wp-json\/wp\/v2\/pages"}],"about":[{"href":"https:\/\/dif.qroo.gob.mx\/index.php\/wp-json\/wp\/v2\/types\/page"}],"author":[{"embeddable":true,"href":"https:\/\/dif.qroo.gob.mx\/index.php\/wp-json\/wp\/v2\/users\/4"}],"replies":[{"embeddable":true,"href":"https:\/\/dif.qroo.gob.mx\/index.php\/wp-json\/wp\/v2\/comments?post=37089"}],"version-history":[{"count":19,"href":"https:\/\/dif.qroo.gob.mx\/index.php\/wp-json\/wp\/v2\/pages\/37089\/revisions"}],"predecessor-version":[{"id":41997,"href":"https:\/\/dif.qroo.gob.mx\/index.php\/wp-json\/wp\/v2\/pages\/37089\/revisions\/41997"}],"wp:attachment":[{"href":"https:\/\/dif.qroo.gob.mx\/index.php\/wp-json\/wp\/v2\/media?parent=37089"}],"curies":[{"name":"wp","href":"https:\/\/api.w.org\/{rel}","templated":true}]}}