{"id":36792,"date":"2024-08-22T11:06:26","date_gmt":"2024-08-22T16:06:26","guid":{"rendered":"https:\/\/dif.qroo.gob.mx\/?page_id=36792"},"modified":"2024-08-22T11:11:20","modified_gmt":"2024-08-22T16:11:20","slug":"galeria-conavim-refugio","status":"publish","type":"page","link":"https:\/\/dif.qroo.gob.mx\/index.php\/galeria-conavim-refugio\/","title":{"rendered":"Galer\u00eda Conavim &#8211; Refugio"},"content":{"rendered":"\t\t<div data-elementor-type=\"wp-page\" data-elementor-id=\"36792\" class=\"elementor elementor-36792\">\n\t\t\t\t<div class=\"elementor-element elementor-element-f3fa674 e-flex e-con-boxed e-con e-parent\" data-id=\"f3fa674\" data-element_type=\"container\">\n\t\t\t\t\t<div class=\"e-con-inner\">\n\t\t\t\t<div class=\"elementor-element elementor-element-7c5bd25 elementor-widget elementor-widget-wp-widget-media_gallery\" data-id=\"7c5bd25\" data-element_type=\"widget\" data-widget_type=\"wp-widget-media_gallery.default\">\n\t\t\t\t<div class=\"elementor-widget-container\">\n\t\t\t\t\t<h5>Ropa y calzado<\/h5><div id='gallery-1' class='gallery galleryid-36792 gallery-columns-4 gallery-size-large'><figure class='gallery-item'>\n\t\t\t<div class='gallery-icon landscape'>\n\t\t\t\t<a data-elementor-open-lightbox=\"yes\" data-elementor-lightbox-slideshow=\"7c5bd25\" data-elementor-lightbox-title=\"ROPA-NI\u00d1X\" data-e-action-hash=\"#elementor-action%3Aaction%3Dlightbox%26settings%3DeyJpZCI6MzY4MDIsInVybCI6Imh0dHBzOlwvXC9kaWYucXJvby5nb2IubXhcL3dwLWNvbnRlbnRcL3VwbG9hZHNcLzIwMjRcLzA4XC9ST1BBLU5JTlguanBnIiwic2xpZGVzaG93IjoiN2M1YmQyNSJ9\" href='https:\/\/dif.qroo.gob.mx\/wp-content\/uploads\/2024\/08\/ROPA-NINX.jpg'><img fetchpriority=\"high\" decoding=\"async\" width=\"1024\" height=\"768\" src=\"https:\/\/dif.qroo.gob.mx\/wp-content\/uploads\/2024\/08\/ROPA-NINX-1024x768.jpg\" class=\"attachment-large size-large\" alt=\"\" srcset=\"https:\/\/dif.qroo.gob.mx\/wp-content\/uploads\/2024\/08\/ROPA-NINX-1024x768.jpg 1024w, https:\/\/dif.qroo.gob.mx\/wp-content\/uploads\/2024\/08\/ROPA-NINX-300x225.jpg 300w, https:\/\/dif.qroo.gob.mx\/wp-content\/uploads\/2024\/08\/ROPA-NINX-768x576.jpg 768w, https:\/\/dif.qroo.gob.mx\/wp-content\/uploads\/2024\/08\/ROPA-NINX.jpg 1440w\" sizes=\"(max-width: 1024px) 100vw, 1024px\" \/><\/a>\n\t\t\t<\/div><\/figure><figure class='gallery-item'>\n\t\t\t<div class='gallery-icon landscape'>\n\t\t\t\t<a data-elementor-open-lightbox=\"yes\" data-elementor-lightbox-slideshow=\"7c5bd25\" data-elementor-lightbox-title=\"ROPA-NI\u00d1A\" data-e-action-hash=\"#elementor-action%3Aaction%3Dlightbox%26settings%3DeyJpZCI6MzY4MDEsInVybCI6Imh0dHBzOlwvXC9kaWYucXJvby5nb2IubXhcL3dwLWNvbnRlbnRcL3VwbG9hZHNcLzIwMjRcLzA4XC9ST1BBLU5JTkEuanBnIiwic2xpZGVzaG93IjoiN2M1YmQyNSJ9\" href='https:\/\/dif.qroo.gob.mx\/wp-content\/uploads\/2024\/08\/ROPA-NINA.jpg'><img decoding=\"async\" width=\"1024\" height=\"768\" src=\"https:\/\/dif.qroo.gob.mx\/wp-content\/uploads\/2024\/08\/ROPA-NINA-1024x768.jpg\" class=\"attachment-large size-large\" alt=\"\" srcset=\"https:\/\/dif.qroo.gob.mx\/wp-content\/uploads\/2024\/08\/ROPA-NINA-1024x768.jpg 1024w, https:\/\/dif.qroo.gob.mx\/wp-content\/uploads\/2024\/08\/ROPA-NINA-300x225.jpg 300w, https:\/\/dif.qroo.gob.mx\/wp-content\/uploads\/2024\/08\/ROPA-NINA-768x576.jpg 768w, https:\/\/dif.qroo.gob.mx\/wp-content\/uploads\/2024\/08\/ROPA-NINA.jpg 1440w\" sizes=\"(max-width: 1024px) 100vw, 1024px\" \/><\/a>\n\t\t\t<\/div><\/figure><figure class='gallery-item'>\n\t\t\t<div class='gallery-icon landscape'>\n\t\t\t\t<a data-elementor-open-lightbox=\"yes\" data-elementor-lightbox-slideshow=\"7c5bd25\" data-elementor-lightbox-title=\"ROPA-BEB\u00c9\" data-e-action-hash=\"#elementor-action%3Aaction%3Dlightbox%26settings%3DeyJpZCI6MzY3OTksInVybCI6Imh0dHBzOlwvXC9kaWYucXJvby5nb2IubXhcL3dwLWNvbnRlbnRcL3VwbG9hZHNcLzIwMjRcLzA4XC9ST1BBLUJFQkUuanBnIiwic2xpZGVzaG93IjoiN2M1YmQyNSJ9\" href='https:\/\/dif.qroo.gob.mx\/wp-content\/uploads\/2024\/08\/ROPA-BEBE.jpg'><img decoding=\"async\" width=\"1024\" height=\"768\" src=\"https:\/\/dif.qroo.gob.mx\/wp-content\/uploads\/2024\/08\/ROPA-BEBE-1024x768.jpg\" class=\"attachment-large size-large\" alt=\"\" srcset=\"https:\/\/dif.qroo.gob.mx\/wp-content\/uploads\/2024\/08\/ROPA-BEBE-1024x768.jpg 1024w, https:\/\/dif.qroo.gob.mx\/wp-content\/uploads\/2024\/08\/ROPA-BEBE-300x225.jpg 300w, https:\/\/dif.qroo.gob.mx\/wp-content\/uploads\/2024\/08\/ROPA-BEBE-768x576.jpg 768w, https:\/\/dif.qroo.gob.mx\/wp-content\/uploads\/2024\/08\/ROPA-BEBE.jpg 1440w\" sizes=\"(max-width: 1024px) 100vw, 1024px\" \/><\/a>\n\t\t\t<\/div><\/figure><figure class='gallery-item'>\n\t\t\t<div class='gallery-icon landscape'>\n\t\t\t\t<a data-elementor-open-lightbox=\"yes\" data-elementor-lightbox-slideshow=\"7c5bd25\" data-elementor-lightbox-title=\"ROPA-MUJER-2\" data-e-action-hash=\"#elementor-action%3Aaction%3Dlightbox%26settings%3DeyJpZCI6MzY4MDAsInVybCI6Imh0dHBzOlwvXC9kaWYucXJvby5nb2IubXhcL3dwLWNvbnRlbnRcL3VwbG9hZHNcLzIwMjRcLzA4XC9ST1BBLU1VSkVSLTIuanBnIiwic2xpZGVzaG93IjoiN2M1YmQyNSJ9\" href='https:\/\/dif.qroo.gob.mx\/wp-content\/uploads\/2024\/08\/ROPA-MUJER-2.jpg'><img loading=\"lazy\" decoding=\"async\" width=\"1024\" height=\"768\" src=\"https:\/\/dif.qroo.gob.mx\/wp-content\/uploads\/2024\/08\/ROPA-MUJER-2-1024x768.jpg\" class=\"attachment-large size-large\" alt=\"\" srcset=\"https:\/\/dif.qroo.gob.mx\/wp-content\/uploads\/2024\/08\/ROPA-MUJER-2-1024x768.jpg 1024w, https:\/\/dif.qroo.gob.mx\/wp-content\/uploads\/2024\/08\/ROPA-MUJER-2-300x225.jpg 300w, https:\/\/dif.qroo.gob.mx\/wp-content\/uploads\/2024\/08\/ROPA-MUJER-2-768x576.jpg 768w, https:\/\/dif.qroo.gob.mx\/wp-content\/uploads\/2024\/08\/ROPA-MUJER-2.jpg 1440w\" sizes=\"(max-width: 1024px) 100vw, 1024px\" \/><\/a>\n\t\t\t<\/div><\/figure><figure class='gallery-item'>\n\t\t\t<div class='gallery-icon landscape'>\n\t\t\t\t<a data-elementor-open-lightbox=\"yes\" data-elementor-lightbox-slideshow=\"7c5bd25\" data-elementor-lightbox-title=\"PANTALONES-MUJER-2\" data-e-action-hash=\"#elementor-action%3Aaction%3Dlightbox%26settings%3DeyJpZCI6MzY3OTgsInVybCI6Imh0dHBzOlwvXC9kaWYucXJvby5nb2IubXhcL3dwLWNvbnRlbnRcL3VwbG9hZHNcLzIwMjRcLzA4XC9QQU5UQUxPTkVTLU1VSkVSLTIuanBnIiwic2xpZGVzaG93IjoiN2M1YmQyNSJ9\" href='https:\/\/dif.qroo.gob.mx\/wp-content\/uploads\/2024\/08\/PANTALONES-MUJER-2.jpg'><img loading=\"lazy\" decoding=\"async\" width=\"1024\" height=\"768\" src=\"https:\/\/dif.qroo.gob.mx\/wp-content\/uploads\/2024\/08\/PANTALONES-MUJER-2-1024x768.jpg\" class=\"attachment-large size-large\" alt=\"\" srcset=\"https:\/\/dif.qroo.gob.mx\/wp-content\/uploads\/2024\/08\/PANTALONES-MUJER-2-1024x768.jpg 1024w, https:\/\/dif.qroo.gob.mx\/wp-content\/uploads\/2024\/08\/PANTALONES-MUJER-2-300x225.jpg 300w, https:\/\/dif.qroo.gob.mx\/wp-content\/uploads\/2024\/08\/PANTALONES-MUJER-2-768x576.jpg 768w, https:\/\/dif.qroo.gob.mx\/wp-content\/uploads\/2024\/08\/PANTALONES-MUJER-2.jpg 1440w\" sizes=\"(max-width: 1024px) 100vw, 1024px\" \/><\/a>\n\t\t\t<\/div><\/figure><figure class='gallery-item'>\n\t\t\t<div class='gallery-icon landscape'>\n\t\t\t\t<a data-elementor-open-lightbox=\"yes\" data-elementor-lightbox-slideshow=\"7c5bd25\" data-elementor-lightbox-title=\"PANTALONES-MUJER-1\" data-e-action-hash=\"#elementor-action%3Aaction%3Dlightbox%26settings%3DeyJpZCI6MzY3OTcsInVybCI6Imh0dHBzOlwvXC9kaWYucXJvby5nb2IubXhcL3dwLWNvbnRlbnRcL3VwbG9hZHNcLzIwMjRcLzA4XC9QQU5UQUxPTkVTLU1VSkVSLTEuanBnIiwic2xpZGVzaG93IjoiN2M1YmQyNSJ9\" href='https:\/\/dif.qroo.gob.mx\/wp-content\/uploads\/2024\/08\/PANTALONES-MUJER-1.jpg'><img loading=\"lazy\" decoding=\"async\" width=\"1024\" height=\"768\" src=\"https:\/\/dif.qroo.gob.mx\/wp-content\/uploads\/2024\/08\/PANTALONES-MUJER-1-1024x768.jpg\" class=\"attachment-large size-large\" alt=\"\" srcset=\"https:\/\/dif.qroo.gob.mx\/wp-content\/uploads\/2024\/08\/PANTALONES-MUJER-1-1024x768.jpg 1024w, https:\/\/dif.qroo.gob.mx\/wp-content\/uploads\/2024\/08\/PANTALONES-MUJER-1-300x225.jpg 300w, https:\/\/dif.qroo.gob.mx\/wp-content\/uploads\/2024\/08\/PANTALONES-MUJER-1-768x576.jpg 768w, https:\/\/dif.qroo.gob.mx\/wp-content\/uploads\/2024\/08\/PANTALONES-MUJER-1.jpg 1440w\" sizes=\"(max-width: 1024px) 100vw, 1024px\" \/><\/a>\n\t\t\t<\/div><\/figure><figure class='gallery-item'>\n\t\t\t<div class='gallery-icon portrait'>\n\t\t\t\t<a data-elementor-open-lightbox=\"yes\" data-elementor-lightbox-slideshow=\"7c5bd25\" data-elementor-lightbox-title=\"CALZADO-DE-NI\u00d1O\" data-e-action-hash=\"#elementor-action%3Aaction%3Dlightbox%26settings%3DeyJpZCI6MzY3OTYsInVybCI6Imh0dHBzOlwvXC9kaWYucXJvby5nb2IubXhcL3dwLWNvbnRlbnRcL3VwbG9hZHNcLzIwMjRcLzA4XC9DQUxaQURPLURFLU5JTk8uanBnIiwic2xpZGVzaG93IjoiN2M1YmQyNSJ9\" href='https:\/\/dif.qroo.gob.mx\/wp-content\/uploads\/2024\/08\/CALZADO-DE-NINO.jpg'><img loading=\"lazy\" decoding=\"async\" width=\"768\" height=\"1024\" src=\"https:\/\/dif.qroo.gob.mx\/wp-content\/uploads\/2024\/08\/CALZADO-DE-NINO-768x1024.jpg\" class=\"attachment-large size-large\" alt=\"\" srcset=\"https:\/\/dif.qroo.gob.mx\/wp-content\/uploads\/2024\/08\/CALZADO-DE-NINO-768x1024.jpg 768w, https:\/\/dif.qroo.gob.mx\/wp-content\/uploads\/2024\/08\/CALZADO-DE-NINO-225x300.jpg 225w, https:\/\/dif.qroo.gob.mx\/wp-content\/uploads\/2024\/08\/CALZADO-DE-NINO.jpg 810w\" sizes=\"(max-width: 768px) 100vw, 768px\" \/><\/a>\n\t\t\t<\/div><\/figure><figure class='gallery-item'>\n\t\t\t<div class='gallery-icon portrait'>\n\t\t\t\t<a data-elementor-open-lightbox=\"yes\" data-elementor-lightbox-slideshow=\"7c5bd25\" data-elementor-lightbox-title=\"CALZADO-DE-NI\u00d1A\" data-e-action-hash=\"#elementor-action%3Aaction%3Dlightbox%26settings%3DeyJpZCI6MzY3OTUsInVybCI6Imh0dHBzOlwvXC9kaWYucXJvby5nb2IubXhcL3dwLWNvbnRlbnRcL3VwbG9hZHNcLzIwMjRcLzA4XC9DQUxaQURPLURFLU5JTkEuanBnIiwic2xpZGVzaG93IjoiN2M1YmQyNSJ9\" href='https:\/\/dif.qroo.gob.mx\/wp-content\/uploads\/2024\/08\/CALZADO-DE-NINA.jpg'><img loading=\"lazy\" decoding=\"async\" width=\"768\" height=\"1024\" src=\"https:\/\/dif.qroo.gob.mx\/wp-content\/uploads\/2024\/08\/CALZADO-DE-NINA-768x1024.jpg\" class=\"attachment-large size-large\" alt=\"\" srcset=\"https:\/\/dif.qroo.gob.mx\/wp-content\/uploads\/2024\/08\/CALZADO-DE-NINA-768x1024.jpg 768w, https:\/\/dif.qroo.gob.mx\/wp-content\/uploads\/2024\/08\/CALZADO-DE-NINA-225x300.jpg 225w, https:\/\/dif.qroo.gob.mx\/wp-content\/uploads\/2024\/08\/CALZADO-DE-NINA.jpg 810w\" sizes=\"(max-width: 768px) 100vw, 768px\" \/><\/a>\n\t\t\t<\/div><\/figure>\n\t\t<\/div>\n\t\t\t\t<\/div>\n\t\t\t\t<\/div>\n\t\t\t\t\t<\/div>\n\t\t\t\t<\/div>\n\t\t<div class=\"elementor-element elementor-element-f072ace e-flex e-con-boxed e-con e-parent\" data-id=\"f072ace\" data-element_type=\"container\">\n\t\t\t\t\t<div class=\"e-con-inner\">\n\t\t\t\t<div class=\"elementor-element elementor-element-a61d6df elementor-widget elementor-widget-wp-widget-media_gallery\" data-id=\"a61d6df\" data-element_type=\"widget\" data-widget_type=\"wp-widget-media_gallery.default\">\n\t\t\t\t<div class=\"elementor-widget-container\">\n\t\t\t\t\t<h5>C\u00e1maras de Vigilancia<\/h5><div id='gallery-2' class='gallery galleryid-36792 gallery-columns-2 gallery-size-medium'><figure class='gallery-item'>\n\t\t\t<div class='gallery-icon portrait'>\n\t\t\t\t<a data-elementor-open-lightbox=\"yes\" data-elementor-lightbox-slideshow=\"a61d6df\" data-elementor-lightbox-title=\"IMG_3153\" data-e-action-hash=\"#elementor-action%3Aaction%3Dlightbox%26settings%3DeyJpZCI6MzY4MDQsInVybCI6Imh0dHBzOlwvXC9kaWYucXJvby5nb2IubXhcL3dwLWNvbnRlbnRcL3VwbG9hZHNcLzIwMjRcLzA4XC9JTUdfMzE1My5qcGciLCJzbGlkZXNob3ciOiJhNjFkNmRmIn0%3D\" href='https:\/\/dif.qroo.gob.mx\/wp-content\/uploads\/2024\/08\/IMG_3153.jpg'><img loading=\"lazy\" decoding=\"async\" width=\"225\" height=\"300\" src=\"https:\/\/dif.qroo.gob.mx\/wp-content\/uploads\/2024\/08\/IMG_3153-225x300.jpg\" class=\"attachment-medium size-medium\" alt=\"\" srcset=\"https:\/\/dif.qroo.gob.mx\/wp-content\/uploads\/2024\/08\/IMG_3153-225x300.jpg 225w, https:\/\/dif.qroo.gob.mx\/wp-content\/uploads\/2024\/08\/IMG_3153-768x1024.jpg 768w, https:\/\/dif.qroo.gob.mx\/wp-content\/uploads\/2024\/08\/IMG_3153.jpg 810w\" sizes=\"(max-width: 225px) 100vw, 225px\" \/><\/a>\n\t\t\t<\/div><\/figure><figure class='gallery-item'>\n\t\t\t<div class='gallery-icon portrait'>\n\t\t\t\t<a data-elementor-open-lightbox=\"yes\" data-elementor-lightbox-slideshow=\"a61d6df\" data-elementor-lightbox-title=\"IMG_3154\" data-e-action-hash=\"#elementor-action%3Aaction%3Dlightbox%26settings%3DeyJpZCI6MzY4MDUsInVybCI6Imh0dHBzOlwvXC9kaWYucXJvby5nb2IubXhcL3dwLWNvbnRlbnRcL3VwbG9hZHNcLzIwMjRcLzA4XC9JTUdfMzE1NC5qcGciLCJzbGlkZXNob3ciOiJhNjFkNmRmIn0%3D\" href='https:\/\/dif.qroo.gob.mx\/wp-content\/uploads\/2024\/08\/IMG_3154.jpg'><img loading=\"lazy\" decoding=\"async\" width=\"225\" height=\"300\" src=\"https:\/\/dif.qroo.gob.mx\/wp-content\/uploads\/2024\/08\/IMG_3154-225x300.jpg\" class=\"attachment-medium size-medium\" alt=\"\" srcset=\"https:\/\/dif.qroo.gob.mx\/wp-content\/uploads\/2024\/08\/IMG_3154-225x300.jpg 225w, https:\/\/dif.qroo.gob.mx\/wp-content\/uploads\/2024\/08\/IMG_3154-768x1024.jpg 768w, https:\/\/dif.qroo.gob.mx\/wp-content\/uploads\/2024\/08\/IMG_3154.jpg 810w\" sizes=\"(max-width: 225px) 100vw, 225px\" \/><\/a>\n\t\t\t<\/div><\/figure>\n\t\t<\/div>\n\t\t\t\t<\/div>\n\t\t\t\t<\/div>\n\t\t\t\t\t<\/div>\n\t\t\t\t<\/div>\n\t\t<div class=\"elementor-element elementor-element-8377c70 e-flex e-con-boxed e-con e-parent\" data-id=\"8377c70\" data-element_type=\"container\">\n\t\t\t\t\t<div class=\"e-con-inner\">\n\t\t\t\t<div class=\"elementor-element elementor-element-4d52142 elementor-widget elementor-widget-wp-widget-media_gallery\" data-id=\"4d52142\" data-element_type=\"widget\" data-widget_type=\"wp-widget-media_gallery.default\">\n\t\t\t\t<div class=\"elementor-widget-container\">\n\t\t\t\t\t<h5>Suministro e Instalaci\u00f3n de Se\u00f1alizaci\u00f3n de Seguridad y Extintores<\/h5><div id='gallery-3' class='gallery galleryid-36792 gallery-columns-2 gallery-size-large'><figure class='gallery-item'>\n\t\t\t<div class='gallery-icon landscape'>\n\t\t\t\t<a data-elementor-open-lightbox=\"yes\" data-elementor-lightbox-slideshow=\"4d52142\" data-elementor-lightbox-title=\"EQUIPO1\" data-e-action-hash=\"#elementor-action%3Aaction%3Dlightbox%26settings%3DeyJpZCI6MzY4MDYsInVybCI6Imh0dHBzOlwvXC9kaWYucXJvby5nb2IubXhcL3dwLWNvbnRlbnRcL3VwbG9hZHNcLzIwMjRcLzA4XC9FUVVJUE8xLmpwZyIsInNsaWRlc2hvdyI6IjRkNTIxNDIifQ%3D%3D\" href='https:\/\/dif.qroo.gob.mx\/wp-content\/uploads\/2024\/08\/EQUIPO1.jpg'><img loading=\"lazy\" decoding=\"async\" width=\"1024\" height=\"768\" src=\"https:\/\/dif.qroo.gob.mx\/wp-content\/uploads\/2024\/08\/EQUIPO1-1024x768.jpg\" class=\"attachment-large size-large\" alt=\"\" srcset=\"https:\/\/dif.qroo.gob.mx\/wp-content\/uploads\/2024\/08\/EQUIPO1-1024x768.jpg 1024w, https:\/\/dif.qroo.gob.mx\/wp-content\/uploads\/2024\/08\/EQUIPO1-300x225.jpg 300w, https:\/\/dif.qroo.gob.mx\/wp-content\/uploads\/2024\/08\/EQUIPO1-768x576.jpg 768w, https:\/\/dif.qroo.gob.mx\/wp-content\/uploads\/2024\/08\/EQUIPO1.jpg 1440w\" sizes=\"(max-width: 1024px) 100vw, 1024px\" \/><\/a>\n\t\t\t<\/div><\/figure><figure class='gallery-item'>\n\t\t\t<div class='gallery-icon landscape'>\n\t\t\t\t<a data-elementor-open-lightbox=\"yes\" data-elementor-lightbox-slideshow=\"4d52142\" data-elementor-lightbox-title=\"EQUIPO2\" data-e-action-hash=\"#elementor-action%3Aaction%3Dlightbox%26settings%3DeyJpZCI6MzY4MDcsInVybCI6Imh0dHBzOlwvXC9kaWYucXJvby5nb2IubXhcL3dwLWNvbnRlbnRcL3VwbG9hZHNcLzIwMjRcLzA4XC9FUVVJUE8yLmpwZyIsInNsaWRlc2hvdyI6IjRkNTIxNDIifQ%3D%3D\" href='https:\/\/dif.qroo.gob.mx\/wp-content\/uploads\/2024\/08\/EQUIPO2.jpg'><img loading=\"lazy\" decoding=\"async\" width=\"1024\" height=\"768\" src=\"https:\/\/dif.qroo.gob.mx\/wp-content\/uploads\/2024\/08\/EQUIPO2-1024x768.jpg\" class=\"attachment-large size-large\" alt=\"\" srcset=\"https:\/\/dif.qroo.gob.mx\/wp-content\/uploads\/2024\/08\/EQUIPO2-1024x768.jpg 1024w, https:\/\/dif.qroo.gob.mx\/wp-content\/uploads\/2024\/08\/EQUIPO2-300x225.jpg 300w, https:\/\/dif.qroo.gob.mx\/wp-content\/uploads\/2024\/08\/EQUIPO2-768x576.jpg 768w, https:\/\/dif.qroo.gob.mx\/wp-content\/uploads\/2024\/08\/EQUIPO2.jpg 1440w\" sizes=\"(max-width: 1024px) 100vw, 1024px\" \/><\/a>\n\t\t\t<\/div><\/figure>\n\t\t<\/div>\n\t\t\t\t<\/div>\n\t\t\t\t<\/div>\n\t\t\t\t\t<\/div>\n\t\t\t\t<\/div>\n\t\t\t\t<\/div>\n\t\t","protected":false},"excerpt":{"rendered":"","protected":false},"author":4,"featured_media":0,"parent":0,"menu_order":0,"comment_status":"closed","ping_status":"closed","template":"","meta":{"footnotes":""},"class_list":["post-36792","page","type-page","status-publish"],"yoast_head":"<!-- This site is optimized with the Yoast SEO plugin v25.3 - https:\/\/yoast.com\/wordpress\/plugins\/seo\/ -->\n<title>Galer\u00eda Conavim - Refugio - Sistema para el Desarrollo Integral de la Familia del Estado de Quintana Roo<\/title>\n<meta name=\"robots\" content=\"index, follow, max-snippet:-1, max-image-preview:large, max-video-preview:-1\" \/>\n<link rel=\"canonical\" href=\"https:\/\/dif.qroo.gob.mx\/index.php\/galeria-conavim-refugio\/\" \/>\n<meta property=\"og:locale\" content=\"es_MX\" \/>\n<meta property=\"og:type\" content=\"article\" \/>\n<meta property=\"og:title\" content=\"Galer\u00eda Conavim - Refugio - Sistema para el Desarrollo Integral de la Familia del Estado de Quintana Roo\" \/>\n<meta property=\"og:url\" content=\"https:\/\/dif.qroo.gob.mx\/index.php\/galeria-conavim-refugio\/\" \/>\n<meta property=\"og:site_name\" content=\"Sistema para el Desarrollo Integral de la Familia del Estado de Quintana Roo\" \/>\n<meta property=\"article:modified_time\" content=\"2024-08-22T16:11:20+00:00\" \/>\n<meta name=\"twitter:card\" content=\"summary_large_image\" \/>\n<script type=\"application\/ld+json\" class=\"yoast-schema-graph\">{\"@context\":\"https:\/\/schema.org\",\"@graph\":[{\"@type\":\"WebPage\",\"@id\":\"https:\/\/dif.qroo.gob.mx\/index.php\/galeria-conavim-refugio\/\",\"url\":\"https:\/\/dif.qroo.gob.mx\/index.php\/galeria-conavim-refugio\/\",\"name\":\"Galer\u00eda Conavim - Refugio - Sistema para el Desarrollo Integral de la Familia del Estado de Quintana Roo\",\"isPartOf\":{\"@id\":\"https:\/\/dif.qroo.gob.mx\/#website\"},\"datePublished\":\"2024-08-22T16:06:26+00:00\",\"dateModified\":\"2024-08-22T16:11:20+00:00\",\"breadcrumb\":{\"@id\":\"https:\/\/dif.qroo.gob.mx\/index.php\/galeria-conavim-refugio\/#breadcrumb\"},\"inLanguage\":\"es\",\"potentialAction\":[{\"@type\":\"ReadAction\",\"target\":[\"https:\/\/dif.qroo.gob.mx\/index.php\/galeria-conavim-refugio\/\"]}]},{\"@type\":\"BreadcrumbList\",\"@id\":\"https:\/\/dif.qroo.gob.mx\/index.php\/galeria-conavim-refugio\/#breadcrumb\",\"itemListElement\":[{\"@type\":\"ListItem\",\"position\":1,\"name\":\"Inicio\",\"item\":\"https:\/\/dif.qroo.gob.mx\/\"},{\"@type\":\"ListItem\",\"position\":2,\"name\":\"Galer\u00eda Conavim &#8211; Refugio\"}]},{\"@type\":\"WebSite\",\"@id\":\"https:\/\/dif.qroo.gob.mx\/#website\",\"url\":\"https:\/\/dif.qroo.gob.mx\/\",\"name\":\"Sistema para el Desarrollo Integral de la Familia del Estado de Quintana Roo\",\"description\":\"DIF Quintana Roo\",\"publisher\":{\"@id\":\"https:\/\/dif.qroo.gob.mx\/#organization\"},\"potentialAction\":[{\"@type\":\"SearchAction\",\"target\":{\"@type\":\"EntryPoint\",\"urlTemplate\":\"https:\/\/dif.qroo.gob.mx\/?s={search_term_string}\"},\"query-input\":{\"@type\":\"PropertyValueSpecification\",\"valueRequired\":true,\"valueName\":\"search_term_string\"}}],\"inLanguage\":\"es\"},{\"@type\":\"Organization\",\"@id\":\"https:\/\/dif.qroo.gob.mx\/#organization\",\"name\":\"Sistema para el Desarrollo Integral de la Familia del Estado de Quintana Roo\",\"url\":\"https:\/\/dif.qroo.gob.mx\/\",\"logo\":{\"@type\":\"ImageObject\",\"inLanguage\":\"es\",\"@id\":\"https:\/\/dif.qroo.gob.mx\/#\/schema\/logo\/image\/\",\"url\":\"https:\/\/dif.qroo.gob.mx\/wp-content\/uploads\/2024\/08\/cropped-logo_alargado_peque.png\",\"contentUrl\":\"https:\/\/dif.qroo.gob.mx\/wp-content\/uploads\/2024\/08\/cropped-logo_alargado_peque.png\",\"width\":480,\"height\":248,\"caption\":\"Sistema para el Desarrollo Integral de la Familia del Estado de Quintana Roo\"},\"image\":{\"@id\":\"https:\/\/dif.qroo.gob.mx\/#\/schema\/logo\/image\/\"}}]}<\/script>\n<!-- \/ Yoast SEO plugin. -->","yoast_head_json":{"title":"Galer\u00eda Conavim - Refugio - Sistema para el Desarrollo Integral de la Familia del Estado de Quintana Roo","robots":{"index":"index","follow":"follow","max-snippet":"max-snippet:-1","max-image-preview":"max-image-preview:large","max-video-preview":"max-video-preview:-1"},"canonical":"https:\/\/dif.qroo.gob.mx\/index.php\/galeria-conavim-refugio\/","og_locale":"es_MX","og_type":"article","og_title":"Galer\u00eda Conavim - Refugio - Sistema para el Desarrollo Integral de la Familia del Estado de Quintana Roo","og_url":"https:\/\/dif.qroo.gob.mx\/index.php\/galeria-conavim-refugio\/","og_site_name":"Sistema para el Desarrollo Integral de la Familia del Estado de Quintana Roo","article_modified_time":"2024-08-22T16:11:20+00:00","twitter_card":"summary_large_image","schema":{"@context":"https:\/\/schema.org","@graph":[{"@type":"WebPage","@id":"https:\/\/dif.qroo.gob.mx\/index.php\/galeria-conavim-refugio\/","url":"https:\/\/dif.qroo.gob.mx\/index.php\/galeria-conavim-refugio\/","name":"Galer\u00eda Conavim - Refugio - Sistema para el Desarrollo Integral de la Familia del Estado de Quintana Roo","isPartOf":{"@id":"https:\/\/dif.qroo.gob.mx\/#website"},"datePublished":"2024-08-22T16:06:26+00:00","dateModified":"2024-08-22T16:11:20+00:00","breadcrumb":{"@id":"https:\/\/dif.qroo.gob.mx\/index.php\/galeria-conavim-refugio\/#breadcrumb"},"inLanguage":"es","potentialAction":[{"@type":"ReadAction","target":["https:\/\/dif.qroo.gob.mx\/index.php\/galeria-conavim-refugio\/"]}]},{"@type":"BreadcrumbList","@id":"https:\/\/dif.qroo.gob.mx\/index.php\/galeria-conavim-refugio\/#breadcrumb","itemListElement":[{"@type":"ListItem","position":1,"name":"Inicio","item":"https:\/\/dif.qroo.gob.mx\/"},{"@type":"ListItem","position":2,"name":"Galer\u00eda Conavim &#8211; Refugio"}]},{"@type":"WebSite","@id":"https:\/\/dif.qroo.gob.mx\/#website","url":"https:\/\/dif.qroo.gob.mx\/","name":"Sistema para el Desarrollo Integral de la Familia del Estado de Quintana Roo","description":"DIF Quintana Roo","publisher":{"@id":"https:\/\/dif.qroo.gob.mx\/#organization"},"potentialAction":[{"@type":"SearchAction","target":{"@type":"EntryPoint","urlTemplate":"https:\/\/dif.qroo.gob.mx\/?s={search_term_string}"},"query-input":{"@type":"PropertyValueSpecification","valueRequired":true,"valueName":"search_term_string"}}],"inLanguage":"es"},{"@type":"Organization","@id":"https:\/\/dif.qroo.gob.mx\/#organization","name":"Sistema para el Desarrollo Integral de la Familia del Estado de Quintana Roo","url":"https:\/\/dif.qroo.gob.mx\/","logo":{"@type":"ImageObject","inLanguage":"es","@id":"https:\/\/dif.qroo.gob.mx\/#\/schema\/logo\/image\/","url":"https:\/\/dif.qroo.gob.mx\/wp-content\/uploads\/2024\/08\/cropped-logo_alargado_peque.png","contentUrl":"https:\/\/dif.qroo.gob.mx\/wp-content\/uploads\/2024\/08\/cropped-logo_alargado_peque.png","width":480,"height":248,"caption":"Sistema para el Desarrollo Integral de la Familia del Estado de Quintana Roo"},"image":{"@id":"https:\/\/dif.qroo.gob.mx\/#\/schema\/logo\/image\/"}}]}},"_links":{"self":[{"href":"https:\/\/dif.qroo.gob.mx\/index.php\/wp-json\/wp\/v2\/pages\/36792","targetHints":{"allow":["GET"]}}],"collection":[{"href":"https:\/\/dif.qroo.gob.mx\/index.php\/wp-json\/wp\/v2\/pages"}],"about":[{"href":"https:\/\/dif.qroo.gob.mx\/index.php\/wp-json\/wp\/v2\/types\/page"}],"author":[{"embeddable":true,"href":"https:\/\/dif.qroo.gob.mx\/index.php\/wp-json\/wp\/v2\/users\/4"}],"replies":[{"embeddable":true,"href":"https:\/\/dif.qroo.gob.mx\/index.php\/wp-json\/wp\/v2\/comments?post=36792"}],"version-history":[{"count":6,"href":"https:\/\/dif.qroo.gob.mx\/index.php\/wp-json\/wp\/v2\/pages\/36792\/revisions"}],"predecessor-version":[{"id":36811,"href":"https:\/\/dif.qroo.gob.mx\/index.php\/wp-json\/wp\/v2\/pages\/36792\/revisions\/36811"}],"wp:attachment":[{"href":"https:\/\/dif.qroo.gob.mx\/index.php\/wp-json\/wp\/v2\/media?parent=36792"}],"curies":[{"name":"wp","href":"https:\/\/api.w.org\/{rel}","templated":true}]}}