{"id":36789,"date":"2024-08-22T11:19:15","date_gmt":"2024-08-22T16:19:15","guid":{"rendered":"https:\/\/dif.qroo.gob.mx\/?page_id=36789"},"modified":"2024-08-29T15:46:39","modified_gmt":"2024-08-29T20:46:39","slug":"ramo-4","status":"publish","type":"page","link":"https:\/\/dif.qroo.gob.mx\/index.php\/ramo-4\/","title":{"rendered":"RAMO 4"},"content":{"rendered":"\t\t<div data-elementor-type=\"wp-page\" data-elementor-id=\"36789\" class=\"elementor elementor-36789\">\n\t\t\t\t<div class=\"elementor-element elementor-element-5223c62 e-flex e-con-boxed e-con e-parent\" data-id=\"5223c62\" data-element_type=\"container\">\n\t\t\t\t\t<div class=\"e-con-inner\">\n\t\t\t\t<div class=\"elementor-element elementor-element-d1560c5 elementor-widget elementor-widget-heading\" data-id=\"d1560c5\" data-element_type=\"widget\" data-widget_type=\"heading.default\">\n\t\t\t\t<div class=\"elementor-widget-container\">\n\t\t\t\t\t<h2 class=\"elementor-heading-title elementor-size-default\">RAMO 4<\/h2>\t\t\t\t<\/div>\n\t\t\t\t<\/div>\n\t\t\t\t<div class=\"elementor-element elementor-element-25f3aed elementor-widget elementor-widget-eael-adv-tabs\" data-id=\"25f3aed\" data-element_type=\"widget\" data-widget_type=\"eael-adv-tabs.default\">\n\t\t\t\t<div class=\"elementor-widget-container\">\n\t\t\t\t\t        <div data-scroll-on-click=\"no\" data-scroll-speed=\"300\" id=\"eael-advance-tabs-25f3aed\" class=\"eael-advance-tabs eael-tabs-horizontal eael-tab-auto-active \" data-tabid=\"25f3aed\">\n            <div class=\"eael-tabs-nav\">\n                <ul class=\"eael-tab-inline-icon\" role=\"tablist\">\n                                            <li id=\"2018\" class=\"active-default eael-tab-item-trigger eael-tab-nav-item\" aria-selected=\"true\" data-tab=\"1\" role=\"tab\" tabindex=\"0\" aria-controls=\"2018-tab\" aria-expanded=\"false\">\n                            \n                                                                <svg class=\"e-font-icon-svg e-fas-calendar-alt\" viewBox=\"0 0 448 512\" xmlns=\"http:\/\/www.w3.org\/2000\/svg\"><path d=\"M0 464c0 26.5 21.5 48 48 48h352c26.5 0 48-21.5 48-48V192H0v272zm320-196c0-6.6 5.4-12 12-12h40c6.6 0 12 5.4 12 12v40c0 6.6-5.4 12-12 12h-40c-6.6 0-12-5.4-12-12v-40zm0 128c0-6.6 5.4-12 12-12h40c6.6 0 12 5.4 12 12v40c0 6.6-5.4 12-12 12h-40c-6.6 0-12-5.4-12-12v-40zM192 268c0-6.6 5.4-12 12-12h40c6.6 0 12 5.4 12 12v40c0 6.6-5.4 12-12 12h-40c-6.6 0-12-5.4-12-12v-40zm0 128c0-6.6 5.4-12 12-12h40c6.6 0 12 5.4 12 12v40c0 6.6-5.4 12-12 12h-40c-6.6 0-12-5.4-12-12v-40zM64 268c0-6.6 5.4-12 12-12h40c6.6 0 12 5.4 12 12v40c0 6.6-5.4 12-12 12H76c-6.6 0-12-5.4-12-12v-40zm0 128c0-6.6 5.4-12 12-12h40c6.6 0 12 5.4 12 12v40c0 6.6-5.4 12-12 12H76c-6.6 0-12-5.4-12-12v-40zM400 64h-48V16c0-8.8-7.2-16-16-16h-32c-8.8 0-16 7.2-16 16v48H160V16c0-8.8-7.2-16-16-16h-32c-8.8 0-16 7.2-16 16v48H48C21.5 64 0 85.5 0 112v48h448v-48c0-26.5-21.5-48-48-48z\"><\/path><\/svg>                                                            \n                                                            <span class=\"eael-tab-title title-after-icon\" >2018<\/span>                            \n                                                    <\/li>\n                                    <\/ul>\n            <\/div>\n            \n            <div class=\"eael-tabs-content\">\n\t\t        \n                    <div id=\"2018-tab\" class=\"clearfix eael-tab-content-item active-default\" data-title-link=\"2018-tab\">\n\t\t\t\t        <h3>CONAVIM<\/h3>\n<p><!-- \/wp:heading --><\/p>\n<p><!-- wp:table --><\/p>\n<table class=\"wp-block-table\">\n<tbody>\n<tr>\n<th>REFUGIO PARA MUJERES, Y EN SU CASO SUS HIJAS Y SUS HIJOS EN SITUACI\u00d3N DE VIOLENCIA EXTREMA<\/th>\n<th>DESCARGAR<\/th>\n<\/tr>\n<tr>\n<td>Convenio y Anexo T\u00e9cnico<\/td>\n<td><a href=\"https:\/\/dif.qroo.gob.mx\/\/wp-content\/uploads\/2024\/08\/CONVENIO-Y-ANEXO-TECNICO-REFUGIO-PARA-MUJERES-Y-EN-SU-CASO-SUS-HIJAS-Y-SUS-HIJOS-EN-SITUACION-DE-VIOLENCIA-EXTREMA.pdf\" target=\"_blank\" rel=\"noreferrer noopener\"><em>\u00a0Descargar<\/em><\/a><\/td>\n<\/tr>\n<tr>\n<td>Informe Bimestral y de Resultados, Agosto &#8211; Septiembre<\/td>\n<td><a href=\"https:\/\/dif.qroo.gob.mx\/\/wp-content\/uploads\/2024\/08\/INFORME-BIMESTRAL-Y-DE-RESULTADOS-REFUGIO-PARA-MUJERES-Y-EN-SU-CASO-SUS-HIJAS-Y-SUS-HIJOS-EN-SITUACI\u00d3N-DE-VIOLENCIA-EXTREMA.pdf\" target=\"_blank\" rel=\"noreferrer noopener\"><em>\u00a0Descargar<\/em><\/a><\/td>\n<\/tr>\n<tr>\n<td>Informe Bimestral y de Resultados, Octubre &#8211; Noviembre<\/td>\n<td><a href=\"https:\/\/dif.qroo.gob.mx\/\/wp-content\/uploads\/2024\/08\/Informe-Bimestral-y-de-Resultados-Refugio-Octubre-Noviembre.pdf\" target=\"_blank\" rel=\"noreferrer noopener\"><em>\u00a0Descargar<\/em><\/a><\/td>\n<\/tr>\n<tr>\n<td>Informe Bimestral y de Resultados, Diciembre<\/td>\n<td><a href=\"https:\/\/dif.qroo.gob.mx\/\/wp-content\/uploads\/2024\/08\/Informe-Bimestral-y-de-Resultados-Refugio-Diciembre.pdf\" target=\"_blank\" rel=\"noreferrer noopener\"><em>\u00a0Descargar<\/em><\/a><\/td>\n<\/tr>\n<tr>\n<td>Evidencias<\/td>\n<td><a href=\"https:\/\/dif.qroo.gob.mx\/\/index.php\/galeria-conavim-refugio\/\" target=\"_blank\" rel=\"noreferrer noopener\"><em>\u00a0Ver<\/em><\/a><\/td>\n<\/tr>\n<\/tbody>\n<\/table>\n<p><!-- wp:heading {\"level\":3} --><\/p>\n<h3>CONAVIM<\/h3>\n<p><!-- \/wp:heading --><\/p>\n<p><!-- wp:table --><\/p>\n<table class=\"wp-block-table\">\n<tbody>\n<tr>\n<th>UNIDAD M\u00d3VIL PARA LA ATENCI\u00d3N DE LA VIOLENCIA FAMILIAR EN L\u00c1ZARO C\u00c1RDENAS<\/th>\n<th>DESCARGAR<\/th>\n<\/tr>\n<tr>\n<td>Convenio y Anexo T\u00e9cnico<\/td>\n<td><a href=\"https:\/\/dif.qroo.gob.mx\/\/wp-content\/uploads\/2024\/08\/INFORME-BIMESTRAL-Y-DE-RESULTADOS-UNIDAD-MOVIL-PARA-LA-ATENCION-DE-LA-VIOLENCIA-FAMILIAR-EN-LAZARO-CARDENAS.pdf\" target=\"_blank\" rel=\"noreferrer noopener\"><em>\u00a0Descargar<\/em><\/a><\/td>\n<\/tr>\n<tr>\n<td>Informe Bimestral y de Resultados, Agosto &#8211; Septiembre<\/td>\n<td><a href=\"https:\/\/dif.qroo.gob.mx\/\/wp-content\/uploads\/2024\/08\/INFORME-BIMESTRAL-Y-DE-RESULTADOS-UNIDAD-M\u00d3VIL-PARA-LA-ATENCI\u00d3N-DE-LA-VIOLENCIA-FAMILIAR-EN-L\u00c1ZARO-C\u00c1RDENAS.pdf\" target=\"_blank\" rel=\"noreferrer noopener\"><em>\u00a0Descargar<\/em><\/a><\/td>\n<\/tr>\n<tr>\n<td>Informe Bimestral y de Resultados, Octubre &#8211; Noviembre<\/td>\n<td><a href=\"https:\/\/dif.qroo.gob.mx\/\/wp-content\/uploads\/2024\/08\/Informe-Bimestral-y-de-Resultados-Unidad-Movil-Octubre-Noviembre.pdf\" target=\"_blank\" rel=\"noreferrer noopener\"><em>\u00a0Descargar<\/em><\/a><\/td>\n<\/tr>\n<tr>\n<td>Informe Bimestral y de Resultados, Diciembre<\/td>\n<td><a href=\"https:\/\/dif.qroo.gob.mx\/\/wp-content\/uploads\/2024\/08\/Informe-Bimestral-y-de-Resultados-Unidad-Movil-Diciembre_0.pdf\" target=\"_blank\" rel=\"noreferrer noopener\"><em>\u00a0Descargar<\/em><\/a><\/td>\n<\/tr>\n<tr>\n<td>Evidencias<\/td>\n<td><a href=\"https:\/\/dif.qroo.gob.mx\/\/index.php\/galeria-conavim-unidad-movil\/\" target=\"_blank\" rel=\"noreferrer noopener\"><em>\u00a0Ver<\/em><\/a><\/td>\n<\/tr>\n<\/tbody>\n<\/table>                    <\/div>\n\t\t                    <\/div>\n        <\/div>\n\t\t\t\t<\/div>\n\t\t\t\t<\/div>\n\t\t\t\t\t<\/div>\n\t\t\t\t<\/div>\n\t\t<div class=\"elementor-element elementor-element-256e729 e-flex e-con-boxed e-con e-parent\" data-id=\"256e729\" data-element_type=\"container\">\n\t\t\t\t\t<div class=\"e-con-inner\">\n\t\t\t\t\t<\/div>\n\t\t\t\t<\/div>\n\t\t\t\t<\/div>\n\t\t","protected":false},"excerpt":{"rendered":"<p>RAMO 4 2018 CONAVIM REFUGIO PARA MUJERES, Y EN SU CASO SUS HIJAS Y SUS HIJOS EN SITUACI\u00d3N DE VIOLENCIA EXTREMA DESCARGAR Convenio y Anexo T\u00e9cnico \u00a0Descargar Informe Bimestral y de Resultados, Agosto &#8211; Septiembre \u00a0Descargar Informe Bimestral y de Resultados, Octubre &#8211; Noviembre \u00a0Descargar Informe Bimestral y de Resultados, Diciembre \u00a0Descargar Evidencias \u00a0Ver CONAVIM &#8230; <a title=\"RAMO 4\" class=\"read-more\" href=\"https:\/\/dif.qroo.gob.mx\/index.php\/ramo-4\/\" aria-label=\"Leer m\u00e1s sobre RAMO 4\">Leer m\u00e1s<\/a><\/p>\n","protected":false},"author":4,"featured_media":0,"parent":0,"menu_order":0,"comment_status":"closed","ping_status":"closed","template":"","meta":{"footnotes":""},"class_list":["post-36789","page","type-page","status-publish"],"yoast_head":"<!-- This site is optimized with the Yoast SEO plugin v25.3 - https:\/\/yoast.com\/wordpress\/plugins\/seo\/ -->\n<title>RAMO 4 - Sistema para el Desarrollo Integral de la Familia del Estado de Quintana Roo<\/title>\n<meta name=\"robots\" content=\"index, follow, max-snippet:-1, max-image-preview:large, max-video-preview:-1\" \/>\n<link rel=\"canonical\" href=\"https:\/\/dif.qroo.gob.mx\/index.php\/ramo-4\/\" \/>\n<meta property=\"og:locale\" content=\"es_MX\" \/>\n<meta property=\"og:type\" content=\"article\" \/>\n<meta property=\"og:title\" content=\"RAMO 4 - Sistema para el Desarrollo Integral de la Familia del Estado de Quintana Roo\" \/>\n<meta property=\"og:description\" content=\"RAMO 4 2018 CONAVIM REFUGIO PARA MUJERES, Y EN SU CASO SUS HIJAS Y SUS HIJOS EN SITUACI\u00d3N DE VIOLENCIA EXTREMA DESCARGAR Convenio y Anexo T\u00e9cnico \u00a0Descargar Informe Bimestral y de Resultados, Agosto &#8211; Septiembre \u00a0Descargar Informe Bimestral y de Resultados, Octubre &#8211; Noviembre \u00a0Descargar Informe Bimestral y de Resultados, Diciembre \u00a0Descargar Evidencias \u00a0Ver CONAVIM ... Leer m\u00e1s\" \/>\n<meta property=\"og:url\" content=\"https:\/\/dif.qroo.gob.mx\/index.php\/ramo-4\/\" \/>\n<meta property=\"og:site_name\" content=\"Sistema para el Desarrollo Integral de la Familia del Estado de Quintana Roo\" \/>\n<meta property=\"article:modified_time\" content=\"2024-08-29T20:46:39+00:00\" \/>\n<meta name=\"twitter:card\" content=\"summary_large_image\" \/>\n<meta name=\"twitter:label1\" content=\"Tiempo de lectura\" \/>\n\t<meta name=\"twitter:data1\" content=\"1 minuto\" \/>\n<script type=\"application\/ld+json\" class=\"yoast-schema-graph\">{\"@context\":\"https:\/\/schema.org\",\"@graph\":[{\"@type\":\"WebPage\",\"@id\":\"https:\/\/dif.qroo.gob.mx\/index.php\/ramo-4\/\",\"url\":\"https:\/\/dif.qroo.gob.mx\/index.php\/ramo-4\/\",\"name\":\"RAMO 4 - Sistema para el Desarrollo Integral de la Familia del Estado de Quintana Roo\",\"isPartOf\":{\"@id\":\"https:\/\/dif.qroo.gob.mx\/#website\"},\"datePublished\":\"2024-08-22T16:19:15+00:00\",\"dateModified\":\"2024-08-29T20:46:39+00:00\",\"breadcrumb\":{\"@id\":\"https:\/\/dif.qroo.gob.mx\/index.php\/ramo-4\/#breadcrumb\"},\"inLanguage\":\"es\",\"potentialAction\":[{\"@type\":\"ReadAction\",\"target\":[\"https:\/\/dif.qroo.gob.mx\/index.php\/ramo-4\/\"]}]},{\"@type\":\"BreadcrumbList\",\"@id\":\"https:\/\/dif.qroo.gob.mx\/index.php\/ramo-4\/#breadcrumb\",\"itemListElement\":[{\"@type\":\"ListItem\",\"position\":1,\"name\":\"Inicio\",\"item\":\"https:\/\/dif.qroo.gob.mx\/\"},{\"@type\":\"ListItem\",\"position\":2,\"name\":\"RAMO 4\"}]},{\"@type\":\"WebSite\",\"@id\":\"https:\/\/dif.qroo.gob.mx\/#website\",\"url\":\"https:\/\/dif.qroo.gob.mx\/\",\"name\":\"Sistema para el Desarrollo Integral de la Familia del Estado de Quintana Roo\",\"description\":\"DIF Quintana Roo\",\"publisher\":{\"@id\":\"https:\/\/dif.qroo.gob.mx\/#organization\"},\"potentialAction\":[{\"@type\":\"SearchAction\",\"target\":{\"@type\":\"EntryPoint\",\"urlTemplate\":\"https:\/\/dif.qroo.gob.mx\/?s={search_term_string}\"},\"query-input\":{\"@type\":\"PropertyValueSpecification\",\"valueRequired\":true,\"valueName\":\"search_term_string\"}}],\"inLanguage\":\"es\"},{\"@type\":\"Organization\",\"@id\":\"https:\/\/dif.qroo.gob.mx\/#organization\",\"name\":\"Sistema para el Desarrollo Integral de la Familia del Estado de Quintana Roo\",\"url\":\"https:\/\/dif.qroo.gob.mx\/\",\"logo\":{\"@type\":\"ImageObject\",\"inLanguage\":\"es\",\"@id\":\"https:\/\/dif.qroo.gob.mx\/#\/schema\/logo\/image\/\",\"url\":\"https:\/\/dif.qroo.gob.mx\/wp-content\/uploads\/2024\/08\/cropped-logo_alargado_peque.png\",\"contentUrl\":\"https:\/\/dif.qroo.gob.mx\/wp-content\/uploads\/2024\/08\/cropped-logo_alargado_peque.png\",\"width\":480,\"height\":248,\"caption\":\"Sistema para el Desarrollo Integral de la Familia del Estado de Quintana Roo\"},\"image\":{\"@id\":\"https:\/\/dif.qroo.gob.mx\/#\/schema\/logo\/image\/\"}}]}<\/script>\n<!-- \/ Yoast SEO plugin. -->","yoast_head_json":{"title":"RAMO 4 - Sistema para el Desarrollo Integral de la Familia del Estado de Quintana Roo","robots":{"index":"index","follow":"follow","max-snippet":"max-snippet:-1","max-image-preview":"max-image-preview:large","max-video-preview":"max-video-preview:-1"},"canonical":"https:\/\/dif.qroo.gob.mx\/index.php\/ramo-4\/","og_locale":"es_MX","og_type":"article","og_title":"RAMO 4 - Sistema para el Desarrollo Integral de la Familia del Estado de Quintana Roo","og_description":"RAMO 4 2018 CONAVIM REFUGIO PARA MUJERES, Y EN SU CASO SUS HIJAS Y SUS HIJOS EN SITUACI\u00d3N DE VIOLENCIA EXTREMA DESCARGAR Convenio y Anexo T\u00e9cnico \u00a0Descargar Informe Bimestral y de Resultados, Agosto &#8211; Septiembre \u00a0Descargar Informe Bimestral y de Resultados, Octubre &#8211; Noviembre \u00a0Descargar Informe Bimestral y de Resultados, Diciembre \u00a0Descargar Evidencias \u00a0Ver CONAVIM ... Leer m\u00e1s","og_url":"https:\/\/dif.qroo.gob.mx\/index.php\/ramo-4\/","og_site_name":"Sistema para el Desarrollo Integral de la Familia del Estado de Quintana Roo","article_modified_time":"2024-08-29T20:46:39+00:00","twitter_card":"summary_large_image","twitter_misc":{"Tiempo de lectura":"1 minuto"},"schema":{"@context":"https:\/\/schema.org","@graph":[{"@type":"WebPage","@id":"https:\/\/dif.qroo.gob.mx\/index.php\/ramo-4\/","url":"https:\/\/dif.qroo.gob.mx\/index.php\/ramo-4\/","name":"RAMO 4 - Sistema para el Desarrollo Integral de la Familia del Estado de Quintana Roo","isPartOf":{"@id":"https:\/\/dif.qroo.gob.mx\/#website"},"datePublished":"2024-08-22T16:19:15+00:00","dateModified":"2024-08-29T20:46:39+00:00","breadcrumb":{"@id":"https:\/\/dif.qroo.gob.mx\/index.php\/ramo-4\/#breadcrumb"},"inLanguage":"es","potentialAction":[{"@type":"ReadAction","target":["https:\/\/dif.qroo.gob.mx\/index.php\/ramo-4\/"]}]},{"@type":"BreadcrumbList","@id":"https:\/\/dif.qroo.gob.mx\/index.php\/ramo-4\/#breadcrumb","itemListElement":[{"@type":"ListItem","position":1,"name":"Inicio","item":"https:\/\/dif.qroo.gob.mx\/"},{"@type":"ListItem","position":2,"name":"RAMO 4"}]},{"@type":"WebSite","@id":"https:\/\/dif.qroo.gob.mx\/#website","url":"https:\/\/dif.qroo.gob.mx\/","name":"Sistema para el Desarrollo Integral de la Familia del Estado de Quintana Roo","description":"DIF Quintana Roo","publisher":{"@id":"https:\/\/dif.qroo.gob.mx\/#organization"},"potentialAction":[{"@type":"SearchAction","target":{"@type":"EntryPoint","urlTemplate":"https:\/\/dif.qroo.gob.mx\/?s={search_term_string}"},"query-input":{"@type":"PropertyValueSpecification","valueRequired":true,"valueName":"search_term_string"}}],"inLanguage":"es"},{"@type":"Organization","@id":"https:\/\/dif.qroo.gob.mx\/#organization","name":"Sistema para el Desarrollo Integral de la Familia del Estado de Quintana Roo","url":"https:\/\/dif.qroo.gob.mx\/","logo":{"@type":"ImageObject","inLanguage":"es","@id":"https:\/\/dif.qroo.gob.mx\/#\/schema\/logo\/image\/","url":"https:\/\/dif.qroo.gob.mx\/wp-content\/uploads\/2024\/08\/cropped-logo_alargado_peque.png","contentUrl":"https:\/\/dif.qroo.gob.mx\/wp-content\/uploads\/2024\/08\/cropped-logo_alargado_peque.png","width":480,"height":248,"caption":"Sistema para el Desarrollo Integral de la Familia del Estado de Quintana Roo"},"image":{"@id":"https:\/\/dif.qroo.gob.mx\/#\/schema\/logo\/image\/"}}]}},"_links":{"self":[{"href":"https:\/\/dif.qroo.gob.mx\/index.php\/wp-json\/wp\/v2\/pages\/36789","targetHints":{"allow":["GET"]}}],"collection":[{"href":"https:\/\/dif.qroo.gob.mx\/index.php\/wp-json\/wp\/v2\/pages"}],"about":[{"href":"https:\/\/dif.qroo.gob.mx\/index.php\/wp-json\/wp\/v2\/types\/page"}],"author":[{"embeddable":true,"href":"https:\/\/dif.qroo.gob.mx\/index.php\/wp-json\/wp\/v2\/users\/4"}],"replies":[{"embeddable":true,"href":"https:\/\/dif.qroo.gob.mx\/index.php\/wp-json\/wp\/v2\/comments?post=36789"}],"version-history":[{"count":19,"href":"https:\/\/dif.qroo.gob.mx\/index.php\/wp-json\/wp\/v2\/pages\/36789\/revisions"}],"predecessor-version":[{"id":37803,"href":"https:\/\/dif.qroo.gob.mx\/index.php\/wp-json\/wp\/v2\/pages\/36789\/revisions\/37803"}],"wp:attachment":[{"href":"https:\/\/dif.qroo.gob.mx\/index.php\/wp-json\/wp\/v2\/media?parent=36789"}],"curies":[{"name":"wp","href":"https:\/\/api.w.org\/{rel}","templated":true}]}}