{"id":36773,"date":"2024-08-21T16:13:18","date_gmt":"2024-08-21T21:13:18","guid":{"rendered":"https:\/\/dif.qroo.gob.mx\/?page_id=36773"},"modified":"2024-08-21T16:13:20","modified_gmt":"2024-08-21T21:13:20","slug":"pronapred","status":"publish","type":"page","link":"https:\/\/dif.qroo.gob.mx\/index.php\/pronapred\/","title":{"rendered":"PRONAPRED"},"content":{"rendered":"\n<h2 align=\"center\"><strong>Antecedentes<\/strong><\/h2><br>\n<p>\n<div style=\"text-align: justify;\">\nComo acci\u00f3n de gobierno en el a\u00f1o 2013, el Presidente de la Rep\u00fablica plante\u00f3 la creaci\u00f3n del Programa Nacional de Prevenci\u00f3n del Delito con el objetivo de promover la paz y la disminuci\u00f3n de la violencia en nuestro pa\u00eds; hablar de prevenci\u00f3n social de la violencia y delincuencia es hablar de procesos de transformaci\u00f3n y fortalecimiento individual, familiar y comunitario que permiten la convivencia pac\u00edfica, la vigencia de los Derechos Humanos, mejorar las condiciones de seguridad y elevar la calidad de vida de las personas. Dicho Programa atender\u00e1 de manera urgente a 60 municipios, 5 demarcaciones territoriales en el Distrito Federal, 7 zonas metropolitanas y una zona conurbada del pa\u00eds entre los que se encuentran considerados los municipios de Benito Ju\u00e1rez, Oth\u00f3n P. Blanco y Solidaridad del Estado de Quintana Roo. EL PROGRAMA NACIONAL DE PREVENCI\u00d3N DEL DELITO (PRONAPRED) se centra en cinco objetivos: Incrementar la corresponsabilidad de la ciudadan\u00eda y actores sociales en la prevenci\u00f3n social mediante su participaci\u00f3n y desarrollo de competencias; Reducir la vulnerabilidad ante la violencia y la delincuencia de las poblaciones de atenci\u00f3n prioritaria; Generar entornos que favorezcan la convivencia y seguridad ciudadana; Fortalecer las capacidades institucionales para la seguridad ciudadana en los gobiernos municipales, delegacionales, estatales y federal; y, Asegurar la coordinaci\u00f3n entre las dependencias y entidades de la administraci\u00f3n federal para la implementaci\u00f3n de programas de prevenci\u00f3n social. Para su consecuci\u00f3n se determinaron 16 estrategias y 99 l\u00edneas de acci\u00f3n. De dicho programa surge El Proyecto para la Prevenci\u00f3n del Suicidio denominado UNIDOS POR LA VIDA para los 3 municipios seleccionados por el PRONAPRED. Con un trabajo coordinado entre el gobierno federal, el gobierno del estado, el dif estatal y los municipios a trav\u00e9s de sus sistemas de seguridad p\u00fablica y prevenci\u00f3n del delito con la participaci\u00f3n ciudadana.\n<\/p>\n<p>\n<div align=\"center\"><strong>Situaci\u00f3n Actual<\/strong><\/div><br>\n\nDe acuerdo a las cifras reportadas por la Secretar\u00eda del Gobernaci\u00f3n del Gobierno de la Rep\u00fablica, en los Municipios de Quintana Roo, Incluidos en el PRONAPRED, se registra una tasa alta de suicidios, con 147 casos en el a\u00f1o 2012 y 145 para el 2013 Cabe se\u00f1alar que estas cifras corresponden a los datos corroborados por las instancias oficiales, no obstante, existen otras circunstancias propiciadas por los suicidios y sus tentativas que dan pie a problem\u00e1ticas familiares y sociales que pueden derivar en conductas de riesgo para delinquir.\n\nBajo esta situaci\u00f3n, es conveniente se\u00f1alar, que la implementaci\u00f3n del PRONAPRED, en el Estado de Quintana Roo, pas\u00f3 de atender 5 pol\u00edgonos en 2 Municipios durante 2013, a 6 pol\u00edgonos en 3 municipios programados para el ejercicio 2014, en este sentido, el Programa en la Entidad ha tomado fuerza en la intervenci\u00f3n con proyectos nuevos y de continuaci\u00f3n para lograr impactos permanentes en la Entidad ha tomado fuerza en la intervenci\u00f3n con proyectos nuevos y de continuaci\u00f3n para lograr impactos permanentes en el Estado, y espec\u00edficamente, en la demarcaciones de atenci\u00f3n.\n<\/p>\n<p>\n<div align=\"center\"><strong>Servicios<\/strong><\/div><br>\n\nEfectuar talleres formativos, tanto a profesionales de la salud y la salud mental, como a otros agentes de cambio, y a la comunidad en general, en los que se capacite a grupos que puedan incidir en la prevenci\u00f3n del suicidio en 5 aspectos fundamentales: Importancia de la prevenci\u00f3n del suicidio, mitos y realidades del problema, factores de riesgo y se\u00f1ales de alerta, medidas de protecci\u00f3n a la persona en riesgo hasta su atenci\u00f3n profesional y servicios profesionales gratuitos con los que cuenta la comunidad.\n\nAdem\u00e1s se incluyen jornadas psicol\u00f3gicas, en coordinaci\u00f3n con otras instancias estatales y municipales, eventos recreativos y cine debate, respaldados por una campa\u00f1a de sensibilizaci\u00f3n, en un per\u00edodo de cinco meses en espacios p\u00fablicos como centro comunitario y de mediaci\u00f3n, centro de apoyo psicol\u00f3gico en Benito Ju\u00e1rez, Pol\u00edgono I, parques, h\u00e1bitat, o sedes alternas a \u00e9stos en los pol\u00edgonos uno y dos considerados en el ANEXO \u00daNICO DEL CONVENIO ESPEC\u00edFICO DE ADHESI\u00d3N PARA EL OTORGAMIENTO DE APOYOS A LAS ENTIDADES FEDERATIVAS EN EL MARCO DEL PROGRAMA NACIONAL DE PREVENCI\u00d3N DEL DELITO pertenecientes al Municipio de Benito Ju\u00e1rez, Quintana Roo, con el fin de propiciar la participaci\u00f3n ciudadana, as\u00ed como reducir la inseguridad y prevenir la violencia.\n<\/p>\n<p>\n<div align=\"center\"><strong>Objeto del Servicio<\/strong><\/div><br>\n\nSensibilizar y capacitar a la sociedad en el tema de prevenci\u00f3n del suicidio, partiendo del principio de que dicha prevenci\u00f3n es y debe ser tarea de todas y todos, combatiendo los mitos del fen\u00f3meno, conociendo los factores de riesgo y de protecci\u00f3n y tomando las medidas necesarias para detectar a personas en riesgo y acercarlas a los servicios especializados para su debida atenci\u00f3n.\n<\/p>\n<p>\nA PARTIR DEL D\u00cdA 8 DE SEPTIEMBRE DE 2014, SE INICIARON LAS ACCIONES EN EL POL\u00cdGONO I DE BENITO JU\u00c1REZ QUE COMPRENDE LA REGI\u00d3N 95, con actividades como: pl\u00e1ticas, conferencias, eventos recreativos, jornadas psicol\u00f3gicas, cine debate; sin olvidar la capacitaci\u00f3n a psic\u00f3logos\/as trabajadores sociales, y dem\u00e1s personal operativo.\n<\/p>\nPara ello se trabaja y se trabajar\u00e1 en los diferentes municipios en espacios p\u00fablicos como:\n<p style=\"padding-left: 40px;\">Centros comunitarios\nCentro de apoyo psicol\u00f3gico\nPlazas y parques p\u00fablicos\nAuditorios\nEscuelas\nCasas habitaci\u00f3n,<\/p>\nEstas acciones est\u00e1n apoyadas por un campa\u00f1a de comunicaci\u00f3n que consta de espectaculares, tr\u00edpticos, tarjetas de ayuda, directorios m\u00e9dicos, camisetas, cilindros, posters, gorras, libretas, pulseras.\n\n<\/div>\n","protected":false},"excerpt":{"rendered":"<p>Antecedentes Como acci\u00f3n de gobierno en el a\u00f1o 2013, el Presidente de la Rep\u00fablica plante\u00f3 la creaci\u00f3n del Programa Nacional de Prevenci\u00f3n del Delito con el objetivo de promover la paz y la disminuci\u00f3n de la violencia en nuestro pa\u00eds; hablar de prevenci\u00f3n social de la violencia y delincuencia es hablar de procesos de transformaci\u00f3n &#8230; <a title=\"PRONAPRED\" class=\"read-more\" href=\"https:\/\/dif.qroo.gob.mx\/index.php\/pronapred\/\" aria-label=\"Leer m\u00e1s sobre PRONAPRED\">Leer m\u00e1s<\/a><\/p>\n","protected":false},"author":4,"featured_media":0,"parent":0,"menu_order":0,"comment_status":"closed","ping_status":"closed","template":"","meta":{"footnotes":""},"class_list":["post-36773","page","type-page","status-publish"],"yoast_head":"<!-- This site is optimized with the Yoast SEO plugin v27.5 - https:\/\/yoast.com\/product\/yoast-seo-wordpress\/ -->\n<title>PRONAPRED - Sistema para el Desarrollo Integral de la Familia del Estado de Quintana Roo<\/title>\n<meta name=\"robots\" content=\"index, follow, max-snippet:-1, max-image-preview:large, max-video-preview:-1\" \/>\n<link rel=\"canonical\" href=\"https:\/\/dif.qroo.gob.mx\/index.php\/pronapred\/\" \/>\n<meta property=\"og:locale\" content=\"es_MX\" \/>\n<meta property=\"og:type\" content=\"article\" \/>\n<meta property=\"og:title\" content=\"PRONAPRED - Sistema para el Desarrollo Integral de la Familia del Estado de Quintana Roo\" \/>\n<meta property=\"og:description\" content=\"Antecedentes Como acci\u00f3n de gobierno en el a\u00f1o 2013, el Presidente de la Rep\u00fablica plante\u00f3 la creaci\u00f3n del Programa Nacional de Prevenci\u00f3n del Delito con el objetivo de promover la paz y la disminuci\u00f3n de la violencia en nuestro pa\u00eds; hablar de prevenci\u00f3n social de la violencia y delincuencia es hablar de procesos de transformaci\u00f3n ... Leer m\u00e1s\" \/>\n<meta property=\"og:url\" content=\"https:\/\/dif.qroo.gob.mx\/index.php\/pronapred\/\" \/>\n<meta property=\"og:site_name\" content=\"Sistema para el Desarrollo Integral de la Familia del Estado de Quintana Roo\" \/>\n<meta property=\"article:modified_time\" content=\"2024-08-21T21:13:20+00:00\" \/>\n<meta name=\"twitter:card\" content=\"summary_large_image\" \/>\n<meta name=\"twitter:label1\" content=\"Tiempo de lectura\" \/>\n\t<meta name=\"twitter:data1\" content=\"4 minutos\" \/>\n<script type=\"application\/ld+json\" class=\"yoast-schema-graph\">{\"@context\":\"https:\\\/\\\/schema.org\",\"@graph\":[{\"@type\":\"WebPage\",\"@id\":\"https:\\\/\\\/dif.qroo.gob.mx\\\/index.php\\\/pronapred\\\/\",\"url\":\"https:\\\/\\\/dif.qroo.gob.mx\\\/index.php\\\/pronapred\\\/\",\"name\":\"PRONAPRED - Sistema para el Desarrollo Integral de la Familia del Estado de Quintana Roo\",\"isPartOf\":{\"@id\":\"https:\\\/\\\/dif.qroo.gob.mx\\\/#website\"},\"datePublished\":\"2024-08-21T21:13:18+00:00\",\"dateModified\":\"2024-08-21T21:13:20+00:00\",\"breadcrumb\":{\"@id\":\"https:\\\/\\\/dif.qroo.gob.mx\\\/index.php\\\/pronapred\\\/#breadcrumb\"},\"inLanguage\":\"es\",\"potentialAction\":[{\"@type\":\"ReadAction\",\"target\":[\"https:\\\/\\\/dif.qroo.gob.mx\\\/index.php\\\/pronapred\\\/\"]}]},{\"@type\":\"BreadcrumbList\",\"@id\":\"https:\\\/\\\/dif.qroo.gob.mx\\\/index.php\\\/pronapred\\\/#breadcrumb\",\"itemListElement\":[{\"@type\":\"ListItem\",\"position\":1,\"name\":\"Inicio\",\"item\":\"https:\\\/\\\/dif.qroo.gob.mx\\\/\"},{\"@type\":\"ListItem\",\"position\":2,\"name\":\"PRONAPRED\"}]},{\"@type\":\"WebSite\",\"@id\":\"https:\\\/\\\/dif.qroo.gob.mx\\\/#website\",\"url\":\"https:\\\/\\\/dif.qroo.gob.mx\\\/\",\"name\":\"Sistema para el Desarrollo Integral de la Familia del Estado de Quintana Roo\",\"description\":\"DIF Quintana Roo\",\"publisher\":{\"@id\":\"https:\\\/\\\/dif.qroo.gob.mx\\\/#organization\"},\"potentialAction\":[{\"@type\":\"SearchAction\",\"target\":{\"@type\":\"EntryPoint\",\"urlTemplate\":\"https:\\\/\\\/dif.qroo.gob.mx\\\/?s={search_term_string}\"},\"query-input\":{\"@type\":\"PropertyValueSpecification\",\"valueRequired\":true,\"valueName\":\"search_term_string\"}}],\"inLanguage\":\"es\"},{\"@type\":\"Organization\",\"@id\":\"https:\\\/\\\/dif.qroo.gob.mx\\\/#organization\",\"name\":\"Sistema para el Desarrollo Integral de la Familia del Estado de Quintana Roo\",\"url\":\"https:\\\/\\\/dif.qroo.gob.mx\\\/\",\"logo\":{\"@type\":\"ImageObject\",\"inLanguage\":\"es\",\"@id\":\"https:\\\/\\\/dif.qroo.gob.mx\\\/#\\\/schema\\\/logo\\\/image\\\/\",\"url\":\"https:\\\/\\\/dif.qroo.gob.mx\\\/wp-content\\\/uploads\\\/2024\\\/08\\\/cropped-logo_alargado_peque.png\",\"contentUrl\":\"https:\\\/\\\/dif.qroo.gob.mx\\\/wp-content\\\/uploads\\\/2024\\\/08\\\/cropped-logo_alargado_peque.png\",\"width\":480,\"height\":248,\"caption\":\"Sistema para el Desarrollo Integral de la Familia del Estado de Quintana Roo\"},\"image\":{\"@id\":\"https:\\\/\\\/dif.qroo.gob.mx\\\/#\\\/schema\\\/logo\\\/image\\\/\"}}]}<\/script>\n<!-- \/ Yoast SEO plugin. -->","yoast_head_json":{"title":"PRONAPRED - Sistema para el Desarrollo Integral de la Familia del Estado de Quintana Roo","robots":{"index":"index","follow":"follow","max-snippet":"max-snippet:-1","max-image-preview":"max-image-preview:large","max-video-preview":"max-video-preview:-1"},"canonical":"https:\/\/dif.qroo.gob.mx\/index.php\/pronapred\/","og_locale":"es_MX","og_type":"article","og_title":"PRONAPRED - Sistema para el Desarrollo Integral de la Familia del Estado de Quintana Roo","og_description":"Antecedentes Como acci\u00f3n de gobierno en el a\u00f1o 2013, el Presidente de la Rep\u00fablica plante\u00f3 la creaci\u00f3n del Programa Nacional de Prevenci\u00f3n del Delito con el objetivo de promover la paz y la disminuci\u00f3n de la violencia en nuestro pa\u00eds; hablar de prevenci\u00f3n social de la violencia y delincuencia es hablar de procesos de transformaci\u00f3n ... Leer m\u00e1s","og_url":"https:\/\/dif.qroo.gob.mx\/index.php\/pronapred\/","og_site_name":"Sistema para el Desarrollo Integral de la Familia del Estado de Quintana Roo","article_modified_time":"2024-08-21T21:13:20+00:00","twitter_card":"summary_large_image","twitter_misc":{"Tiempo de lectura":"4 minutos"},"schema":{"@context":"https:\/\/schema.org","@graph":[{"@type":"WebPage","@id":"https:\/\/dif.qroo.gob.mx\/index.php\/pronapred\/","url":"https:\/\/dif.qroo.gob.mx\/index.php\/pronapred\/","name":"PRONAPRED - Sistema para el Desarrollo Integral de la Familia del Estado de Quintana Roo","isPartOf":{"@id":"https:\/\/dif.qroo.gob.mx\/#website"},"datePublished":"2024-08-21T21:13:18+00:00","dateModified":"2024-08-21T21:13:20+00:00","breadcrumb":{"@id":"https:\/\/dif.qroo.gob.mx\/index.php\/pronapred\/#breadcrumb"},"inLanguage":"es","potentialAction":[{"@type":"ReadAction","target":["https:\/\/dif.qroo.gob.mx\/index.php\/pronapred\/"]}]},{"@type":"BreadcrumbList","@id":"https:\/\/dif.qroo.gob.mx\/index.php\/pronapred\/#breadcrumb","itemListElement":[{"@type":"ListItem","position":1,"name":"Inicio","item":"https:\/\/dif.qroo.gob.mx\/"},{"@type":"ListItem","position":2,"name":"PRONAPRED"}]},{"@type":"WebSite","@id":"https:\/\/dif.qroo.gob.mx\/#website","url":"https:\/\/dif.qroo.gob.mx\/","name":"Sistema para el Desarrollo Integral de la Familia del Estado de Quintana Roo","description":"DIF Quintana Roo","publisher":{"@id":"https:\/\/dif.qroo.gob.mx\/#organization"},"potentialAction":[{"@type":"SearchAction","target":{"@type":"EntryPoint","urlTemplate":"https:\/\/dif.qroo.gob.mx\/?s={search_term_string}"},"query-input":{"@type":"PropertyValueSpecification","valueRequired":true,"valueName":"search_term_string"}}],"inLanguage":"es"},{"@type":"Organization","@id":"https:\/\/dif.qroo.gob.mx\/#organization","name":"Sistema para el Desarrollo Integral de la Familia del Estado de Quintana Roo","url":"https:\/\/dif.qroo.gob.mx\/","logo":{"@type":"ImageObject","inLanguage":"es","@id":"https:\/\/dif.qroo.gob.mx\/#\/schema\/logo\/image\/","url":"https:\/\/dif.qroo.gob.mx\/wp-content\/uploads\/2024\/08\/cropped-logo_alargado_peque.png","contentUrl":"https:\/\/dif.qroo.gob.mx\/wp-content\/uploads\/2024\/08\/cropped-logo_alargado_peque.png","width":480,"height":248,"caption":"Sistema para el Desarrollo Integral de la Familia del Estado de Quintana Roo"},"image":{"@id":"https:\/\/dif.qroo.gob.mx\/#\/schema\/logo\/image\/"}}]}},"_links":{"self":[{"href":"https:\/\/dif.qroo.gob.mx\/index.php\/wp-json\/wp\/v2\/pages\/36773","targetHints":{"allow":["GET"]}}],"collection":[{"href":"https:\/\/dif.qroo.gob.mx\/index.php\/wp-json\/wp\/v2\/pages"}],"about":[{"href":"https:\/\/dif.qroo.gob.mx\/index.php\/wp-json\/wp\/v2\/types\/page"}],"author":[{"embeddable":true,"href":"https:\/\/dif.qroo.gob.mx\/index.php\/wp-json\/wp\/v2\/users\/4"}],"replies":[{"embeddable":true,"href":"https:\/\/dif.qroo.gob.mx\/index.php\/wp-json\/wp\/v2\/comments?post=36773"}],"version-history":[{"count":1,"href":"https:\/\/dif.qroo.gob.mx\/index.php\/wp-json\/wp\/v2\/pages\/36773\/revisions"}],"predecessor-version":[{"id":36774,"href":"https:\/\/dif.qroo.gob.mx\/index.php\/wp-json\/wp\/v2\/pages\/36773\/revisions\/36774"}],"wp:attachment":[{"href":"https:\/\/dif.qroo.gob.mx\/index.php\/wp-json\/wp\/v2\/media?parent=36773"}],"curies":[{"name":"wp","href":"https:\/\/api.w.org\/{rel}","templated":true}]}}